{"id":15,"date":"2023-11-27T23:22:34","date_gmt":"2023-11-27T23:22:34","guid":{"rendered":"https:\/\/ghostbusters-slots.com\/?page_id=15"},"modified":"2024-06-11T22:06:37","modified_gmt":"2024-06-11T22:06:37","slug":"play-ghostbusters-online-casino","status":"publish","type":"page","link":"https:\/\/ghostbusters-slots.com\/es\/play-ghostbusters-online-casino\/","title":{"rendered":"Juega en Casinos en L\u00ednea y Sum\u00e9rgete en el Mundo de \u00abGhostbusters\u00bb"},"content":{"rendered":"<p>\u00a1Bienvenido al emocionante mundo de los casinos en l\u00ednea, donde la emoci\u00f3n se encuentra con una jugabilidad cautivadora! Si est\u00e1s listo para experimentar la emoci\u00f3n y la oportunidad de ganar grandes premios, entonces \u00abGhostbusters\u00bb es tu puerta de entrada al mundo de la caza de fantasmas. Perm\u00edtenos decirte c\u00f3mo comenzar tu aventura en el juego ahora mismo.<\/p>\n<h2>\u00bfPor qu\u00e9 Registrarse en un Casino en L\u00ednea?<\/h2>\n<p>Registrarse en un casino en l\u00ednea es el primer y crucial paso hacia el incre\u00edble mundo del entretenimiento del juego. Abre las puertas a una gran cantidad de juegos, bonificaciones y emocionantes promociones. Los jugadores registrados obtienen acceso a una amplia gama de juegos, incluido el famoso \u00abGhostbusters\u00bb, as\u00ed como muchas bonificaciones y oportunidades de ganar.<\/p>\n<h2>Juega \u00abGhostbusters\u00bb Gratis<\/h2>\n<p>Antes de sumergirte en la emoci\u00f3n del juego con dinero real, puedes probar \u00abGhostbusters\u00bb en modo de juego gratuito. Esta es una excelente manera de familiarizarte con las reglas, caracter\u00edsticas y atm\u00f3sfera de la tragamonedas sin arriesgar tu dinero. En los casinos en l\u00ednea, puedes cambiar f\u00e1cilmente entre modos, eligiendo el que se adapte a tu estado de \u00e1nimo, ya sea la emocionante caza de fantasmas o simplemente relajarte girando los carretes.<\/p>\n<h2>M\u00e9todos de Registro<\/h2>\n<p>El proceso de registro en un casino en l\u00ednea suele ser simple y no lleva mucho tiempo. Deber\u00e1s proporcionar informaci\u00f3n b\u00e1sica como tu nombre, correo electr\u00f3nico y fecha de nacimiento. Algunos casinos pueden requerir datos adicionales para confirmar tu identidad y seguridad. Despu\u00e9s de un registro exitoso, recibir\u00e1s una cuenta \u00fanica que ser\u00e1 tu llave al mundo virtual del juego.<\/p>\n<h2>M\u00e9todos de Dep\u00f3sito<\/h2>\n<p>Para disfrutar del juego con dinero real y tener la oportunidad de ganar grandes premios, debes hacer un dep\u00f3sito en tu cuenta. Los casinos en l\u00ednea ofrecen varios m\u00e9todos de dep\u00f3sito para hacer este proceso conveniente y seguro para cada jugador.<\/p>\n<h3><strong>a. Tarjetas de Cr\u00e9dito y Monederos Electr\u00f3nicos:<\/strong><\/h3>\n<p>Muchos casinos aceptan pagos con tarjetas de cr\u00e9dito (Visa, MasterCard) y monederos electr\u00f3nicos (Neteller, Skrill). Estos m\u00e9todos garantizan transacciones r\u00e1pidas y seguras.<\/p>\n<h3><strong>b. Transferencias Bancarias:<\/strong><\/h3>\n<p>Algunos jugadores prefieren realizar dep\u00f3sitos a trav\u00e9s de transferencias bancarias. Este m\u00e9todo puede llevar m\u00e1s tiempo, pero generalmente proporciona el m\u00e1s alto nivel de seguridad.<\/p>\n<h3><strong>c. Criptomonedas:<\/strong><\/h3>\n<p>En algunos casinos en l\u00ednea modernos, puedes utilizar criptomonedas (como Bitcoin) para realizar dep\u00f3sitos. Esto proporciona un alto nivel de anonimato y acelera el proceso de transacci\u00f3n.<\/p>\n<p>Elige el m\u00e9todo de dep\u00f3sito que mejor se adapte a ti, siguiendo las instrucciones en el sitio web del casino.<\/p>\n<h2>M\u00e9todos de Retiro<\/h2>\n<p>Cuando llega el momento de ganar, quieres asegurarte de poder retirar tu dinero de manera f\u00e1cil y segura. Los casinos en l\u00ednea suelen ofrecer varios m\u00e9todos de retiro:<\/p>\n<h3><strong>a. Tarjetas de Cr\u00e9dito:<\/strong><\/h3>\n<p>Las tarjetas de cr\u00e9dito suelen utilizarse para retirar ganancias. Simplemente especifica la cantidad deseada y se transferir\u00e1 a tu tarjeta.<\/p>\n<h3><strong>b. Monederos Electr\u00f3nicos:<\/strong><\/h3>\n<p>Monederos electr\u00f3nicos como Neteller y Skrill proporcionan m\u00e9todos de retiro r\u00e1pidos y convenientes.<\/p>\n<h3><strong>c. Transferencias Bancarias:<\/strong><\/h3>\n<p>Algunos jugadores prefieren las transferencias bancarias para retirar sumas grandes. Este m\u00e9todo puede llevar m\u00e1s tiempo, pero garantiza la seguridad de la transacci\u00f3n.<\/p>\n<h3><strong>d. Criptomonedas:<\/strong><\/h3>\n<p>Si utilizaste criptomonedas para depositar, a menudo puedes elegirlas tambi\u00e9n para retirar tus ganancias.<\/p>\n<p>Elige el m\u00e9todo de retiro adecuado, considerando tus preferencias y comodidad.<\/p>\n<h2>Conclusi\u00f3n<\/h2>\n<p>Ahora que te has registrado en un casino en l\u00ednea, probado \u00abGhostbusters\u00bb en modo gratuito y realizado un dep\u00f3sito, est\u00e1s listo para una emocionante aventura en el mundo del entretenimiento del juego. Recuerda jugar de manera responsable, mantener un ojo en tu bankroll y disfrutar de los emocionantes momentos que \u00abGhostbusters\u00bb ha preparado para ti. \u00a1Buena suerte en los carretes!<\/p>\n","protected":false},"excerpt":{"rendered":"<p>\u00a1Bienvenido al emocionante mundo de los casinos en l\u00ednea, donde la emoci\u00f3n se encuentra con una jugabilidad cautivadora! Si est\u00e1s listo para experimentar la emoci\u00f3n y la oportunidad de ganar grandes premios, entonces \u00abGhostbusters\u00bb es tu puerta de entrada al mundo de la caza de fantasmas. Perm\u00edtenos decirte c\u00f3mo comenzar tu aventura en el juego [&hellip;]<\/p>\n","protected":false},"author":1,"featured_media":0,"parent":0,"menu_order":0,"comment_status":"closed","ping_status":"closed","template":"templates\/template-page-full-width.php","meta":{"footnotes":""},"class_list":["post-15","page","type-page","status-publish","hentry"],"yoast_head":"<!-- This site is optimized with the Yoast SEO plugin v27.2 - https:\/\/yoast.com\/product\/yoast-seo-wordpress\/ -->\n<title>Juega en el casino en l\u00ednea con Ghostbusters: emoci\u00f3n y fantasmas emocionantes<\/title>\n<meta name=\"description\" content=\"Reg\u00edstrate en el casino en l\u00ednea, juega a Ghostbusters gratis y gana premios reales. \u00a1Aprende sobre m\u00e9todos de dep\u00f3sito y retiro ahora mismo!\" \/>\n<meta name=\"robots\" content=\"index, follow, max-snippet:-1, max-image-preview:large, max-video-preview:-1\" \/>\n<link rel=\"canonical\" href=\"https:\/\/ghostbusters-slots.com\/es\/play-ghostbusters-online-casino\/\" \/>\n<meta property=\"og:locale\" content=\"es_ES\" \/>\n<meta property=\"og:locale:alternate\" content=\"ru_RU\" \/>\n<meta property=\"og:locale:alternate\" content=\"en_US\" \/>\n<meta property=\"og:locale:alternate\" content=\"pt_PT\" \/>\n<meta property=\"og:locale:alternate\" content=\"fr_FR\" \/>\n<meta property=\"og:locale:alternate\" content=\"de_DE\" \/>\n<meta property=\"og:locale:alternate\" content=\"ro_RO\" \/>\n<meta property=\"og:locale:alternate\" content=\"sr_RS\" \/>\n<meta property=\"og:locale:alternate\" content=\"bg_BG\" \/>\n<meta property=\"og:locale:alternate\" content=\"pl_PL\" \/>\n<meta property=\"og:locale:alternate\" content=\"it_IT\" \/>\n<meta property=\"og:type\" content=\"article\" \/>\n<meta property=\"og:title\" content=\"Juega en el casino en l\u00ednea con Ghostbusters: emoci\u00f3n y fantasmas emocionantes\" \/>\n<meta property=\"og:description\" content=\"Reg\u00edstrate en el casino en l\u00ednea, juega a Ghostbusters gratis y gana premios reales. \u00a1Aprende sobre m\u00e9todos de dep\u00f3sito y retiro ahora mismo!\" \/>\n<meta property=\"og:url\" content=\"https:\/\/ghostbusters-slots.com\/es\/play-ghostbusters-online-casino\/\" \/>\n<meta property=\"og:site_name\" content=\"Ghostbusters Slot\" \/>\n<meta property=\"article:modified_time\" content=\"2024-06-11T22:06:37+00:00\" \/>\n<meta name=\"twitter:card\" content=\"summary_large_image\" \/>\n<meta name=\"twitter:label1\" content=\"Tiempo de lectura\" \/>\n\t<meta name=\"twitter:data1\" content=\"26 minutos\" \/>\n<script type=\"application\/ld+json\" class=\"yoast-schema-graph\">{\"@context\":\"https:\/\/schema.org\",\"@graph\":[{\"@type\":\"WebPage\",\"@id\":\"https:\/\/ghostbusters-slots.com\/es\/play-ghostbusters-online-casino\/\",\"url\":\"https:\/\/ghostbusters-slots.com\/es\/play-ghostbusters-online-casino\/\",\"name\":\"Juega en el casino en l\u00ednea con Ghostbusters: emoci\u00f3n y fantasmas emocionantes\",\"isPartOf\":{\"@id\":\"https:\/\/ghostbusters-slots.com\/#website\"},\"datePublished\":\"2023-11-27T23:22:34+00:00\",\"dateModified\":\"2024-06-11T22:06:37+00:00\",\"description\":\"Reg\u00edstrate en el casino en l\u00ednea, juega a Ghostbusters gratis y gana premios reales. \u00a1Aprende sobre m\u00e9todos de dep\u00f3sito y retiro ahora mismo!\",\"breadcrumb\":{\"@id\":\"https:\/\/ghostbusters-slots.com\/es\/play-ghostbusters-online-casino\/#breadcrumb\"},\"inLanguage\":\"es-ES\",\"potentialAction\":[{\"@type\":\"ReadAction\",\"target\":[\"https:\/\/ghostbusters-slots.com\/es\/play-ghostbusters-online-casino\/\"]}]},{\"@type\":\"BreadcrumbList\",\"@id\":\"https:\/\/ghostbusters-slots.com\/es\/play-ghostbusters-online-casino\/#breadcrumb\",\"itemListElement\":[{\"@type\":\"ListItem\",\"position\":1,\"name\":\"Home\",\"item\":\"https:\/\/ghostbusters-slots.com\/\"},{\"@type\":\"ListItem\",\"position\":2,\"name\":\"Juega en Casinos en L\u00ednea y Sum\u00e9rgete en el Mundo de \u00abGhostbusters\u00bb\"}]},{\"@type\":\"WebSite\",\"@id\":\"https:\/\/ghostbusters-slots.com\/#website\",\"url\":\"https:\/\/ghostbusters-slots.com\/\",\"name\":\"Ghostbusters Slot\",\"description\":\"\",\"publisher\":{\"@id\":\"https:\/\/ghostbusters-slots.com\/#organization\"},\"potentialAction\":[{\"@type\":\"SearchAction\",\"target\":{\"@type\":\"EntryPoint\",\"urlTemplate\":\"https:\/\/ghostbusters-slots.com\/?s={search_term_string}\"},\"query-input\":{\"@type\":\"PropertyValueSpecification\",\"valueRequired\":true,\"valueName\":\"search_term_string\"}}],\"inLanguage\":\"es-ES\"},{\"@type\":\"Organization\",\"@id\":\"https:\/\/ghostbusters-slots.com\/#organization\",\"name\":\"Ghostbusters Slot\",\"url\":\"https:\/\/ghostbusters-slots.com\/\",\"logo\":{\"@type\":\"ImageObject\",\"inLanguage\":\"es-ES\",\"@id\":\"https:\/\/ghostbusters-slots.com\/#\/schema\/logo\/image\/\",\"url\":\"https:\/\/ghostbusters-slots.com\/wp-content\/uploads\/ghostbusters-movie-png-logo-1-e1701219327849.png\",\"contentUrl\":\"https:\/\/ghostbusters-slots.com\/wp-content\/uploads\/ghostbusters-movie-png-logo-1-e1701219327849.png\",\"width\":800,\"height\":200,\"caption\":\"Ghostbusters Slot\"},\"image\":{\"@id\":\"https:\/\/ghostbusters-slots.com\/#\/schema\/logo\/image\/\"}}]}<\/script>\n<!-- \/ Yoast SEO plugin. -->","yoast_head_json":{"title":"Juega en el casino en l\u00ednea con Ghostbusters: emoci\u00f3n y fantasmas emocionantes","description":"Reg\u00edstrate en el casino en l\u00ednea, juega a Ghostbusters gratis y gana premios reales. \u00a1Aprende sobre m\u00e9todos de dep\u00f3sito y retiro ahora mismo!","robots":{"index":"index","follow":"follow","max-snippet":"max-snippet:-1","max-image-preview":"max-image-preview:large","max-video-preview":"max-video-preview:-1"},"canonical":"https:\/\/ghostbusters-slots.com\/es\/play-ghostbusters-online-casino\/","og_locale":"es_ES","og_type":"article","og_title":"Juega en el casino en l\u00ednea con Ghostbusters: emoci\u00f3n y fantasmas emocionantes","og_description":"Reg\u00edstrate en el casino en l\u00ednea, juega a Ghostbusters gratis y gana premios reales. \u00a1Aprende sobre m\u00e9todos de dep\u00f3sito y retiro ahora mismo!","og_url":"https:\/\/ghostbusters-slots.com\/es\/play-ghostbusters-online-casino\/","og_site_name":"Ghostbusters Slot","article_modified_time":"2024-06-11T22:06:37+00:00","twitter_card":"summary_large_image","twitter_misc":{"Tiempo de lectura":"26 minutos"},"schema":{"@context":"https:\/\/schema.org","@graph":[{"@type":"WebPage","@id":"https:\/\/ghostbusters-slots.com\/es\/play-ghostbusters-online-casino\/","url":"https:\/\/ghostbusters-slots.com\/es\/play-ghostbusters-online-casino\/","name":"Juega en el casino en l\u00ednea con Ghostbusters: emoci\u00f3n y fantasmas emocionantes","isPartOf":{"@id":"https:\/\/ghostbusters-slots.com\/#website"},"datePublished":"2023-11-27T23:22:34+00:00","dateModified":"2024-06-11T22:06:37+00:00","description":"Reg\u00edstrate en el casino en l\u00ednea, juega a Ghostbusters gratis y gana premios reales. \u00a1Aprende sobre m\u00e9todos de dep\u00f3sito y retiro ahora mismo!","breadcrumb":{"@id":"https:\/\/ghostbusters-slots.com\/es\/play-ghostbusters-online-casino\/#breadcrumb"},"inLanguage":"es-ES","potentialAction":[{"@type":"ReadAction","target":["https:\/\/ghostbusters-slots.com\/es\/play-ghostbusters-online-casino\/"]}]},{"@type":"BreadcrumbList","@id":"https:\/\/ghostbusters-slots.com\/es\/play-ghostbusters-online-casino\/#breadcrumb","itemListElement":[{"@type":"ListItem","position":1,"name":"Home","item":"https:\/\/ghostbusters-slots.com\/"},{"@type":"ListItem","position":2,"name":"Juega en Casinos en L\u00ednea y Sum\u00e9rgete en el Mundo de \u00abGhostbusters\u00bb"}]},{"@type":"WebSite","@id":"https:\/\/ghostbusters-slots.com\/#website","url":"https:\/\/ghostbusters-slots.com\/","name":"Ghostbusters Slot","description":"","publisher":{"@id":"https:\/\/ghostbusters-slots.com\/#organization"},"potentialAction":[{"@type":"SearchAction","target":{"@type":"EntryPoint","urlTemplate":"https:\/\/ghostbusters-slots.com\/?s={search_term_string}"},"query-input":{"@type":"PropertyValueSpecification","valueRequired":true,"valueName":"search_term_string"}}],"inLanguage":"es-ES"},{"@type":"Organization","@id":"https:\/\/ghostbusters-slots.com\/#organization","name":"Ghostbusters Slot","url":"https:\/\/ghostbusters-slots.com\/","logo":{"@type":"ImageObject","inLanguage":"es-ES","@id":"https:\/\/ghostbusters-slots.com\/#\/schema\/logo\/image\/","url":"https:\/\/ghostbusters-slots.com\/wp-content\/uploads\/ghostbusters-movie-png-logo-1-e1701219327849.png","contentUrl":"https:\/\/ghostbusters-slots.com\/wp-content\/uploads\/ghostbusters-movie-png-logo-1-e1701219327849.png","width":800,"height":200,"caption":"Ghostbusters Slot"},"image":{"@id":"https:\/\/ghostbusters-slots.com\/#\/schema\/logo\/image\/"}}]}},"_links":{"self":[{"href":"https:\/\/ghostbusters-slots.com\/es\/wp-json\/wp\/v2\/pages\/15","targetHints":{"allow":["GET"]}}],"collection":[{"href":"https:\/\/ghostbusters-slots.com\/es\/wp-json\/wp\/v2\/pages"}],"about":[{"href":"https:\/\/ghostbusters-slots.com\/es\/wp-json\/wp\/v2\/types\/page"}],"author":[{"embeddable":true,"href":"https:\/\/ghostbusters-slots.com\/es\/wp-json\/wp\/v2\/users\/1"}],"replies":[{"embeddable":true,"href":"https:\/\/ghostbusters-slots.com\/es\/wp-json\/wp\/v2\/comments?post=15"}],"version-history":[{"count":22,"href":"https:\/\/ghostbusters-slots.com\/es\/wp-json\/wp\/v2\/pages\/15\/revisions"}],"predecessor-version":[{"id":173,"href":"https:\/\/ghostbusters-slots.com\/es\/wp-json\/wp\/v2\/pages\/15\/revisions\/173"}],"wp:attachment":[{"href":"https:\/\/ghostbusters-slots.com\/es\/wp-json\/wp\/v2\/media?parent=15"}],"curies":[{"name":"wp","href":"https:\/\/api.w.org\/{rel}","templated":true}]}}