{"id":17,"date":"2023-11-27T23:25:44","date_gmt":"2023-11-27T23:25:44","guid":{"rendered":"https:\/\/ghostbusters-slots.com\/?page_id=17"},"modified":"2024-06-11T22:14:00","modified_gmt":"2024-06-11T22:14:00","slug":"about-us","status":"publish","type":"page","link":"https:\/\/ghostbusters-slots.com\/es\/about-us\/","title":{"rendered":"Sobre Nosotros: Revelando los Misterios del Juego \u00abGhostbusters\u00bb"},"content":{"rendered":"<p>\u00a1Bienvenido a nuestra p\u00e1gina \u00abSobre nosotros\u00bb! Somos un equipo de entusiastas cuyo objetivo es descubrir todos los misterios y la magnificencia del juego \u00abGhostbusters\u00bb. Nuestra pasi\u00f3n por los juegos nos ha llevado a crear este espacio donde encontrar\u00e1s toda la informaci\u00f3n necesaria sobre tu juego favorito.<\/p>\n<h2>Nuestros valores<\/h2>\n<p>Nos esforzamos por brindarte la informaci\u00f3n m\u00e1s precisa y \u00fatil sobre \u00abGhostbusters\u00bb. Nuestro equipo recopila materiales exclusivos, analiza las reglas del juego, explora las rondas de bonificaci\u00f3n y se mantiene actualizado sobre los \u00faltimos desarrollos.<\/p>\n<h2>Lo que ofrecemos<\/h2>\n<ul>\n<li><strong>An\u00e1lisis profundo del juego:<\/strong> Desglosamos cada aspecto de \u00abGhostbusters\u00bb, desde los s\u00edmbolos hasta las estrategias de juego. Nuestras rese\u00f1as ofrecen una imagen completa para que puedas tomar decisiones informadas.<\/li>\n<li><strong>\u00daltimas noticias:<\/strong> Mantente atento a nuestras actualizaciones para estar informado sobre las \u00faltimas noticias y eventos en el mundo de \u00abGhostbusters\u00bb. Te informaremos sobre bonos frescos, torneos y nuevas versiones del juego.<\/li>\n<li><strong>Consejos y estrategias:<\/strong> Aprende estrategias de juego efectivas y consejos de jugadores experimentados. Compartimos las mejores pr\u00e1cticas para ayudarte a mejorar tu experiencia de juego.<\/li>\n<li><strong>Respuestas a preguntas:<\/strong> En la secci\u00f3n de \u00abPreguntas frecuentes\u00bb, encontrar\u00e1s respuestas a consultas comunes sobre el juego. Hacemos todo lo posible para simplificar tu camino hacia las victorias espectrales.<\/li>\n<\/ul>\n<h2>Nuestra misi\u00f3n<\/h2>\n<p>Nuestra misi\u00f3n es crear un espacio donde cada jugador pueda encontrar inspiraci\u00f3n, apoyo y, lo m\u00e1s importante, una experiencia de juego emocionante en \u00abGhostbusters\u00bb. Creemos que todos deber\u00edan tener acceso a informaci\u00f3n de calidad para jugar con placer y plena confianza.<\/p>\n<p>Gracias por elegirnos en tu viaje de juego. \u00a1Exploremos juntos el mundo de \u00abGhostbusters\u00bb y creemos momentos legendarios en los carretes de este emocionante tragamonedas!<\/p>\n","protected":false},"excerpt":{"rendered":"<p>\u00a1Bienvenido a nuestra p\u00e1gina \u00abSobre nosotros\u00bb! Somos un equipo de entusiastas cuyo objetivo es descubrir todos los misterios y la magnificencia del juego \u00abGhostbusters\u00bb. Nuestra pasi\u00f3n por los juegos nos ha llevado a crear este espacio donde encontrar\u00e1s toda la informaci\u00f3n necesaria sobre tu juego favorito. Nuestros valores Nos esforzamos por brindarte la informaci\u00f3n m\u00e1s [&hellip;]<\/p>\n","protected":false},"author":1,"featured_media":0,"parent":0,"menu_order":0,"comment_status":"closed","ping_status":"closed","template":"templates\/template-page-full-width.php","meta":{"footnotes":""},"class_list":["post-17","page","type-page","status-publish","hentry"],"yoast_head":"<!-- This site is optimized with the Yoast SEO plugin v27.2 - https:\/\/yoast.com\/product\/yoast-seo-wordpress\/ -->\n<title>Ghostbusters: Wer wir sind und was wir im Bereich des Gaming-Entertainments bieten<\/title>\n<meta name=\"description\" content=\"Con\u00f3cenos: un equipo de entusiastas que desentra\u00f1an los misterios de Ghostbusters. Proporcionamos informaci\u00f3n valiosa, estrategias y noticias para una experiencia de juego atractiva.\" \/>\n<meta name=\"robots\" content=\"index, follow, max-snippet:-1, max-image-preview:large, max-video-preview:-1\" \/>\n<link rel=\"canonical\" href=\"https:\/\/ghostbusters-slots.com\/es\/about-us\/\" \/>\n<meta property=\"og:locale\" content=\"es_ES\" \/>\n<meta property=\"og:locale:alternate\" content=\"ru_RU\" \/>\n<meta property=\"og:locale:alternate\" content=\"en_US\" \/>\n<meta property=\"og:locale:alternate\" content=\"pt_PT\" \/>\n<meta property=\"og:locale:alternate\" content=\"fr_FR\" \/>\n<meta property=\"og:locale:alternate\" content=\"de_DE\" \/>\n<meta property=\"og:locale:alternate\" content=\"ro_RO\" \/>\n<meta property=\"og:locale:alternate\" content=\"sr_RS\" \/>\n<meta property=\"og:locale:alternate\" content=\"bg_BG\" \/>\n<meta property=\"og:locale:alternate\" content=\"pl_PL\" \/>\n<meta property=\"og:locale:alternate\" content=\"it_IT\" \/>\n<meta property=\"og:type\" content=\"article\" \/>\n<meta property=\"og:title\" content=\"Ghostbusters: Wer wir sind und was wir im Bereich des Gaming-Entertainments bieten\" \/>\n<meta property=\"og:description\" content=\"Erfahren Sie mehr \u00fcber uns - ein Team von Enthusiasten, die die Geheimnisse von Ghostbusters enth\u00fcllen. Wir bieten wertvolle Informationen, Strategien und Neuigkeiten f\u00fcr ein fesselndes Spielerlebnis.\" \/>\n<meta property=\"og:url\" content=\"https:\/\/ghostbusters-slots.com\/es\/about-us\/\" \/>\n<meta property=\"og:site_name\" content=\"Ghostbusters Slot\" \/>\n<meta property=\"article:modified_time\" content=\"2024-06-11T22:14:00+00:00\" \/>\n<meta name=\"twitter:card\" content=\"summary_large_image\" \/>\n<meta name=\"twitter:label1\" content=\"Tiempo de lectura\" \/>\n\t<meta name=\"twitter:data1\" content=\"12 minutos\" \/>\n<script type=\"application\/ld+json\" class=\"yoast-schema-graph\">{\"@context\":\"https:\/\/schema.org\",\"@graph\":[{\"@type\":\"WebPage\",\"@id\":\"https:\/\/ghostbusters-slots.com\/de\/about-us\/\",\"url\":\"https:\/\/ghostbusters-slots.com\/de\/about-us\/\",\"name\":\"Ghostbusters: Wer wir sind und was wir im Bereich des Gaming-Entertainments bieten\",\"isPartOf\":{\"@id\":\"https:\/\/ghostbusters-slots.com\/#website\"},\"datePublished\":\"2023-11-27T23:25:44+00:00\",\"dateModified\":\"2024-06-11T22:14:00+00:00\",\"description\":\"Erfahren Sie mehr \u00fcber uns - ein Team von Enthusiasten, die die Geheimnisse von Ghostbusters enth\u00fcllen. Wir bieten wertvolle Informationen, Strategien und Neuigkeiten f\u00fcr ein fesselndes Spielerlebnis.\",\"breadcrumb\":{\"@id\":\"https:\/\/ghostbusters-slots.com\/de\/about-us\/#breadcrumb\"},\"inLanguage\":\"es-ES\",\"potentialAction\":[{\"@type\":\"ReadAction\",\"target\":[\"https:\/\/ghostbusters-slots.com\/de\/about-us\/\"]}]},{\"@type\":\"BreadcrumbList\",\"@id\":\"https:\/\/ghostbusters-slots.com\/de\/about-us\/#breadcrumb\",\"itemListElement\":[{\"@type\":\"ListItem\",\"position\":1,\"name\":\"Home\",\"item\":\"https:\/\/ghostbusters-slots.com\/\"},{\"@type\":\"ListItem\",\"position\":2,\"name\":\"\u00dcber uns: Die Geheimnisse des Spiels &#8222;Ghostbusters&#8220; enth\u00fcllen\"}]},{\"@type\":\"WebSite\",\"@id\":\"https:\/\/ghostbusters-slots.com\/#website\",\"url\":\"https:\/\/ghostbusters-slots.com\/\",\"name\":\"Ghostbusters Slot\",\"description\":\"\",\"publisher\":{\"@id\":\"https:\/\/ghostbusters-slots.com\/#organization\"},\"potentialAction\":[{\"@type\":\"SearchAction\",\"target\":{\"@type\":\"EntryPoint\",\"urlTemplate\":\"https:\/\/ghostbusters-slots.com\/?s={search_term_string}\"},\"query-input\":{\"@type\":\"PropertyValueSpecification\",\"valueRequired\":true,\"valueName\":\"search_term_string\"}}],\"inLanguage\":\"es-ES\"},{\"@type\":\"Organization\",\"@id\":\"https:\/\/ghostbusters-slots.com\/#organization\",\"name\":\"Ghostbusters Slot\",\"url\":\"https:\/\/ghostbusters-slots.com\/\",\"logo\":{\"@type\":\"ImageObject\",\"inLanguage\":\"es-ES\",\"@id\":\"https:\/\/ghostbusters-slots.com\/#\/schema\/logo\/image\/\",\"url\":\"https:\/\/ghostbusters-slots.com\/wp-content\/uploads\/ghostbusters-movie-png-logo-1-e1701219327849.png\",\"contentUrl\":\"https:\/\/ghostbusters-slots.com\/wp-content\/uploads\/ghostbusters-movie-png-logo-1-e1701219327849.png\",\"width\":800,\"height\":200,\"caption\":\"Ghostbusters Slot\"},\"image\":{\"@id\":\"https:\/\/ghostbusters-slots.com\/#\/schema\/logo\/image\/\"}}]}<\/script>\n<!-- \/ Yoast SEO plugin. -->","yoast_head_json":{"title":"Ghostbusters: Wer wir sind und was wir im Bereich des Gaming-Entertainments bieten","description":"Con\u00f3cenos: un equipo de entusiastas que desentra\u00f1an los misterios de Ghostbusters. Proporcionamos informaci\u00f3n valiosa, estrategias y noticias para una experiencia de juego atractiva.","robots":{"index":"index","follow":"follow","max-snippet":"max-snippet:-1","max-image-preview":"max-image-preview:large","max-video-preview":"max-video-preview:-1"},"canonical":"https:\/\/ghostbusters-slots.com\/es\/about-us\/","og_locale":"es_ES","og_type":"article","og_title":"Ghostbusters: Wer wir sind und was wir im Bereich des Gaming-Entertainments bieten","og_description":"Erfahren Sie mehr \u00fcber uns - ein Team von Enthusiasten, die die Geheimnisse von Ghostbusters enth\u00fcllen. Wir bieten wertvolle Informationen, Strategien und Neuigkeiten f\u00fcr ein fesselndes Spielerlebnis.","og_url":"https:\/\/ghostbusters-slots.com\/es\/about-us\/","og_site_name":"Ghostbusters Slot","article_modified_time":"2024-06-11T22:14:00+00:00","twitter_card":"summary_large_image","twitter_misc":{"Tiempo de lectura":"12 minutos"},"schema":{"@context":"https:\/\/schema.org","@graph":[{"@type":"WebPage","@id":"https:\/\/ghostbusters-slots.com\/de\/about-us\/","url":"https:\/\/ghostbusters-slots.com\/de\/about-us\/","name":"Ghostbusters: Wer wir sind und was wir im Bereich des Gaming-Entertainments bieten","isPartOf":{"@id":"https:\/\/ghostbusters-slots.com\/#website"},"datePublished":"2023-11-27T23:25:44+00:00","dateModified":"2024-06-11T22:14:00+00:00","description":"Erfahren Sie mehr \u00fcber uns - ein Team von Enthusiasten, die die Geheimnisse von Ghostbusters enth\u00fcllen. Wir bieten wertvolle Informationen, Strategien und Neuigkeiten f\u00fcr ein fesselndes Spielerlebnis.","breadcrumb":{"@id":"https:\/\/ghostbusters-slots.com\/de\/about-us\/#breadcrumb"},"inLanguage":"es-ES","potentialAction":[{"@type":"ReadAction","target":["https:\/\/ghostbusters-slots.com\/de\/about-us\/"]}]},{"@type":"BreadcrumbList","@id":"https:\/\/ghostbusters-slots.com\/de\/about-us\/#breadcrumb","itemListElement":[{"@type":"ListItem","position":1,"name":"Home","item":"https:\/\/ghostbusters-slots.com\/"},{"@type":"ListItem","position":2,"name":"\u00dcber uns: Die Geheimnisse des Spiels &#8222;Ghostbusters&#8220; enth\u00fcllen"}]},{"@type":"WebSite","@id":"https:\/\/ghostbusters-slots.com\/#website","url":"https:\/\/ghostbusters-slots.com\/","name":"Ghostbusters Slot","description":"","publisher":{"@id":"https:\/\/ghostbusters-slots.com\/#organization"},"potentialAction":[{"@type":"SearchAction","target":{"@type":"EntryPoint","urlTemplate":"https:\/\/ghostbusters-slots.com\/?s={search_term_string}"},"query-input":{"@type":"PropertyValueSpecification","valueRequired":true,"valueName":"search_term_string"}}],"inLanguage":"es-ES"},{"@type":"Organization","@id":"https:\/\/ghostbusters-slots.com\/#organization","name":"Ghostbusters Slot","url":"https:\/\/ghostbusters-slots.com\/","logo":{"@type":"ImageObject","inLanguage":"es-ES","@id":"https:\/\/ghostbusters-slots.com\/#\/schema\/logo\/image\/","url":"https:\/\/ghostbusters-slots.com\/wp-content\/uploads\/ghostbusters-movie-png-logo-1-e1701219327849.png","contentUrl":"https:\/\/ghostbusters-slots.com\/wp-content\/uploads\/ghostbusters-movie-png-logo-1-e1701219327849.png","width":800,"height":200,"caption":"Ghostbusters Slot"},"image":{"@id":"https:\/\/ghostbusters-slots.com\/#\/schema\/logo\/image\/"}}]}},"_links":{"self":[{"href":"https:\/\/ghostbusters-slots.com\/es\/wp-json\/wp\/v2\/pages\/17","targetHints":{"allow":["GET"]}}],"collection":[{"href":"https:\/\/ghostbusters-slots.com\/es\/wp-json\/wp\/v2\/pages"}],"about":[{"href":"https:\/\/ghostbusters-slots.com\/es\/wp-json\/wp\/v2\/types\/page"}],"author":[{"embeddable":true,"href":"https:\/\/ghostbusters-slots.com\/es\/wp-json\/wp\/v2\/users\/1"}],"replies":[{"embeddable":true,"href":"https:\/\/ghostbusters-slots.com\/es\/wp-json\/wp\/v2\/comments?post=17"}],"version-history":[{"count":23,"href":"https:\/\/ghostbusters-slots.com\/es\/wp-json\/wp\/v2\/pages\/17\/revisions"}],"predecessor-version":[{"id":175,"href":"https:\/\/ghostbusters-slots.com\/es\/wp-json\/wp\/v2\/pages\/17\/revisions\/175"}],"wp:attachment":[{"href":"https:\/\/ghostbusters-slots.com\/es\/wp-json\/wp\/v2\/media?parent=17"}],"curies":[{"name":"wp","href":"https:\/\/api.w.org\/{rel}","templated":true}]}}