{"id":11,"date":"2023-11-27T23:21:30","date_gmt":"2023-11-27T23:21:30","guid":{"rendered":"https:\/\/ghostbusters-slots.com\/?page_id=11"},"modified":"2024-06-11T22:16:43","modified_gmt":"2024-06-11T22:16:43","slug":"ghostbusters-slot-reviews","status":"publish","type":"page","link":"https:\/\/ghostbusters-slots.com\/fr\/ghostbusters-slot-reviews\/","title":{"rendered":"Avis des joueurs sur la machine \u00e0 sous \u00ab\u00a0Ghostbusters\u00a0\u00bb"},"content":{"rendered":"<h2>1. Th\u00e8me : \u00ab\u00a0S&rsquo;immerger dans l&rsquo;atmosph\u00e8re des aventures fantomatiques\u00a0\u00bb<\/h2>\n<h3>Nom : Anna<\/h3>\n<h3>\u00c2ge : 29 ans<\/h3>\n<p><strong>Texte de l&rsquo;avis :<\/strong> \u00ab\u00a0Ghostbusters &#8211; mon nouveau jeu pr\u00e9f\u00e9r\u00e9 ! Chaque spin apporte des sensations incroyables, comme si je me tenais juste \u00e0 c\u00f4t\u00e9 des chasseurs de fant\u00f4mes. Chaque symbole m\u00e9ticuleusement con\u00e7u indique que les d\u00e9veloppeurs ont vraiment investi dans la cr\u00e9ation de l&rsquo;atmosph\u00e8re. Je ne peux pas exprimer \u00e0 quel point les prix sont cool !\u00a0\u00bb<\/p>\n<h2>2. Th\u00e8me : \u00ab\u00a0Tours bonus &#8211; Vraie excitation\u00a0\u00bb<\/h2>\n<h3>Nom : Maxim<\/h3>\n<h3>\u00c2ge : 35 ans<\/h3>\n<p><strong>Texte de l&rsquo;avis :<\/strong> \u00ab\u00a0Ghostbusters ne m&rsquo;a pas seulement ravi avec un sc\u00e9nario passionnant, mais aussi avec les tours bonus. Ils sont tout simplement g\u00e9niaux ! Hier, dans l&rsquo;un d&rsquo;eux, j&rsquo;ai gagn\u00e9 une tonne de tours gratuits, et c&rsquo;\u00e9tait incroyablement cool. Je joue depuis plusieurs semaines maintenant, et chaque fois je d\u00e9couvre quelque chose de nouveau.\u00a0\u00bb<\/p>\n<h2>3. Th\u00e8me : \u00ab\u00a0Effets sp\u00e9ciaux au-del\u00e0 des attentes\u00a0\u00bb<\/h2>\n<h3>Nom : Elena<\/h3>\n<h3>\u00c2ge : 25 ans<\/h3>\n<p><strong>Texte de l&rsquo;avis :<\/strong> \u00ab\u00a0Ghostbusters vous \u00e9pate simplement avec ses effets sp\u00e9ciaux ! Des animations \u00e9clatantes, le design sonore &#8211; tout cela cr\u00e9e une impression incroyable. Pendant les tours bonus, vous vous sentez comme un h\u00e9ros du film. Je le recommande vivement \u00e0 tous ceux qui appr\u00e9cient une exp\u00e9rience de jeu de qualit\u00e9.\u00a0\u00bb<\/p>\n<h2>4. Th\u00e8me : \u00ab\u00a0Gros gains &#8211; Pas un mythe !\u00a0\u00bb<\/h2>\n<h3>Nom : Alexey<\/h3>\n<h3>\u00c2ge : 32 ans<\/h3>\n<p><strong>Texte de l&rsquo;avis :<\/strong> \u00ab\u00a0Je joue dans des casinos depuis des ann\u00e9es, et Ghostbusters est l&rsquo;un des rares slots o\u00f9 vous pouvez r\u00e9ellement gagner de grosses sommes. Des combinaisons bien con\u00e7ues et des tours bonus peuvent vous surprendre agr\u00e9ablement. R\u00e9cemment, j&rsquo;ai gagn\u00e9 un joli jackpot, donc maintenant c&rsquo;est mon arme secr\u00e8te dans le monde du divertissement de jeu.\u00a0\u00bb<\/p>\n<h2>5. Th\u00e8me : \u00ab\u00a0Atmosph\u00e8re de film r\u00e9el \u00e0 chaque spin\u00a0\u00bb<\/h2>\n<h3>Nom : Kristina<\/h3>\n<h3>\u00c2ge : 27 ans<\/h3>\n<p><strong>Texte de l&rsquo;avis :<\/strong> \u00ab\u00a0Ghostbusters n&rsquo;est pas juste un slot ; c&rsquo;est un vrai film sur l&rsquo;\u00e9cran de votre appareil ! \u00c0 chaque spin, vous vous immergez dans le monde de la chasse aux fant\u00f4mes, comme si vous vous teniez \u00e0 c\u00f4t\u00e9 de Venkman et Spengler. Des graphismes excellents et une atmosph\u00e8re de film cr\u00e9ent une exp\u00e9rience inoubliable.\u00a0\u00bb<\/p>\n<h2>6. Th\u00e8me : \u00ab\u00a0Excellente optimisation pour les appareils mobiles\u00a0\u00bb<\/h2>\n<h3>Nom : Dmitry<\/h3>\n<h3>\u00c2ge : 30 ans<\/h3>\n<p><strong>Texte de l&rsquo;avis :<\/strong> \u00ab\u00a0Un grand plus &#8211; Ghostbusters est parfaitement optimis\u00e9 pour les appareils mobiles. Je joue sur mon smartphone, et la qualit\u00e9 des graphismes et la vitesse de chargement sont impressionnantes. Vous pouvez profiter des aventures n&rsquo;importe o\u00f9 sans compromettre la qualit\u00e9.\u00a0\u00bb<\/p>\n<h2>7. Th\u00e8me : \u00ab\u00a0Interface simple pour tous\u00a0\u00bb<\/h2>\n<h3>Nom : Olga<\/h3>\n<h3>\u00c2ge : 28 ans<\/h3>\n<p><strong>Texte de l&rsquo;avis :<\/strong> \u00ab\u00a0Ghostbusters est adapt\u00e9 \u00e0 tout le monde, m\u00eame \u00e0 ceux qui commencent tout juste \u00e0 explorer le monde du jeu. Interface simple, r\u00e8gles intuitives &#8211; c&rsquo;est un grand plus pour les d\u00e9butants. En m\u00eame temps, le jeu a suffisamment de profondeur pour les joueurs exp\u00e9riment\u00e9s.\u00a0\u00bb<\/p>\n<h2>8. Th\u00e8me : \u00ab\u00a0Fid\u00e9lit\u00e9 aux d\u00e9tails du film impressionnante\u00a0\u00bb<\/h2>\n<h3>Nom : Ivan<\/h3>\n<h3>\u00c2ge : 33 ans<\/h3>\n<p><strong>Texte de l&rsquo;avis :<\/strong> \u00ab\u00a0Je suis fan du film Ghostbusters, et ce slot m&rsquo;a \u00e9tonn\u00e9 par sa fid\u00e9lit\u00e9 aux d\u00e9tails. Tous les personnages, les objets, et m\u00eame le fond correspondent parfaitement \u00e0 l&rsquo;original. Vous vous sentez comme un participant \u00e0 la lutte contre les fant\u00f4mes directement depuis le film !\u00a0\u00bb<\/p>\n<h2>9. Th\u00e8me : \u00ab\u00a0Excellent \u00e9quilibre entre les mises et les gains\u00a0\u00bb<\/h2>\n<h3>Nom : Egor<\/h3>\n<h3>\u00c2ge : 31 ans<\/h3>\n<p><strong>Texte de l&rsquo;avis :<\/strong> \u00ab\u00a0Je joue \u00e0 divers slots, et Ghostbusters se distingue par son excellent \u00e9quilibre entre les mises et les gains. Vous pouvez profiter du jeu longtemps, m\u00eame avec de petites mises. Je le recommande \u00e0 tous ceux qui appr\u00e9cient les sessions de jeu longues et excitantes.\u00a0\u00bb<\/p>\n<h2>10. Th\u00e8me : \u00ab\u00a0Gains fantomatiques &#8211; R\u00e9alit\u00e9 !\u00a0\u00bb<\/h2>\n<h3>Nom : Natalia<\/h3>\n<h3>\u00c2ge : 26 ans<\/h3>\n<p><strong>Texte de l&rsquo;avis :<\/strong> \u00ab\u00a0Ghostbusters &#8211; mon slot porte-bonheur personnel ! Ici, les gains fantomatiques deviennent une r\u00e9alit\u00e9. Le mois dernier, j&rsquo;ai gagn\u00e9 un gros prix, et c&rsquo;\u00e9tait incroyable. Merci aux d\u00e9veloppeurs pour cette exp\u00e9rience palpitante et ces gains vraiment g\u00e9n\u00e9reux !\u00a0\u00bb<\/p>\n<p>Ces avis ne sont qu&rsquo;une petite partie des commentaires enthousiastes des joueurs qui se sont immerg\u00e9s dans l&rsquo;univers unique de Ghostbusters. Rejoignez-les et embarquez pour une aventure avec ce slot passionnant !<\/p>\n","protected":false},"excerpt":{"rendered":"<p>1. Th\u00e8me : \u00ab\u00a0S&rsquo;immerger dans l&rsquo;atmosph\u00e8re des aventures fantomatiques\u00a0\u00bb Nom : Anna \u00c2ge : 29 ans Texte de l&rsquo;avis : \u00ab\u00a0Ghostbusters &#8211; mon nouveau jeu pr\u00e9f\u00e9r\u00e9 ! Chaque spin apporte des sensations incroyables, comme si je me tenais juste \u00e0 c\u00f4t\u00e9 des chasseurs de fant\u00f4mes. Chaque symbole m\u00e9ticuleusement con\u00e7u indique que les d\u00e9veloppeurs ont vraiment [&hellip;]<\/p>\n","protected":false},"author":1,"featured_media":0,"parent":0,"menu_order":0,"comment_status":"closed","ping_status":"closed","template":"templates\/template-page-full-width.php","meta":{"footnotes":""},"class_list":["post-11","page","type-page","status-publish","hentry"],"yoast_head":"<!-- This site is optimized with the Yoast SEO plugin v27.2 - https:\/\/yoast.com\/product\/yoast-seo-wordpress\/ -->\n<title>Recenzii ale juc\u0103torilor: Ghostbusters - Impresii reale \u0219i c\u00e2\u0219tiguri<\/title>\n<meta name=\"description\" content=\"Lisez les avis des joueurs de Ghostbusters. D\u00e9couvrez comment ils vivent des moments palpitants et remportent de grosses sommes. Rejoignez la communaut\u00e9 des chasseurs de fant\u00f4mes chanceux !\" \/>\n<meta name=\"robots\" content=\"index, follow, max-snippet:-1, max-image-preview:large, max-video-preview:-1\" \/>\n<link rel=\"canonical\" href=\"https:\/\/ghostbusters-slots.com\/fr\/ghostbusters-slot-reviews\/\" \/>\n<meta property=\"og:locale\" content=\"fr_FR\" \/>\n<meta property=\"og:locale:alternate\" content=\"ru_RU\" \/>\n<meta property=\"og:locale:alternate\" content=\"en_US\" \/>\n<meta property=\"og:locale:alternate\" content=\"pt_PT\" \/>\n<meta property=\"og:locale:alternate\" content=\"es_ES\" \/>\n<meta property=\"og:locale:alternate\" content=\"de_DE\" \/>\n<meta property=\"og:locale:alternate\" content=\"ro_RO\" \/>\n<meta property=\"og:locale:alternate\" content=\"sr_RS\" \/>\n<meta property=\"og:locale:alternate\" content=\"bg_BG\" \/>\n<meta property=\"og:locale:alternate\" content=\"pl_PL\" \/>\n<meta property=\"og:locale:alternate\" content=\"it_IT\" \/>\n<meta property=\"og:type\" content=\"article\" \/>\n<meta property=\"og:title\" content=\"Recenzii ale juc\u0103torilor: Ghostbusters - Impresii reale \u0219i c\u00e2\u0219tiguri\" \/>\n<meta property=\"og:description\" content=\"Citi\u021bi recenzii de la juc\u0103torii de Ghostbusters. Afla\u021bi cum tr\u0103iesc momente palpitante \u0219i c\u00e2\u0219tig\u0103 sume mari. Al\u0103tura\u021bi-v\u0103 comunit\u0103\u021bii v\u00e2n\u0103torilor noroco\u0219i de fantome!\" \/>\n<meta property=\"og:url\" content=\"https:\/\/ghostbusters-slots.com\/fr\/ghostbusters-slot-reviews\/\" \/>\n<meta property=\"og:site_name\" content=\"Ghostbusters Slot\" \/>\n<meta property=\"article:modified_time\" content=\"2024-06-11T22:16:43+00:00\" \/>\n<meta name=\"twitter:card\" content=\"summary_large_image\" \/>\n<meta name=\"twitter:label1\" content=\"Dur\u00e9e de lecture estim\u00e9e\" \/>\n\t<meta name=\"twitter:data1\" content=\"26 minutes\" \/>\n<script type=\"application\/ld+json\" class=\"yoast-schema-graph\">{\"@context\":\"https:\/\/schema.org\",\"@graph\":[{\"@type\":\"WebPage\",\"@id\":\"https:\/\/ghostbusters-slots.com\/ro\/ghostbusters-slot-reviews\/\",\"url\":\"https:\/\/ghostbusters-slots.com\/ro\/ghostbusters-slot-reviews\/\",\"name\":\"Recenzii ale juc\u0103torilor: Ghostbusters - Impresii reale \u0219i c\u00e2\u0219tiguri\",\"isPartOf\":{\"@id\":\"https:\/\/ghostbusters-slots.com\/#website\"},\"datePublished\":\"2023-11-27T23:21:30+00:00\",\"dateModified\":\"2024-06-11T22:16:43+00:00\",\"description\":\"Citi\u021bi recenzii de la juc\u0103torii de Ghostbusters. Afla\u021bi cum tr\u0103iesc momente palpitante \u0219i c\u00e2\u0219tig\u0103 sume mari. Al\u0103tura\u021bi-v\u0103 comunit\u0103\u021bii v\u00e2n\u0103torilor noroco\u0219i de fantome!\",\"breadcrumb\":{\"@id\":\"https:\/\/ghostbusters-slots.com\/ro\/ghostbusters-slot-reviews\/#breadcrumb\"},\"inLanguage\":\"fr-FR\",\"potentialAction\":[{\"@type\":\"ReadAction\",\"target\":[\"https:\/\/ghostbusters-slots.com\/ro\/ghostbusters-slot-reviews\/\"]}]},{\"@type\":\"BreadcrumbList\",\"@id\":\"https:\/\/ghostbusters-slots.com\/ro\/ghostbusters-slot-reviews\/#breadcrumb\",\"itemListElement\":[{\"@type\":\"ListItem\",\"position\":1,\"name\":\"Home\",\"item\":\"https:\/\/ghostbusters-slots.com\/\"},{\"@type\":\"ListItem\",\"position\":2,\"name\":\"Recenziile juc\u0103torilor despre slotul &#8222;Ghostbusters&#8221;\"}]},{\"@type\":\"WebSite\",\"@id\":\"https:\/\/ghostbusters-slots.com\/#website\",\"url\":\"https:\/\/ghostbusters-slots.com\/\",\"name\":\"Ghostbusters Slot\",\"description\":\"\",\"publisher\":{\"@id\":\"https:\/\/ghostbusters-slots.com\/#organization\"},\"potentialAction\":[{\"@type\":\"SearchAction\",\"target\":{\"@type\":\"EntryPoint\",\"urlTemplate\":\"https:\/\/ghostbusters-slots.com\/?s={search_term_string}\"},\"query-input\":{\"@type\":\"PropertyValueSpecification\",\"valueRequired\":true,\"valueName\":\"search_term_string\"}}],\"inLanguage\":\"fr-FR\"},{\"@type\":\"Organization\",\"@id\":\"https:\/\/ghostbusters-slots.com\/#organization\",\"name\":\"Ghostbusters Slot\",\"url\":\"https:\/\/ghostbusters-slots.com\/\",\"logo\":{\"@type\":\"ImageObject\",\"inLanguage\":\"fr-FR\",\"@id\":\"https:\/\/ghostbusters-slots.com\/#\/schema\/logo\/image\/\",\"url\":\"https:\/\/ghostbusters-slots.com\/wp-content\/uploads\/ghostbusters-movie-png-logo-1-e1701219327849.png\",\"contentUrl\":\"https:\/\/ghostbusters-slots.com\/wp-content\/uploads\/ghostbusters-movie-png-logo-1-e1701219327849.png\",\"width\":800,\"height\":200,\"caption\":\"Ghostbusters Slot\"},\"image\":{\"@id\":\"https:\/\/ghostbusters-slots.com\/#\/schema\/logo\/image\/\"}}]}<\/script>\n<!-- \/ Yoast SEO plugin. -->","yoast_head_json":{"title":"Recenzii ale juc\u0103torilor: Ghostbusters - Impresii reale \u0219i c\u00e2\u0219tiguri","description":"Lisez les avis des joueurs de Ghostbusters. D\u00e9couvrez comment ils vivent des moments palpitants et remportent de grosses sommes. Rejoignez la communaut\u00e9 des chasseurs de fant\u00f4mes chanceux !","robots":{"index":"index","follow":"follow","max-snippet":"max-snippet:-1","max-image-preview":"max-image-preview:large","max-video-preview":"max-video-preview:-1"},"canonical":"https:\/\/ghostbusters-slots.com\/fr\/ghostbusters-slot-reviews\/","og_locale":"fr_FR","og_type":"article","og_title":"Recenzii ale juc\u0103torilor: Ghostbusters - Impresii reale \u0219i c\u00e2\u0219tiguri","og_description":"Citi\u021bi recenzii de la juc\u0103torii de Ghostbusters. Afla\u021bi cum tr\u0103iesc momente palpitante \u0219i c\u00e2\u0219tig\u0103 sume mari. Al\u0103tura\u021bi-v\u0103 comunit\u0103\u021bii v\u00e2n\u0103torilor noroco\u0219i de fantome!","og_url":"https:\/\/ghostbusters-slots.com\/fr\/ghostbusters-slot-reviews\/","og_site_name":"Ghostbusters Slot","article_modified_time":"2024-06-11T22:16:43+00:00","twitter_card":"summary_large_image","twitter_misc":{"Dur\u00e9e de lecture estim\u00e9e":"26 minutes"},"schema":{"@context":"https:\/\/schema.org","@graph":[{"@type":"WebPage","@id":"https:\/\/ghostbusters-slots.com\/ro\/ghostbusters-slot-reviews\/","url":"https:\/\/ghostbusters-slots.com\/ro\/ghostbusters-slot-reviews\/","name":"Recenzii ale juc\u0103torilor: Ghostbusters - Impresii reale \u0219i c\u00e2\u0219tiguri","isPartOf":{"@id":"https:\/\/ghostbusters-slots.com\/#website"},"datePublished":"2023-11-27T23:21:30+00:00","dateModified":"2024-06-11T22:16:43+00:00","description":"Citi\u021bi recenzii de la juc\u0103torii de Ghostbusters. Afla\u021bi cum tr\u0103iesc momente palpitante \u0219i c\u00e2\u0219tig\u0103 sume mari. Al\u0103tura\u021bi-v\u0103 comunit\u0103\u021bii v\u00e2n\u0103torilor noroco\u0219i de fantome!","breadcrumb":{"@id":"https:\/\/ghostbusters-slots.com\/ro\/ghostbusters-slot-reviews\/#breadcrumb"},"inLanguage":"fr-FR","potentialAction":[{"@type":"ReadAction","target":["https:\/\/ghostbusters-slots.com\/ro\/ghostbusters-slot-reviews\/"]}]},{"@type":"BreadcrumbList","@id":"https:\/\/ghostbusters-slots.com\/ro\/ghostbusters-slot-reviews\/#breadcrumb","itemListElement":[{"@type":"ListItem","position":1,"name":"Home","item":"https:\/\/ghostbusters-slots.com\/"},{"@type":"ListItem","position":2,"name":"Recenziile juc\u0103torilor despre slotul &#8222;Ghostbusters&#8221;"}]},{"@type":"WebSite","@id":"https:\/\/ghostbusters-slots.com\/#website","url":"https:\/\/ghostbusters-slots.com\/","name":"Ghostbusters Slot","description":"","publisher":{"@id":"https:\/\/ghostbusters-slots.com\/#organization"},"potentialAction":[{"@type":"SearchAction","target":{"@type":"EntryPoint","urlTemplate":"https:\/\/ghostbusters-slots.com\/?s={search_term_string}"},"query-input":{"@type":"PropertyValueSpecification","valueRequired":true,"valueName":"search_term_string"}}],"inLanguage":"fr-FR"},{"@type":"Organization","@id":"https:\/\/ghostbusters-slots.com\/#organization","name":"Ghostbusters Slot","url":"https:\/\/ghostbusters-slots.com\/","logo":{"@type":"ImageObject","inLanguage":"fr-FR","@id":"https:\/\/ghostbusters-slots.com\/#\/schema\/logo\/image\/","url":"https:\/\/ghostbusters-slots.com\/wp-content\/uploads\/ghostbusters-movie-png-logo-1-e1701219327849.png","contentUrl":"https:\/\/ghostbusters-slots.com\/wp-content\/uploads\/ghostbusters-movie-png-logo-1-e1701219327849.png","width":800,"height":200,"caption":"Ghostbusters Slot"},"image":{"@id":"https:\/\/ghostbusters-slots.com\/#\/schema\/logo\/image\/"}}]}},"_links":{"self":[{"href":"https:\/\/ghostbusters-slots.com\/fr\/wp-json\/wp\/v2\/pages\/11","targetHints":{"allow":["GET"]}}],"collection":[{"href":"https:\/\/ghostbusters-slots.com\/fr\/wp-json\/wp\/v2\/pages"}],"about":[{"href":"https:\/\/ghostbusters-slots.com\/fr\/wp-json\/wp\/v2\/types\/page"}],"author":[{"embeddable":true,"href":"https:\/\/ghostbusters-slots.com\/fr\/wp-json\/wp\/v2\/users\/1"}],"replies":[{"embeddable":true,"href":"https:\/\/ghostbusters-slots.com\/fr\/wp-json\/wp\/v2\/comments?post=11"}],"version-history":[{"count":23,"href":"https:\/\/ghostbusters-slots.com\/fr\/wp-json\/wp\/v2\/pages\/11\/revisions"}],"predecessor-version":[{"id":178,"href":"https:\/\/ghostbusters-slots.com\/fr\/wp-json\/wp\/v2\/pages\/11\/revisions\/178"}],"wp:attachment":[{"href":"https:\/\/ghostbusters-slots.com\/fr\/wp-json\/wp\/v2\/media?parent=11"}],"curies":[{"name":"wp","href":"https:\/\/api.w.org\/{rel}","templated":true}]}}