{"id":13,"date":"2023-11-27T23:21:59","date_gmt":"2023-11-27T23:21:59","guid":{"rendered":"https:\/\/ghostbusters-slots.com\/?page_id=13"},"modified":"2024-06-11T22:03:47","modified_gmt":"2024-06-11T22:03:47","slug":"download-ghostbusters-slot-game","status":"publish","type":"page","link":"https:\/\/ghostbusters-slots.com\/fr\/download-ghostbusters-slot-game\/","title":{"rendered":"T\u00e9l\u00e9charger le jeu \u00ab\u00a0Ghostbusters\u00a0\u00bb : Votre chemin vers des aventures palpitantes"},"content":{"rendered":"<p>Voulez-vous vous plonger dans le monde palpitant de la chasse aux fant\u00f4mes avec la machine \u00e0 sous \u00ab\u00a0Ghostbusters\u00a0\u00bb ? Nous proposons des options pratiques pour t\u00e9l\u00e9charger ce jeu passionnant sur diff\u00e9rents appareils. Que vous utilisiez Android, iPhone ou pr\u00e9f\u00e9riez jouer sur votre ordinateur, nous nous assurerons que vous avez un acc\u00e8s facile et rapide au jeu.<\/p>\n<h2>T\u00e9l\u00e9chargement sur Android<\/h2>\n<p>Pour les propri\u00e9taires d&rsquo;appareils Android, nous avons une excellente nouvelle : \u00ab\u00a0Ghostbusters\u00a0\u00bb est disponible en t\u00e9l\u00e9chargement directement sur votre smartphone ou tablette. Suivez ces \u00e9tapes simples pour commencer :<\/p>\n<ol>\n<li><strong>Ouvrez Google Play Store :<\/strong> Trouvez l&rsquo;application Google Play sur votre appareil et ouvrez-la.<\/li>\n<li><strong>Utilisez la recherche :<\/strong> Saisissez \u00ab\u00a0Ghostbusters Slot\u00a0\u00bb dans la barre de recherche.<\/li>\n<li><strong>S\u00e9lectionnez l&rsquo;application :<\/strong> Choisissez la bonne application parmi les r\u00e9sultats de la recherche. Assurez-vous qu&rsquo;elle est d\u00e9velopp\u00e9e par un d\u00e9veloppeur de confiance.<\/li>\n<li><strong>Installez l&rsquo;application :<\/strong> Cliquez sur \u00ab\u00a0Installer\u00a0\u00bb et attendez que l&rsquo;installation soit termin\u00e9e. Ensuite, l&rsquo;application appara\u00eetra sur votre \u00e9cran principal.<\/li>\n<li><strong>Lancez \u00ab\u00a0Ghostbusters\u00a0\u00bb :<\/strong> Ouvrez l&rsquo;application, connectez-vous \u00e0 votre compte (si vous n&rsquo;en avez pas, inscrivez-vous) et profitez du jeu !<\/li>\n<\/ol>\n<p>Maintenant, vous avez l&rsquo;opportunit\u00e9 d&#8217;emporter \u00ab\u00a0Ghostbusters\u00a0\u00bb partout avec vous pour profiter du jeu \u00e0 tout moment.<\/p>\n<h2>T\u00e9l\u00e9chargement sur iPhone<\/h2>\n<p>Les propri\u00e9taires d&rsquo;iPhone peuvent \u00e9galement profiter des aventures fantomatiques en t\u00e9l\u00e9chargeant \u00ab\u00a0Ghostbusters\u00a0\u00bb depuis l&rsquo;App Store. Voici comment faire :<\/p>\n<ol>\n<li><strong>Ouvrez l&rsquo;App Store :<\/strong> Lancez l&rsquo;App Store sur votre appareil.<\/li>\n<li><strong>Utilisez la recherche :<\/strong> Saisissez \u00ab\u00a0Ghostbusters Slot\u00a0\u00bb dans la barre de recherche.<\/li>\n<li><strong>S\u00e9lectionnez l&rsquo;application :<\/strong> Choisissez la bonne application parmi les r\u00e9sultats de la recherche. V\u00e9rifiez que le d\u00e9veloppeur est digne de confiance.<\/li>\n<li><strong>Installez l&rsquo;application :<\/strong> Cliquez sur \u00ab\u00a0Installer\u00a0\u00bb et attendez que l&rsquo;application soit t\u00e9l\u00e9charg\u00e9e et install\u00e9e.<\/li>\n<li><strong>Ouvrez \u00ab\u00a0Ghostbusters\u00a0\u00bb :<\/strong> Apr\u00e8s l&rsquo;installation, l&rsquo;application appara\u00eetra sur votre \u00e9cran. Ouvrez-la, connectez-vous \u00e0 votre compte ou inscrivez-vous et commencez \u00e0 jouer !<\/li>\n<\/ol>\n<p>Maintenant, vous avez \u00ab\u00a0Ghostbusters\u00a0\u00bb dans votre poche, pr\u00eat \u00e0 vous offrir une exp\u00e9rience passionnante.<\/p>\n<h2>T\u00e9l\u00e9chargement sur Ordinateur<\/h2>\n<p>Si vous pr\u00e9f\u00e9rez jouer sur votre ordinateur, \u00ab\u00a0Ghostbusters\u00a0\u00bb est \u00e9galement disponible en t\u00e9l\u00e9chargement. Suivez ces \u00e9tapes :<\/p>\n<ol>\n<li><strong>Visitez le site officiel :<\/strong> Rendez-vous sur le site officiel du casino proposant \u00ab\u00a0Ghostbusters\u00a0\u00bb en t\u00e9l\u00e9chargement.<\/li>\n<li><strong>S\u00e9lectionnez la section t\u00e9l\u00e9chargements :<\/strong> Sur le site, trouvez la section d\u00e9di\u00e9e aux t\u00e9l\u00e9chargements de jeux et s\u00e9lectionnez \u00ab\u00a0Ghostbusters\u00a0\u00bb.<\/li>\n<li><strong>Choisissez la version pour ordinateur :<\/strong> Assurez-vous de choisir la version du jeu compatible avec le syst\u00e8me d&rsquo;exploitation de votre ordinateur.<\/li>\n<li><strong>Suivez les instructions :<\/strong> Suivez les instructions \u00e0 l&rsquo;\u00e9cran pour terminer le processus d&rsquo;installation.<\/li>\n<li><strong>Lancez \u00ab\u00a0Ghostbusters\u00a0\u00bb :<\/strong> Apr\u00e8s l&rsquo;installation, lancez le jeu, connectez-vous \u00e0 votre compte et commencez \u00e0 faire tourner les rouleaux.<\/li>\n<\/ol>\n<p>Maintenant, vous avez l&rsquo;occasion de profiter de toute la grandeur de \u00ab\u00a0Ghostbusters\u00a0\u00bb directement depuis l&rsquo;\u00e9cran de votre ordinateur.<\/p>\n<p>Ne manquez pas l&rsquo;occasion de vous lancer dans une passionnante chasse aux fant\u00f4mes &#8211; t\u00e9l\u00e9chargez \u00ab\u00a0Ghostbusters\u00a0\u00bb d\u00e8s maintenant et ressentez le frisson du jeu !<\/p>\n","protected":false},"excerpt":{"rendered":"<p>Voulez-vous vous plonger dans le monde palpitant de la chasse aux fant\u00f4mes avec la machine \u00e0 sous \u00ab\u00a0Ghostbusters\u00a0\u00bb ? Nous proposons des options pratiques pour t\u00e9l\u00e9charger ce jeu passionnant sur diff\u00e9rents appareils. Que vous utilisiez Android, iPhone ou pr\u00e9f\u00e9riez jouer sur votre ordinateur, nous nous assurerons que vous avez un acc\u00e8s facile et rapide au [&hellip;]<\/p>\n","protected":false},"author":1,"featured_media":0,"parent":0,"menu_order":0,"comment_status":"closed","ping_status":"closed","template":"templates\/template-page-full-width.php","meta":{"footnotes":""},"class_list":["post-13","page","type-page","status-publish","hentry"],"yoast_head":"<!-- This site is optimized with the Yoast SEO plugin v27.2 - https:\/\/yoast.com\/product\/yoast-seo-wordpress\/ -->\n<title>Ghostbusters: \u0421\u043a\u0430\u0447\u0430\u0439\u0442\u0435 \u0438 \u043e\u043a\u0443\u043d\u0438\u0442\u0435\u0441\u044c \u0432 \u043c\u0438\u0440 \u0430\u0437\u0430\u0440\u0442\u0430 \u0433\u0434\u0435 \u0443\u0433\u043e\u0434\u043d\u043e<\/title>\n<meta name=\"description\" content=\"T\u00e9l\u00e9chargez Ghostbusters sur Android, iPhone ou ordinateur. Profitez des aventures palpitantes des chasseurs de fant\u00f4mes o\u00f9 que vous alliez. Installation facile !\" \/>\n<meta name=\"robots\" content=\"index, follow, max-snippet:-1, max-image-preview:large, max-video-preview:-1\" \/>\n<link rel=\"canonical\" href=\"https:\/\/ghostbusters-slots.com\/fr\/download-ghostbusters-slot-game\/\" \/>\n<meta property=\"og:locale\" content=\"fr_FR\" \/>\n<meta property=\"og:locale:alternate\" content=\"ru_RU\" \/>\n<meta property=\"og:locale:alternate\" content=\"en_US\" \/>\n<meta property=\"og:locale:alternate\" content=\"pt_PT\" \/>\n<meta property=\"og:locale:alternate\" content=\"es_ES\" \/>\n<meta property=\"og:locale:alternate\" content=\"de_DE\" \/>\n<meta property=\"og:locale:alternate\" content=\"ro_RO\" \/>\n<meta property=\"og:locale:alternate\" content=\"sr_RS\" \/>\n<meta property=\"og:locale:alternate\" content=\"bg_BG\" \/>\n<meta property=\"og:locale:alternate\" content=\"pl_PL\" \/>\n<meta property=\"og:locale:alternate\" content=\"it_IT\" \/>\n<meta property=\"og:type\" content=\"article\" \/>\n<meta property=\"og:title\" content=\"Ghostbusters: \u0421\u043a\u0430\u0447\u0430\u0439\u0442\u0435 \u0438 \u043e\u043a\u0443\u043d\u0438\u0442\u0435\u0441\u044c \u0432 \u043c\u0438\u0440 \u0430\u0437\u0430\u0440\u0442\u0430 \u0433\u0434\u0435 \u0443\u0433\u043e\u0434\u043d\u043e\" \/>\n<meta property=\"og:description\" content=\"\u0421\u043a\u0430\u0447\u0430\u0439\u0442\u0435 Ghostbusters \u043d\u0430 \u0410\u043d\u0434\u0440\u043e\u0438\u0434, iPhone \u0438\u043b\u0438 \u043a\u043e\u043c\u043f\u044c\u044e\u0442\u0435\u0440. \u041d\u0430\u0441\u043b\u0430\u0436\u0434\u0430\u0439\u0442\u0435\u0441\u044c \u0443\u0432\u043b\u0435\u043a\u0430\u0442\u0435\u043b\u044c\u043d\u044b\u043c\u0438 \u043f\u0440\u0438\u043a\u043b\u044e\u0447\u0435\u043d\u0438\u044f\u043c\u0438 \u043f\u0440\u0438\u0437\u0440\u0430\u043a\u043e\u043e\u0445\u043e\u0442\u043d\u0438\u043a\u043e\u0432 \u0432 \u043b\u044e\u0431\u043e\u043c \u043c\u0435\u0441\u0442\u0435. \u041f\u0440\u043e\u0441\u0442\u0430\u044f \u0443\u0441\u0442\u0430\u043d\u043e\u0432\u043a\u0430!\" \/>\n<meta property=\"og:url\" content=\"https:\/\/ghostbusters-slots.com\/fr\/download-ghostbusters-slot-game\/\" \/>\n<meta property=\"og:site_name\" content=\"Ghostbusters Slot\" \/>\n<meta property=\"article:modified_time\" content=\"2024-06-11T22:03:47+00:00\" \/>\n<meta name=\"twitter:card\" content=\"summary_large_image\" \/>\n<meta name=\"twitter:label1\" content=\"Dur\u00e9e de lecture estim\u00e9e\" \/>\n\t<meta name=\"twitter:data1\" content=\"20 minutes\" \/>\n<script type=\"application\/ld+json\" class=\"yoast-schema-graph\">{\"@context\":\"https:\/\/schema.org\",\"@graph\":[{\"@type\":\"WebPage\",\"@id\":\"https:\/\/ghostbusters-slots.com\/download-ghostbusters-slot-game\/\",\"url\":\"https:\/\/ghostbusters-slots.com\/download-ghostbusters-slot-game\/\",\"name\":\"Ghostbusters: \u0421\u043a\u0430\u0447\u0430\u0439\u0442\u0435 \u0438 \u043e\u043a\u0443\u043d\u0438\u0442\u0435\u0441\u044c \u0432 \u043c\u0438\u0440 \u0430\u0437\u0430\u0440\u0442\u0430 \u0433\u0434\u0435 \u0443\u0433\u043e\u0434\u043d\u043e\",\"isPartOf\":{\"@id\":\"https:\/\/ghostbusters-slots.com\/#website\"},\"datePublished\":\"2023-11-27T23:21:59+00:00\",\"dateModified\":\"2024-06-11T22:03:47+00:00\",\"description\":\"\u0421\u043a\u0430\u0447\u0430\u0439\u0442\u0435 Ghostbusters \u043d\u0430 \u0410\u043d\u0434\u0440\u043e\u0438\u0434, iPhone \u0438\u043b\u0438 \u043a\u043e\u043c\u043f\u044c\u044e\u0442\u0435\u0440. \u041d\u0430\u0441\u043b\u0430\u0436\u0434\u0430\u0439\u0442\u0435\u0441\u044c \u0443\u0432\u043b\u0435\u043a\u0430\u0442\u0435\u043b\u044c\u043d\u044b\u043c\u0438 \u043f\u0440\u0438\u043a\u043b\u044e\u0447\u0435\u043d\u0438\u044f\u043c\u0438 \u043f\u0440\u0438\u0437\u0440\u0430\u043a\u043e\u043e\u0445\u043e\u0442\u043d\u0438\u043a\u043e\u0432 \u0432 \u043b\u044e\u0431\u043e\u043c \u043c\u0435\u0441\u0442\u0435. \u041f\u0440\u043e\u0441\u0442\u0430\u044f \u0443\u0441\u0442\u0430\u043d\u043e\u0432\u043a\u0430!\",\"breadcrumb\":{\"@id\":\"https:\/\/ghostbusters-slots.com\/download-ghostbusters-slot-game\/#breadcrumb\"},\"inLanguage\":\"fr-FR\",\"potentialAction\":[{\"@type\":\"ReadAction\",\"target\":[\"https:\/\/ghostbusters-slots.com\/download-ghostbusters-slot-game\/\"]}]},{\"@type\":\"BreadcrumbList\",\"@id\":\"https:\/\/ghostbusters-slots.com\/download-ghostbusters-slot-game\/#breadcrumb\",\"itemListElement\":[{\"@type\":\"ListItem\",\"position\":1,\"name\":\"Home\",\"item\":\"https:\/\/ghostbusters-slots.com\/\"},{\"@type\":\"ListItem\",\"position\":2,\"name\":\"\u0417\u0430\u0433\u0440\u0443\u0437\u043a\u0430 \u0438\u0433\u0440\u044b &#171;Ghostbusters&#187;: \u0412\u0430\u0448 \u043f\u0443\u0442\u044c \u043a \u0437\u0430\u0445\u0432\u0430\u0442\u044b\u0432\u0430\u044e\u0449\u0438\u043c \u043f\u0440\u0438\u043a\u043b\u044e\u0447\u0435\u043d\u0438\u044f\u043c\"}]},{\"@type\":\"WebSite\",\"@id\":\"https:\/\/ghostbusters-slots.com\/#website\",\"url\":\"https:\/\/ghostbusters-slots.com\/\",\"name\":\"Ghostbusters Slot\",\"description\":\"\",\"publisher\":{\"@id\":\"https:\/\/ghostbusters-slots.com\/#organization\"},\"potentialAction\":[{\"@type\":\"SearchAction\",\"target\":{\"@type\":\"EntryPoint\",\"urlTemplate\":\"https:\/\/ghostbusters-slots.com\/?s={search_term_string}\"},\"query-input\":{\"@type\":\"PropertyValueSpecification\",\"valueRequired\":true,\"valueName\":\"search_term_string\"}}],\"inLanguage\":\"fr-FR\"},{\"@type\":\"Organization\",\"@id\":\"https:\/\/ghostbusters-slots.com\/#organization\",\"name\":\"Ghostbusters Slot\",\"url\":\"https:\/\/ghostbusters-slots.com\/\",\"logo\":{\"@type\":\"ImageObject\",\"inLanguage\":\"fr-FR\",\"@id\":\"https:\/\/ghostbusters-slots.com\/#\/schema\/logo\/image\/\",\"url\":\"https:\/\/ghostbusters-slots.com\/wp-content\/uploads\/ghostbusters-movie-png-logo-1-e1701219327849.png\",\"contentUrl\":\"https:\/\/ghostbusters-slots.com\/wp-content\/uploads\/ghostbusters-movie-png-logo-1-e1701219327849.png\",\"width\":800,\"height\":200,\"caption\":\"Ghostbusters Slot\"},\"image\":{\"@id\":\"https:\/\/ghostbusters-slots.com\/#\/schema\/logo\/image\/\"}}]}<\/script>\n<!-- \/ Yoast SEO plugin. -->","yoast_head_json":{"title":"Ghostbusters: \u0421\u043a\u0430\u0447\u0430\u0439\u0442\u0435 \u0438 \u043e\u043a\u0443\u043d\u0438\u0442\u0435\u0441\u044c \u0432 \u043c\u0438\u0440 \u0430\u0437\u0430\u0440\u0442\u0430 \u0433\u0434\u0435 \u0443\u0433\u043e\u0434\u043d\u043e","description":"T\u00e9l\u00e9chargez Ghostbusters sur Android, iPhone ou ordinateur. Profitez des aventures palpitantes des chasseurs de fant\u00f4mes o\u00f9 que vous alliez. Installation facile !","robots":{"index":"index","follow":"follow","max-snippet":"max-snippet:-1","max-image-preview":"max-image-preview:large","max-video-preview":"max-video-preview:-1"},"canonical":"https:\/\/ghostbusters-slots.com\/fr\/download-ghostbusters-slot-game\/","og_locale":"fr_FR","og_type":"article","og_title":"Ghostbusters: \u0421\u043a\u0430\u0447\u0430\u0439\u0442\u0435 \u0438 \u043e\u043a\u0443\u043d\u0438\u0442\u0435\u0441\u044c \u0432 \u043c\u0438\u0440 \u0430\u0437\u0430\u0440\u0442\u0430 \u0433\u0434\u0435 \u0443\u0433\u043e\u0434\u043d\u043e","og_description":"\u0421\u043a\u0430\u0447\u0430\u0439\u0442\u0435 Ghostbusters \u043d\u0430 \u0410\u043d\u0434\u0440\u043e\u0438\u0434, iPhone \u0438\u043b\u0438 \u043a\u043e\u043c\u043f\u044c\u044e\u0442\u0435\u0440. \u041d\u0430\u0441\u043b\u0430\u0436\u0434\u0430\u0439\u0442\u0435\u0441\u044c \u0443\u0432\u043b\u0435\u043a\u0430\u0442\u0435\u043b\u044c\u043d\u044b\u043c\u0438 \u043f\u0440\u0438\u043a\u043b\u044e\u0447\u0435\u043d\u0438\u044f\u043c\u0438 \u043f\u0440\u0438\u0437\u0440\u0430\u043a\u043e\u043e\u0445\u043e\u0442\u043d\u0438\u043a\u043e\u0432 \u0432 \u043b\u044e\u0431\u043e\u043c \u043c\u0435\u0441\u0442\u0435. \u041f\u0440\u043e\u0441\u0442\u0430\u044f \u0443\u0441\u0442\u0430\u043d\u043e\u0432\u043a\u0430!","og_url":"https:\/\/ghostbusters-slots.com\/fr\/download-ghostbusters-slot-game\/","og_site_name":"Ghostbusters Slot","article_modified_time":"2024-06-11T22:03:47+00:00","twitter_card":"summary_large_image","twitter_misc":{"Dur\u00e9e de lecture estim\u00e9e":"20 minutes"},"schema":{"@context":"https:\/\/schema.org","@graph":[{"@type":"WebPage","@id":"https:\/\/ghostbusters-slots.com\/download-ghostbusters-slot-game\/","url":"https:\/\/ghostbusters-slots.com\/download-ghostbusters-slot-game\/","name":"Ghostbusters: \u0421\u043a\u0430\u0447\u0430\u0439\u0442\u0435 \u0438 \u043e\u043a\u0443\u043d\u0438\u0442\u0435\u0441\u044c \u0432 \u043c\u0438\u0440 \u0430\u0437\u0430\u0440\u0442\u0430 \u0433\u0434\u0435 \u0443\u0433\u043e\u0434\u043d\u043e","isPartOf":{"@id":"https:\/\/ghostbusters-slots.com\/#website"},"datePublished":"2023-11-27T23:21:59+00:00","dateModified":"2024-06-11T22:03:47+00:00","description":"\u0421\u043a\u0430\u0447\u0430\u0439\u0442\u0435 Ghostbusters \u043d\u0430 \u0410\u043d\u0434\u0440\u043e\u0438\u0434, iPhone \u0438\u043b\u0438 \u043a\u043e\u043c\u043f\u044c\u044e\u0442\u0435\u0440. \u041d\u0430\u0441\u043b\u0430\u0436\u0434\u0430\u0439\u0442\u0435\u0441\u044c \u0443\u0432\u043b\u0435\u043a\u0430\u0442\u0435\u043b\u044c\u043d\u044b\u043c\u0438 \u043f\u0440\u0438\u043a\u043b\u044e\u0447\u0435\u043d\u0438\u044f\u043c\u0438 \u043f\u0440\u0438\u0437\u0440\u0430\u043a\u043e\u043e\u0445\u043e\u0442\u043d\u0438\u043a\u043e\u0432 \u0432 \u043b\u044e\u0431\u043e\u043c \u043c\u0435\u0441\u0442\u0435. \u041f\u0440\u043e\u0441\u0442\u0430\u044f \u0443\u0441\u0442\u0430\u043d\u043e\u0432\u043a\u0430!","breadcrumb":{"@id":"https:\/\/ghostbusters-slots.com\/download-ghostbusters-slot-game\/#breadcrumb"},"inLanguage":"fr-FR","potentialAction":[{"@type":"ReadAction","target":["https:\/\/ghostbusters-slots.com\/download-ghostbusters-slot-game\/"]}]},{"@type":"BreadcrumbList","@id":"https:\/\/ghostbusters-slots.com\/download-ghostbusters-slot-game\/#breadcrumb","itemListElement":[{"@type":"ListItem","position":1,"name":"Home","item":"https:\/\/ghostbusters-slots.com\/"},{"@type":"ListItem","position":2,"name":"\u0417\u0430\u0433\u0440\u0443\u0437\u043a\u0430 \u0438\u0433\u0440\u044b &#171;Ghostbusters&#187;: \u0412\u0430\u0448 \u043f\u0443\u0442\u044c \u043a \u0437\u0430\u0445\u0432\u0430\u0442\u044b\u0432\u0430\u044e\u0449\u0438\u043c \u043f\u0440\u0438\u043a\u043b\u044e\u0447\u0435\u043d\u0438\u044f\u043c"}]},{"@type":"WebSite","@id":"https:\/\/ghostbusters-slots.com\/#website","url":"https:\/\/ghostbusters-slots.com\/","name":"Ghostbusters Slot","description":"","publisher":{"@id":"https:\/\/ghostbusters-slots.com\/#organization"},"potentialAction":[{"@type":"SearchAction","target":{"@type":"EntryPoint","urlTemplate":"https:\/\/ghostbusters-slots.com\/?s={search_term_string}"},"query-input":{"@type":"PropertyValueSpecification","valueRequired":true,"valueName":"search_term_string"}}],"inLanguage":"fr-FR"},{"@type":"Organization","@id":"https:\/\/ghostbusters-slots.com\/#organization","name":"Ghostbusters Slot","url":"https:\/\/ghostbusters-slots.com\/","logo":{"@type":"ImageObject","inLanguage":"fr-FR","@id":"https:\/\/ghostbusters-slots.com\/#\/schema\/logo\/image\/","url":"https:\/\/ghostbusters-slots.com\/wp-content\/uploads\/ghostbusters-movie-png-logo-1-e1701219327849.png","contentUrl":"https:\/\/ghostbusters-slots.com\/wp-content\/uploads\/ghostbusters-movie-png-logo-1-e1701219327849.png","width":800,"height":200,"caption":"Ghostbusters Slot"},"image":{"@id":"https:\/\/ghostbusters-slots.com\/#\/schema\/logo\/image\/"}}]}},"_links":{"self":[{"href":"https:\/\/ghostbusters-slots.com\/fr\/wp-json\/wp\/v2\/pages\/13","targetHints":{"allow":["GET"]}}],"collection":[{"href":"https:\/\/ghostbusters-slots.com\/fr\/wp-json\/wp\/v2\/pages"}],"about":[{"href":"https:\/\/ghostbusters-slots.com\/fr\/wp-json\/wp\/v2\/types\/page"}],"author":[{"embeddable":true,"href":"https:\/\/ghostbusters-slots.com\/fr\/wp-json\/wp\/v2\/users\/1"}],"replies":[{"embeddable":true,"href":"https:\/\/ghostbusters-slots.com\/fr\/wp-json\/wp\/v2\/comments?post=13"}],"version-history":[{"count":22,"href":"https:\/\/ghostbusters-slots.com\/fr\/wp-json\/wp\/v2\/pages\/13\/revisions"}],"predecessor-version":[{"id":172,"href":"https:\/\/ghostbusters-slots.com\/fr\/wp-json\/wp\/v2\/pages\/13\/revisions\/172"}],"wp:attachment":[{"href":"https:\/\/ghostbusters-slots.com\/fr\/wp-json\/wp\/v2\/media?parent=13"}],"curies":[{"name":"wp","href":"https:\/\/api.w.org\/{rel}","templated":true}]}}