{"id":15,"date":"2023-11-27T23:22:34","date_gmt":"2023-11-27T23:22:34","guid":{"rendered":"https:\/\/ghostbusters-slots.com\/?page_id=15"},"modified":"2024-06-11T22:06:37","modified_gmt":"2024-06-11T22:06:37","slug":"play-ghostbusters-online-casino","status":"publish","type":"page","link":"https:\/\/ghostbusters-slots.com\/fr\/play-ghostbusters-online-casino\/","title":{"rendered":"Jouez dans les casinos en ligne et plongez-vous dans le monde des \u00ab\u00a0Ghostbusters\u00a0\u00bb"},"content":{"rendered":"<p>Bienvenue dans le monde passionnant des casinos en ligne, o\u00f9 l&rsquo;excitation rencontre le jeu captivant ! Si vous \u00eates pr\u00eat \u00e0 ressentir l&rsquo;adr\u00e9naline et \u00e0 avoir la chance de gagner de gros prix, alors \u00ab\u00a0Ghostbusters\u00a0\u00bb est votre porte d&rsquo;entr\u00e9e vers le monde de la chasse aux fant\u00f4mes. Laissez-nous vous expliquer comment commencer votre aventure de jeu d\u00e8s maintenant.<\/p>\n<h2>Pourquoi s&rsquo;inscrire dans un casino en ligne ?<\/h2>\n<p>S&rsquo;inscrire dans un casino en ligne est la premi\u00e8re \u00e9tape cruciale vers l&rsquo;incroyable monde du divertissement de jeu. Cela ouvre les portes \u00e0 une multitude de jeux, de bonus et de promotions excitantes. Les joueurs inscrits ont acc\u00e8s \u00e0 une large gamme de jeux, y compris le c\u00e9l\u00e8bre \u00ab\u00a0Ghostbusters\u00a0\u00bb, ainsi qu&rsquo;\u00e0 de nombreux bonus et opportunit\u00e9s de gain.<\/p>\n<h2>Jouez \u00e0 \u00ab\u00a0Ghostbusters\u00a0\u00bb gratuitement<\/h2>\n<p>Avant de plonger dans l&rsquo;excitation du jeu avec de l&rsquo;argent r\u00e9el, vous pouvez essayer \u00ab\u00a0Ghostbusters\u00a0\u00bb en mode de jeu gratuit. C&rsquo;est un excellent moyen de vous familiariser avec les r\u00e8gles, les fonctionnalit\u00e9s et l&rsquo;atmosph\u00e8re de la machine \u00e0 sous sans risquer vos fonds. Dans les casinos en ligne, vous pouvez facilement passer d&rsquo;un mode \u00e0 l&rsquo;autre, en choisissant celui qui correspond \u00e0 votre humeur &#8211; que ce soit la chasse aux fant\u00f4mes palpitante ou simplement le plaisir de faire tourner les rouleaux.<\/p>\n<h2>M\u00e9thodes d&rsquo;inscription<\/h2>\n<p>Le processus d&rsquo;inscription dans un casino en ligne est g\u00e9n\u00e9ralement simple et ne prend pas beaucoup de temps. Vous devrez fournir des informations de base telles que votre nom, votre adresse e-mail et votre date de naissance. Certains casinos peuvent demander des donn\u00e9es suppl\u00e9mentaires pour confirmer votre identit\u00e9 et garantir votre s\u00e9curit\u00e9. Apr\u00e8s une inscription r\u00e9ussie, vous recevrez un compte unique qui sera votre cl\u00e9 pour le monde virtuel des jeux de hasard.<\/p>\n<h2>M\u00e9thodes de d\u00e9p\u00f4t<\/h2>\n<p>Pour profiter du jeu avec de l&rsquo;argent r\u00e9el et avoir la chance de gagner de gros prix, vous devez effectuer un d\u00e9p\u00f4t sur votre compte. Les casinos en ligne offrent diff\u00e9rentes m\u00e9thodes de d\u00e9p\u00f4t pour rendre ce processus pratique et s\u00fbr pour chaque joueur.<\/p>\n<h3><strong>a. Cartes de cr\u00e9dit et portefeuilles \u00e9lectroniques :<\/strong><\/h3>\n<p>De nombreux casinos acceptent les paiements par cartes de cr\u00e9dit (Visa, MasterCard) et portefeuilles \u00e9lectroniques (Neteller, Skrill). Ces m\u00e9thodes garantissent des transactions rapides et s\u00e9curis\u00e9es.<\/p>\n<h3><strong>b. Virements bancaires :<\/strong><\/h3>\n<p>Certains joueurs pr\u00e9f\u00e8rent effectuer des d\u00e9p\u00f4ts par virements bancaires. Cette m\u00e9thode peut prendre plus de temps, mais elle offre g\u00e9n\u00e9ralement le plus haut niveau de s\u00e9curit\u00e9.<\/p>\n<h3><strong>c. Cryptomonnaies :<\/strong><\/h3>\n<p>Dans certains casinos en ligne modernes, vous pouvez utiliser des cryptomonnaies (comme le Bitcoin) pour effectuer des d\u00e9p\u00f4ts. Cela offre un haut niveau d&rsquo;anonymat et acc\u00e9l\u00e8re le processus de transaction.<\/p>\n<p>Choisissez la m\u00e9thode de d\u00e9p\u00f4t qui vous convient le mieux, en suivant les instructions sur le site du casino.<\/p>\n<h2>M\u00e9thodes de retrait<\/h2>\n<p>Lorsque le moment de gagner arrive, vous voulez \u00eatre s\u00fbr de pouvoir retirer facilement et en toute s\u00e9curit\u00e9 votre argent. Les casinos en ligne proposent g\u00e9n\u00e9ralement plusieurs m\u00e9thodes de retrait :<\/p>\n<h3><strong>a. Cartes de cr\u00e9dit :<\/strong><\/h3>\n<p>Les cartes de cr\u00e9dit sont souvent utilis\u00e9es pour retirer les gains. Il suffit de sp\u00e9cifier le montant souhait\u00e9, et il sera transf\u00e9r\u00e9 sur votre carte.<\/p>\n<h3><strong>b. Portefeuilles \u00e9lectroniques :<\/strong><\/h3>\n<p>Les portefeuilles \u00e9lectroniques comme Neteller et Skrill offrent des m\u00e9thodes de retrait rapides et pratiques.<\/p>\n<h3><strong>c. Virements bancaires :<\/strong><\/h3>\n<p>Certains joueurs pr\u00e9f\u00e8rent les virements bancaires pour retirer de grosses sommes. Cette m\u00e9thode peut prendre plus de temps, mais elle garantit la s\u00e9curit\u00e9 de la transaction.<\/p>\n<h3><strong>d. Cryptomonnaies :<\/strong><\/h3>\n<p>Si vous avez utilis\u00e9 des cryptomonnaies pour effectuer des d\u00e9p\u00f4ts, vous pouvez souvent les choisir pour retirer \u00e9galement vos gains.<\/p>\n<p>Choisissez la m\u00e9thode de retrait appropri\u00e9e, en tenant compte de vos pr\u00e9f\u00e9rences et de votre confort.<\/p>\n<h2>Conclusion<\/h2>\n<p>Maintenant que vous vous \u00eates inscrit dans un casino en ligne, que vous avez essay\u00e9 \u00ab\u00a0Ghostbusters\u00a0\u00bb en mode gratuit et que vous avez effectu\u00e9 un d\u00e9p\u00f4t, vous \u00eates pr\u00eat pour une aventure passionnante dans le monde du divertissement de jeu. N&rsquo;oubliez pas de jouer de mani\u00e8re responsable, de surveiller votre budget et de profiter des moments excitants que \u00ab\u00a0Ghostbusters\u00a0\u00bb a pr\u00e9par\u00e9s pour vous ! Bonne chance sur les rouleaux !<\/p>\n","protected":false},"excerpt":{"rendered":"<p>Bienvenue dans le monde passionnant des casinos en ligne, o\u00f9 l&rsquo;excitation rencontre le jeu captivant ! Si vous \u00eates pr\u00eat \u00e0 ressentir l&rsquo;adr\u00e9naline et \u00e0 avoir la chance de gagner de gros prix, alors \u00ab\u00a0Ghostbusters\u00a0\u00bb est votre porte d&rsquo;entr\u00e9e vers le monde de la chasse aux fant\u00f4mes. Laissez-nous vous expliquer comment commencer votre aventure de [&hellip;]<\/p>\n","protected":false},"author":1,"featured_media":0,"parent":0,"menu_order":0,"comment_status":"closed","ping_status":"closed","template":"templates\/template-page-full-width.php","meta":{"footnotes":""},"class_list":["post-15","page","type-page","status-publish","hentry"],"yoast_head":"<!-- This site is optimized with the Yoast SEO plugin v27.2 - https:\/\/yoast.com\/product\/yoast-seo-wordpress\/ -->\n<title>Juega en el casino en l\u00ednea con Ghostbusters: emoci\u00f3n y fantasmas emocionantes<\/title>\n<meta name=\"description\" content=\"Inscrivez-vous au casino en ligne, jouez gratuitement \u00e0 Ghostbusters et remportez de vrais prix. D\u00e9couvrez d\u00e8s maintenant les m\u00e9thodes de d\u00e9p\u00f4t et de retrait !\" \/>\n<meta name=\"robots\" content=\"index, follow, max-snippet:-1, max-image-preview:large, max-video-preview:-1\" \/>\n<link rel=\"canonical\" href=\"https:\/\/ghostbusters-slots.com\/fr\/play-ghostbusters-online-casino\/\" \/>\n<meta property=\"og:locale\" content=\"fr_FR\" \/>\n<meta property=\"og:locale:alternate\" content=\"ru_RU\" \/>\n<meta property=\"og:locale:alternate\" content=\"en_US\" \/>\n<meta property=\"og:locale:alternate\" content=\"pt_PT\" \/>\n<meta property=\"og:locale:alternate\" content=\"es_ES\" \/>\n<meta property=\"og:locale:alternate\" content=\"de_DE\" \/>\n<meta property=\"og:locale:alternate\" content=\"ro_RO\" \/>\n<meta property=\"og:locale:alternate\" content=\"sr_RS\" \/>\n<meta property=\"og:locale:alternate\" content=\"bg_BG\" \/>\n<meta property=\"og:locale:alternate\" content=\"pl_PL\" \/>\n<meta property=\"og:locale:alternate\" content=\"it_IT\" \/>\n<meta property=\"og:type\" content=\"article\" \/>\n<meta property=\"og:title\" content=\"Juega en el casino en l\u00ednea con Ghostbusters: emoci\u00f3n y fantasmas emocionantes\" \/>\n<meta property=\"og:description\" content=\"Reg\u00edstrate en el casino en l\u00ednea, juega a Ghostbusters gratis y gana premios reales. \u00a1Aprende sobre m\u00e9todos de dep\u00f3sito y retiro ahora mismo!\" \/>\n<meta property=\"og:url\" content=\"https:\/\/ghostbusters-slots.com\/fr\/play-ghostbusters-online-casino\/\" \/>\n<meta property=\"og:site_name\" content=\"Ghostbusters Slot\" \/>\n<meta property=\"article:modified_time\" content=\"2024-06-11T22:06:37+00:00\" \/>\n<meta name=\"twitter:card\" content=\"summary_large_image\" \/>\n<meta name=\"twitter:label1\" content=\"Dur\u00e9e de lecture estim\u00e9e\" \/>\n\t<meta name=\"twitter:data1\" content=\"26 minutes\" \/>\n<script type=\"application\/ld+json\" class=\"yoast-schema-graph\">{\"@context\":\"https:\/\/schema.org\",\"@graph\":[{\"@type\":\"WebPage\",\"@id\":\"https:\/\/ghostbusters-slots.com\/es\/play-ghostbusters-online-casino\/\",\"url\":\"https:\/\/ghostbusters-slots.com\/es\/play-ghostbusters-online-casino\/\",\"name\":\"Juega en el casino en l\u00ednea con Ghostbusters: emoci\u00f3n y fantasmas emocionantes\",\"isPartOf\":{\"@id\":\"https:\/\/ghostbusters-slots.com\/#website\"},\"datePublished\":\"2023-11-27T23:22:34+00:00\",\"dateModified\":\"2024-06-11T22:06:37+00:00\",\"description\":\"Reg\u00edstrate en el casino en l\u00ednea, juega a Ghostbusters gratis y gana premios reales. \u00a1Aprende sobre m\u00e9todos de dep\u00f3sito y retiro ahora mismo!\",\"breadcrumb\":{\"@id\":\"https:\/\/ghostbusters-slots.com\/es\/play-ghostbusters-online-casino\/#breadcrumb\"},\"inLanguage\":\"fr-FR\",\"potentialAction\":[{\"@type\":\"ReadAction\",\"target\":[\"https:\/\/ghostbusters-slots.com\/es\/play-ghostbusters-online-casino\/\"]}]},{\"@type\":\"BreadcrumbList\",\"@id\":\"https:\/\/ghostbusters-slots.com\/es\/play-ghostbusters-online-casino\/#breadcrumb\",\"itemListElement\":[{\"@type\":\"ListItem\",\"position\":1,\"name\":\"Home\",\"item\":\"https:\/\/ghostbusters-slots.com\/\"},{\"@type\":\"ListItem\",\"position\":2,\"name\":\"Juega en Casinos en L\u00ednea y Sum\u00e9rgete en el Mundo de \u00abGhostbusters\u00bb\"}]},{\"@type\":\"WebSite\",\"@id\":\"https:\/\/ghostbusters-slots.com\/#website\",\"url\":\"https:\/\/ghostbusters-slots.com\/\",\"name\":\"Ghostbusters Slot\",\"description\":\"\",\"publisher\":{\"@id\":\"https:\/\/ghostbusters-slots.com\/#organization\"},\"potentialAction\":[{\"@type\":\"SearchAction\",\"target\":{\"@type\":\"EntryPoint\",\"urlTemplate\":\"https:\/\/ghostbusters-slots.com\/?s={search_term_string}\"},\"query-input\":{\"@type\":\"PropertyValueSpecification\",\"valueRequired\":true,\"valueName\":\"search_term_string\"}}],\"inLanguage\":\"fr-FR\"},{\"@type\":\"Organization\",\"@id\":\"https:\/\/ghostbusters-slots.com\/#organization\",\"name\":\"Ghostbusters Slot\",\"url\":\"https:\/\/ghostbusters-slots.com\/\",\"logo\":{\"@type\":\"ImageObject\",\"inLanguage\":\"fr-FR\",\"@id\":\"https:\/\/ghostbusters-slots.com\/#\/schema\/logo\/image\/\",\"url\":\"https:\/\/ghostbusters-slots.com\/wp-content\/uploads\/ghostbusters-movie-png-logo-1-e1701219327849.png\",\"contentUrl\":\"https:\/\/ghostbusters-slots.com\/wp-content\/uploads\/ghostbusters-movie-png-logo-1-e1701219327849.png\",\"width\":800,\"height\":200,\"caption\":\"Ghostbusters Slot\"},\"image\":{\"@id\":\"https:\/\/ghostbusters-slots.com\/#\/schema\/logo\/image\/\"}}]}<\/script>\n<!-- \/ Yoast SEO plugin. -->","yoast_head_json":{"title":"Juega en el casino en l\u00ednea con Ghostbusters: emoci\u00f3n y fantasmas emocionantes","description":"Inscrivez-vous au casino en ligne, jouez gratuitement \u00e0 Ghostbusters et remportez de vrais prix. D\u00e9couvrez d\u00e8s maintenant les m\u00e9thodes de d\u00e9p\u00f4t et de retrait !","robots":{"index":"index","follow":"follow","max-snippet":"max-snippet:-1","max-image-preview":"max-image-preview:large","max-video-preview":"max-video-preview:-1"},"canonical":"https:\/\/ghostbusters-slots.com\/fr\/play-ghostbusters-online-casino\/","og_locale":"fr_FR","og_type":"article","og_title":"Juega en el casino en l\u00ednea con Ghostbusters: emoci\u00f3n y fantasmas emocionantes","og_description":"Reg\u00edstrate en el casino en l\u00ednea, juega a Ghostbusters gratis y gana premios reales. \u00a1Aprende sobre m\u00e9todos de dep\u00f3sito y retiro ahora mismo!","og_url":"https:\/\/ghostbusters-slots.com\/fr\/play-ghostbusters-online-casino\/","og_site_name":"Ghostbusters Slot","article_modified_time":"2024-06-11T22:06:37+00:00","twitter_card":"summary_large_image","twitter_misc":{"Dur\u00e9e de lecture estim\u00e9e":"26 minutes"},"schema":{"@context":"https:\/\/schema.org","@graph":[{"@type":"WebPage","@id":"https:\/\/ghostbusters-slots.com\/es\/play-ghostbusters-online-casino\/","url":"https:\/\/ghostbusters-slots.com\/es\/play-ghostbusters-online-casino\/","name":"Juega en el casino en l\u00ednea con Ghostbusters: emoci\u00f3n y fantasmas emocionantes","isPartOf":{"@id":"https:\/\/ghostbusters-slots.com\/#website"},"datePublished":"2023-11-27T23:22:34+00:00","dateModified":"2024-06-11T22:06:37+00:00","description":"Reg\u00edstrate en el casino en l\u00ednea, juega a Ghostbusters gratis y gana premios reales. \u00a1Aprende sobre m\u00e9todos de dep\u00f3sito y retiro ahora mismo!","breadcrumb":{"@id":"https:\/\/ghostbusters-slots.com\/es\/play-ghostbusters-online-casino\/#breadcrumb"},"inLanguage":"fr-FR","potentialAction":[{"@type":"ReadAction","target":["https:\/\/ghostbusters-slots.com\/es\/play-ghostbusters-online-casino\/"]}]},{"@type":"BreadcrumbList","@id":"https:\/\/ghostbusters-slots.com\/es\/play-ghostbusters-online-casino\/#breadcrumb","itemListElement":[{"@type":"ListItem","position":1,"name":"Home","item":"https:\/\/ghostbusters-slots.com\/"},{"@type":"ListItem","position":2,"name":"Juega en Casinos en L\u00ednea y Sum\u00e9rgete en el Mundo de \u00abGhostbusters\u00bb"}]},{"@type":"WebSite","@id":"https:\/\/ghostbusters-slots.com\/#website","url":"https:\/\/ghostbusters-slots.com\/","name":"Ghostbusters Slot","description":"","publisher":{"@id":"https:\/\/ghostbusters-slots.com\/#organization"},"potentialAction":[{"@type":"SearchAction","target":{"@type":"EntryPoint","urlTemplate":"https:\/\/ghostbusters-slots.com\/?s={search_term_string}"},"query-input":{"@type":"PropertyValueSpecification","valueRequired":true,"valueName":"search_term_string"}}],"inLanguage":"fr-FR"},{"@type":"Organization","@id":"https:\/\/ghostbusters-slots.com\/#organization","name":"Ghostbusters Slot","url":"https:\/\/ghostbusters-slots.com\/","logo":{"@type":"ImageObject","inLanguage":"fr-FR","@id":"https:\/\/ghostbusters-slots.com\/#\/schema\/logo\/image\/","url":"https:\/\/ghostbusters-slots.com\/wp-content\/uploads\/ghostbusters-movie-png-logo-1-e1701219327849.png","contentUrl":"https:\/\/ghostbusters-slots.com\/wp-content\/uploads\/ghostbusters-movie-png-logo-1-e1701219327849.png","width":800,"height":200,"caption":"Ghostbusters Slot"},"image":{"@id":"https:\/\/ghostbusters-slots.com\/#\/schema\/logo\/image\/"}}]}},"_links":{"self":[{"href":"https:\/\/ghostbusters-slots.com\/fr\/wp-json\/wp\/v2\/pages\/15","targetHints":{"allow":["GET"]}}],"collection":[{"href":"https:\/\/ghostbusters-slots.com\/fr\/wp-json\/wp\/v2\/pages"}],"about":[{"href":"https:\/\/ghostbusters-slots.com\/fr\/wp-json\/wp\/v2\/types\/page"}],"author":[{"embeddable":true,"href":"https:\/\/ghostbusters-slots.com\/fr\/wp-json\/wp\/v2\/users\/1"}],"replies":[{"embeddable":true,"href":"https:\/\/ghostbusters-slots.com\/fr\/wp-json\/wp\/v2\/comments?post=15"}],"version-history":[{"count":22,"href":"https:\/\/ghostbusters-slots.com\/fr\/wp-json\/wp\/v2\/pages\/15\/revisions"}],"predecessor-version":[{"id":173,"href":"https:\/\/ghostbusters-slots.com\/fr\/wp-json\/wp\/v2\/pages\/15\/revisions\/173"}],"wp:attachment":[{"href":"https:\/\/ghostbusters-slots.com\/fr\/wp-json\/wp\/v2\/media?parent=15"}],"curies":[{"name":"wp","href":"https:\/\/api.w.org\/{rel}","templated":true}]}}