{"id":17,"date":"2023-11-27T23:25:44","date_gmt":"2023-11-27T23:25:44","guid":{"rendered":"https:\/\/ghostbusters-slots.com\/?page_id=17"},"modified":"2024-06-11T22:14:00","modified_gmt":"2024-06-11T22:14:00","slug":"about-us","status":"publish","type":"page","link":"https:\/\/ghostbusters-slots.com\/fr\/about-us\/","title":{"rendered":"\u00c0 propos de nous : D\u00e9voiler les myst\u00e8res du jeu \u00ab\u00a0Ghostbusters\u00a0\u00bb"},"content":{"rendered":"<p>Bienvenue sur notre page \u00ab\u00a0\u00c0 propos de nous\u00a0\u00bb ! Nous sommes une \u00e9quipe d&rsquo;enthousiastes dont le but est de d\u00e9couvrir tous les myst\u00e8res et la magnificence du jeu \u00ab\u00a0Ghostbusters\u00a0\u00bb. Notre passion pour les jeux nous a pouss\u00e9s \u00e0 cr\u00e9er cet espace o\u00f9 vous trouverez toutes les informations n\u00e9cessaires sur votre jeu pr\u00e9f\u00e9r\u00e9.<\/p>\n<h2>Nos valeurs<\/h2>\n<p>Nous nous effor\u00e7ons de vous fournir les informations les plus pr\u00e9cises et les plus utiles sur \u00ab\u00a0Ghostbusters\u00a0\u00bb. Notre \u00e9quipe rassemble des mat\u00e9riaux exclusifs, analyse les r\u00e8gles du jeu, explore les tours de bonus et reste inform\u00e9e des derniers d\u00e9veloppements.<\/p>\n<h2>Ce que nous offrons<\/h2>\n<ul>\n<li><strong>Analyses approfondies du jeu :<\/strong> Nous diss\u00e9quons chaque aspect de \u00ab\u00a0Ghostbusters\u00a0\u00bb &#8211; des symboles aux strat\u00e9gies de jeu. Nos critiques offrent une image compl\u00e8te pour que vous puissiez prendre des d\u00e9cisions \u00e9clair\u00e9es.<\/li>\n<li><strong>Derni\u00e8res actualit\u00e9s :<\/strong> Restez \u00e0 l&rsquo;\u00e9coute de nos mises \u00e0 jour pour \u00eatre inform\u00e9 des derni\u00e8res nouvelles et \u00e9v\u00e9nements dans le monde de \u00ab\u00a0Ghostbusters\u00a0\u00bb. Nous vous tiendrons inform\u00e9 des nouveaux bonus, tournois et nouvelles versions du jeu.<\/li>\n<li><strong>Astuces et strat\u00e9gies :<\/strong> Apprenez des strat\u00e9gies de jeu efficaces et des astuces de joueurs exp\u00e9riment\u00e9s. Nous partageons les meilleures pratiques pour vous aider \u00e0 am\u00e9liorer votre exp\u00e9rience de jeu.<\/li>\n<li><strong>R\u00e9ponses aux questions :<\/strong> Dans la section \u00ab\u00a0Foire aux questions\u00a0\u00bb, vous trouverez des r\u00e9ponses aux questions courantes sur le jeu. Nous faisons tout pour simplifier votre chemin vers des victoires fantomatiques.<\/li>\n<\/ul>\n<h2>Notre mission<\/h2>\n<p>Notre mission est de cr\u00e9er un espace o\u00f9 chaque joueur peut trouver l&rsquo;inspiration, le soutien et, surtout, une exp\u00e9rience de jeu excitante dans \u00ab\u00a0Ghostbusters\u00a0\u00bb. Nous croyons que tout le monde devrait avoir acc\u00e8s \u00e0 des informations de qualit\u00e9 pour jouer avec plaisir et en toute confiance.<\/p>\n<p>Merci de nous avoir choisis pour votre voyage de jeu. Explorons ensemble le monde de \u00ab\u00a0Ghostbusters\u00a0\u00bb et cr\u00e9ons des moments l\u00e9gendaires sur les rouleaux de ce passionnant jeu de machines \u00e0 sous !<\/p>\n","protected":false},"excerpt":{"rendered":"<p>Bienvenue sur notre page \u00ab\u00a0\u00c0 propos de nous\u00a0\u00bb ! Nous sommes une \u00e9quipe d&rsquo;enthousiastes dont le but est de d\u00e9couvrir tous les myst\u00e8res et la magnificence du jeu \u00ab\u00a0Ghostbusters\u00a0\u00bb. Notre passion pour les jeux nous a pouss\u00e9s \u00e0 cr\u00e9er cet espace o\u00f9 vous trouverez toutes les informations n\u00e9cessaires sur votre jeu pr\u00e9f\u00e9r\u00e9. Nos valeurs Nous [&hellip;]<\/p>\n","protected":false},"author":1,"featured_media":0,"parent":0,"menu_order":0,"comment_status":"closed","ping_status":"closed","template":"templates\/template-page-full-width.php","meta":{"footnotes":""},"class_list":["post-17","page","type-page","status-publish","hentry"],"yoast_head":"<!-- This site is optimized with the Yoast SEO plugin v27.2 - https:\/\/yoast.com\/product\/yoast-seo-wordpress\/ -->\n<title>Ghostbusters: Wer wir sind und was wir im Bereich des Gaming-Entertainments bieten<\/title>\n<meta name=\"description\" content=\"D\u00e9couvrez qui nous sommes - une \u00e9quipe d&#039;enthousiastes d\u00e9voilant les myst\u00e8res de Ghostbusters. Nous fournissons des informations pr\u00e9cieuses, des strat\u00e9gies et des actualit\u00e9s pour une exp\u00e9rience de jeu captivante.\" \/>\n<meta name=\"robots\" content=\"index, follow, max-snippet:-1, max-image-preview:large, max-video-preview:-1\" \/>\n<link rel=\"canonical\" href=\"https:\/\/ghostbusters-slots.com\/fr\/about-us\/\" \/>\n<meta property=\"og:locale\" content=\"fr_FR\" \/>\n<meta property=\"og:locale:alternate\" content=\"ru_RU\" \/>\n<meta property=\"og:locale:alternate\" content=\"en_US\" \/>\n<meta property=\"og:locale:alternate\" content=\"pt_PT\" \/>\n<meta property=\"og:locale:alternate\" content=\"es_ES\" \/>\n<meta property=\"og:locale:alternate\" content=\"de_DE\" \/>\n<meta property=\"og:locale:alternate\" content=\"ro_RO\" \/>\n<meta property=\"og:locale:alternate\" content=\"sr_RS\" \/>\n<meta property=\"og:locale:alternate\" content=\"bg_BG\" \/>\n<meta property=\"og:locale:alternate\" content=\"pl_PL\" \/>\n<meta property=\"og:locale:alternate\" content=\"it_IT\" \/>\n<meta property=\"og:type\" content=\"article\" \/>\n<meta property=\"og:title\" content=\"Ghostbusters: Wer wir sind und was wir im Bereich des Gaming-Entertainments bieten\" \/>\n<meta property=\"og:description\" content=\"Erfahren Sie mehr \u00fcber uns - ein Team von Enthusiasten, die die Geheimnisse von Ghostbusters enth\u00fcllen. Wir bieten wertvolle Informationen, Strategien und Neuigkeiten f\u00fcr ein fesselndes Spielerlebnis.\" \/>\n<meta property=\"og:url\" content=\"https:\/\/ghostbusters-slots.com\/fr\/about-us\/\" \/>\n<meta property=\"og:site_name\" content=\"Ghostbusters Slot\" \/>\n<meta property=\"article:modified_time\" content=\"2024-06-11T22:14:00+00:00\" \/>\n<meta name=\"twitter:card\" content=\"summary_large_image\" \/>\n<meta name=\"twitter:label1\" content=\"Dur\u00e9e de lecture estim\u00e9e\" \/>\n\t<meta name=\"twitter:data1\" content=\"12 minutes\" \/>\n<script type=\"application\/ld+json\" class=\"yoast-schema-graph\">{\"@context\":\"https:\/\/schema.org\",\"@graph\":[{\"@type\":\"WebPage\",\"@id\":\"https:\/\/ghostbusters-slots.com\/de\/about-us\/\",\"url\":\"https:\/\/ghostbusters-slots.com\/de\/about-us\/\",\"name\":\"Ghostbusters: Wer wir sind und was wir im Bereich des Gaming-Entertainments bieten\",\"isPartOf\":{\"@id\":\"https:\/\/ghostbusters-slots.com\/#website\"},\"datePublished\":\"2023-11-27T23:25:44+00:00\",\"dateModified\":\"2024-06-11T22:14:00+00:00\",\"description\":\"Erfahren Sie mehr \u00fcber uns - ein Team von Enthusiasten, die die Geheimnisse von Ghostbusters enth\u00fcllen. Wir bieten wertvolle Informationen, Strategien und Neuigkeiten f\u00fcr ein fesselndes Spielerlebnis.\",\"breadcrumb\":{\"@id\":\"https:\/\/ghostbusters-slots.com\/de\/about-us\/#breadcrumb\"},\"inLanguage\":\"fr-FR\",\"potentialAction\":[{\"@type\":\"ReadAction\",\"target\":[\"https:\/\/ghostbusters-slots.com\/de\/about-us\/\"]}]},{\"@type\":\"BreadcrumbList\",\"@id\":\"https:\/\/ghostbusters-slots.com\/de\/about-us\/#breadcrumb\",\"itemListElement\":[{\"@type\":\"ListItem\",\"position\":1,\"name\":\"Home\",\"item\":\"https:\/\/ghostbusters-slots.com\/\"},{\"@type\":\"ListItem\",\"position\":2,\"name\":\"\u00dcber uns: Die Geheimnisse des Spiels &#8222;Ghostbusters&#8220; enth\u00fcllen\"}]},{\"@type\":\"WebSite\",\"@id\":\"https:\/\/ghostbusters-slots.com\/#website\",\"url\":\"https:\/\/ghostbusters-slots.com\/\",\"name\":\"Ghostbusters Slot\",\"description\":\"\",\"publisher\":{\"@id\":\"https:\/\/ghostbusters-slots.com\/#organization\"},\"potentialAction\":[{\"@type\":\"SearchAction\",\"target\":{\"@type\":\"EntryPoint\",\"urlTemplate\":\"https:\/\/ghostbusters-slots.com\/?s={search_term_string}\"},\"query-input\":{\"@type\":\"PropertyValueSpecification\",\"valueRequired\":true,\"valueName\":\"search_term_string\"}}],\"inLanguage\":\"fr-FR\"},{\"@type\":\"Organization\",\"@id\":\"https:\/\/ghostbusters-slots.com\/#organization\",\"name\":\"Ghostbusters Slot\",\"url\":\"https:\/\/ghostbusters-slots.com\/\",\"logo\":{\"@type\":\"ImageObject\",\"inLanguage\":\"fr-FR\",\"@id\":\"https:\/\/ghostbusters-slots.com\/#\/schema\/logo\/image\/\",\"url\":\"https:\/\/ghostbusters-slots.com\/wp-content\/uploads\/ghostbusters-movie-png-logo-1-e1701219327849.png\",\"contentUrl\":\"https:\/\/ghostbusters-slots.com\/wp-content\/uploads\/ghostbusters-movie-png-logo-1-e1701219327849.png\",\"width\":800,\"height\":200,\"caption\":\"Ghostbusters Slot\"},\"image\":{\"@id\":\"https:\/\/ghostbusters-slots.com\/#\/schema\/logo\/image\/\"}}]}<\/script>\n<!-- \/ Yoast SEO plugin. -->","yoast_head_json":{"title":"Ghostbusters: Wer wir sind und was wir im Bereich des Gaming-Entertainments bieten","description":"D\u00e9couvrez qui nous sommes - une \u00e9quipe d'enthousiastes d\u00e9voilant les myst\u00e8res de Ghostbusters. Nous fournissons des informations pr\u00e9cieuses, des strat\u00e9gies et des actualit\u00e9s pour une exp\u00e9rience de jeu captivante.","robots":{"index":"index","follow":"follow","max-snippet":"max-snippet:-1","max-image-preview":"max-image-preview:large","max-video-preview":"max-video-preview:-1"},"canonical":"https:\/\/ghostbusters-slots.com\/fr\/about-us\/","og_locale":"fr_FR","og_type":"article","og_title":"Ghostbusters: Wer wir sind und was wir im Bereich des Gaming-Entertainments bieten","og_description":"Erfahren Sie mehr \u00fcber uns - ein Team von Enthusiasten, die die Geheimnisse von Ghostbusters enth\u00fcllen. Wir bieten wertvolle Informationen, Strategien und Neuigkeiten f\u00fcr ein fesselndes Spielerlebnis.","og_url":"https:\/\/ghostbusters-slots.com\/fr\/about-us\/","og_site_name":"Ghostbusters Slot","article_modified_time":"2024-06-11T22:14:00+00:00","twitter_card":"summary_large_image","twitter_misc":{"Dur\u00e9e de lecture estim\u00e9e":"12 minutes"},"schema":{"@context":"https:\/\/schema.org","@graph":[{"@type":"WebPage","@id":"https:\/\/ghostbusters-slots.com\/de\/about-us\/","url":"https:\/\/ghostbusters-slots.com\/de\/about-us\/","name":"Ghostbusters: Wer wir sind und was wir im Bereich des Gaming-Entertainments bieten","isPartOf":{"@id":"https:\/\/ghostbusters-slots.com\/#website"},"datePublished":"2023-11-27T23:25:44+00:00","dateModified":"2024-06-11T22:14:00+00:00","description":"Erfahren Sie mehr \u00fcber uns - ein Team von Enthusiasten, die die Geheimnisse von Ghostbusters enth\u00fcllen. Wir bieten wertvolle Informationen, Strategien und Neuigkeiten f\u00fcr ein fesselndes Spielerlebnis.","breadcrumb":{"@id":"https:\/\/ghostbusters-slots.com\/de\/about-us\/#breadcrumb"},"inLanguage":"fr-FR","potentialAction":[{"@type":"ReadAction","target":["https:\/\/ghostbusters-slots.com\/de\/about-us\/"]}]},{"@type":"BreadcrumbList","@id":"https:\/\/ghostbusters-slots.com\/de\/about-us\/#breadcrumb","itemListElement":[{"@type":"ListItem","position":1,"name":"Home","item":"https:\/\/ghostbusters-slots.com\/"},{"@type":"ListItem","position":2,"name":"\u00dcber uns: Die Geheimnisse des Spiels &#8222;Ghostbusters&#8220; enth\u00fcllen"}]},{"@type":"WebSite","@id":"https:\/\/ghostbusters-slots.com\/#website","url":"https:\/\/ghostbusters-slots.com\/","name":"Ghostbusters Slot","description":"","publisher":{"@id":"https:\/\/ghostbusters-slots.com\/#organization"},"potentialAction":[{"@type":"SearchAction","target":{"@type":"EntryPoint","urlTemplate":"https:\/\/ghostbusters-slots.com\/?s={search_term_string}"},"query-input":{"@type":"PropertyValueSpecification","valueRequired":true,"valueName":"search_term_string"}}],"inLanguage":"fr-FR"},{"@type":"Organization","@id":"https:\/\/ghostbusters-slots.com\/#organization","name":"Ghostbusters Slot","url":"https:\/\/ghostbusters-slots.com\/","logo":{"@type":"ImageObject","inLanguage":"fr-FR","@id":"https:\/\/ghostbusters-slots.com\/#\/schema\/logo\/image\/","url":"https:\/\/ghostbusters-slots.com\/wp-content\/uploads\/ghostbusters-movie-png-logo-1-e1701219327849.png","contentUrl":"https:\/\/ghostbusters-slots.com\/wp-content\/uploads\/ghostbusters-movie-png-logo-1-e1701219327849.png","width":800,"height":200,"caption":"Ghostbusters Slot"},"image":{"@id":"https:\/\/ghostbusters-slots.com\/#\/schema\/logo\/image\/"}}]}},"_links":{"self":[{"href":"https:\/\/ghostbusters-slots.com\/fr\/wp-json\/wp\/v2\/pages\/17","targetHints":{"allow":["GET"]}}],"collection":[{"href":"https:\/\/ghostbusters-slots.com\/fr\/wp-json\/wp\/v2\/pages"}],"about":[{"href":"https:\/\/ghostbusters-slots.com\/fr\/wp-json\/wp\/v2\/types\/page"}],"author":[{"embeddable":true,"href":"https:\/\/ghostbusters-slots.com\/fr\/wp-json\/wp\/v2\/users\/1"}],"replies":[{"embeddable":true,"href":"https:\/\/ghostbusters-slots.com\/fr\/wp-json\/wp\/v2\/comments?post=17"}],"version-history":[{"count":23,"href":"https:\/\/ghostbusters-slots.com\/fr\/wp-json\/wp\/v2\/pages\/17\/revisions"}],"predecessor-version":[{"id":175,"href":"https:\/\/ghostbusters-slots.com\/fr\/wp-json\/wp\/v2\/pages\/17\/revisions\/175"}],"wp:attachment":[{"href":"https:\/\/ghostbusters-slots.com\/fr\/wp-json\/wp\/v2\/media?parent=17"}],"curies":[{"name":"wp","href":"https:\/\/api.w.org\/{rel}","templated":true}]}}