{"id":15,"date":"2023-11-27T23:22:34","date_gmt":"2023-11-27T23:22:34","guid":{"rendered":"https:\/\/ghostbusters-slots.com\/?page_id=15"},"modified":"2024-06-11T22:06:37","modified_gmt":"2024-06-11T22:06:37","slug":"play-ghostbusters-online-casino","status":"publish","type":"page","link":"https:\/\/ghostbusters-slots.com\/it\/play-ghostbusters-online-casino\/","title":{"rendered":"Gioca nei casin\u00f2 online e immergiti nel mondo dei &#8220;Ghostbusters&#8221;"},"content":{"rendered":"<p>Benvenuti nell&#8217;entusiasmante mondo dei casin\u00f2 online, dove l&#8217;emozione si unisce a un gameplay coinvolgente! Se siete pronti a vivere l&#8217;emozione e la possibilit\u00e0 di vincere grandi premi, allora &#8220;Ghostbusters&#8221; \u00e8 il vostro ingresso nel mondo della caccia ai fantasmi. Permetteteci di spiegarvi come iniziare la vostra avventura nel gioco d&#8217;azzardo proprio ora.<\/p>\n<h2>Perch\u00e9 Registrarsi in un Casin\u00f2 Online?<\/h2>\n<p>Registrarsi in un casin\u00f2 online \u00e8 il primo e cruciale passo verso l&#8217;incredibile mondo dell&#8217;intrattenimento del gioco d&#8217;azzardo. Apre le porte a una vasta gamma di giochi, bonus e promozioni emozionanti. I giocatori registrati hanno accesso a una vasta gamma di giochi, tra cui il famoso &#8220;Ghostbusters&#8221;, oltre a numerosi bonus e opportunit\u00e0 di vincita.<\/p>\n<h2>Gioca a &#8220;Ghostbusters&#8221; Gratis<\/h2>\n<p>Prima di immergerti nell&#8217;emozione del gioco con denaro reale, puoi provare &#8220;Ghostbusters&#8221; in modalit\u00e0 di gioco gratuito. Questo \u00e8 un ottimo modo per familiarizzare con le regole, le caratteristiche e l&#8217;atmosfera dello slot senza rischiare i tuoi fondi. Nei casin\u00f2 online, puoi facilmente passare tra le modalit\u00e0, scegliendo quella che si adatta al tuo umore &#8211; che si tratti della caccia ai fantasmi emozionante o semplicemente del rilassante giro di rulli.<\/p>\n<h2>Metodi di Registrazione<\/h2>\n<p>Il processo di registrazione in un casin\u00f2 online di solito \u00e8 semplice e non richiede molto tempo. Dovrai fornire informazioni di base come il tuo nome, l&#8217;e-mail e la data di nascita. Alcuni casin\u00f2 potrebbero richiedere dati aggiuntivi per confermare la tua identit\u00e0 e la sicurezza. Dopo una registrazione riuscita, riceverai un account unico che sar\u00e0 la tua chiave per il mondo del gioco d&#8217;azzardo virtuale.<\/p>\n<h2>Metodi di Deposito<\/h2>\n<p>Per goderti il gioco con denaro reale e avere la possibilit\u00e0 di vincere grandi premi, devi effettuare un deposito sul tuo account. I casin\u00f2 online offrono vari metodi di deposito per rendere questo processo conveniente e sicuro per ogni giocatore.<\/p>\n<h3><strong>a. Carte di Credito e E-wallet:<\/strong><\/h3>\n<p>Molti casin\u00f2 accettano pagamenti tramite carte di credito (Visa, MasterCard) e portafogli elettronici (Neteller, Skrill). Questi metodi garantiscono transazioni veloci e sicure.<\/p>\n<h3><strong>b. Bonifici Bancari:<\/strong><\/h3>\n<p>Alcuni giocatori preferiscono effettuare depositi tramite bonifici bancari. Questo metodo potrebbe richiedere pi\u00f9 tempo, ma di solito offre il pi\u00f9 alto livello di sicurezza.<\/p>\n<h3><strong>c. Criptovalute:<\/strong><\/h3>\n<p>In alcuni casin\u00f2 online moderni, puoi utilizzare criptovalute (come Bitcoin) per effettuare depositi. Questo fornisce un alto livello di anonimato e velocizza il processo di transazione.<\/p>\n<p>Scegli il metodo di deposito che meglio si adatta a te, seguendo le istruzioni sul sito del casin\u00f2.<\/p>\n<h2>Metodi di Prelievo<\/h2>\n<p>Quando arriva il momento della vincita, vuoi essere sicuro di poter prelevare facilmente e in sicurezza i tuoi soldi. I casin\u00f2 online di solito offrono diversi metodi di prelievo:<\/p>\n<h3><strong>a. Carte di Credito:<\/strong><\/h3>\n<p>Le carte di credito vengono spesso utilizzate per prelevare le vincite. Basta specificare l&#8217;importo desiderato e verr\u00e0 trasferito sulla tua carta.<\/p>\n<h3><strong>b. E-wallet:<\/strong><\/h3>\n<p>Portafogli elettronici come Neteller e Skrill forniscono metodi di prelievo veloci e convenienti.<\/p>\n<h3><strong>c. Bonifici Bancari:<\/strong><\/h3>\n<p>Alcuni giocatori preferiscono i bonifici bancari per prelevare somme elevate. Questo metodo potrebbe richiedere pi\u00f9 tempo, ma garantisce la sicurezza della transazione.<\/p>\n<h3><strong>d. Criptovalute:<\/strong><\/h3>\n<p>Se hai utilizzato criptovalute per il deposito, puoi spesso sceglierle anche per il prelievo delle vincite.<\/p>\n<p>Scegli il metodo di prelievo appropriato, considerando le tue preferenze e il tuo comfort.<\/p>\n<h2>Conclusione<\/h2>\n<p>Ora che ti sei registrato in un casin\u00f2 online, hai provato &#8220;Ghostbusters&#8221; in modalit\u00e0 gratuita e hai effettuato un deposito, sei pronto per un&#8217;avventura emozionante nel mondo dell&#8217;intrattenimento del gioco d&#8217;azzardo. Ricorda di giocare responsabilmente, monitorare il tuo budget e goderti i momenti emozionanti che &#8220;Ghostbusters&#8221; ha preparato per te! Buona fortuna sui rulli!<\/p>\n","protected":false},"excerpt":{"rendered":"<p>Benvenuti nell&#8217;entusiasmante mondo dei casin\u00f2 online, dove l&#8217;emozione si unisce a un gameplay coinvolgente! Se siete pronti a vivere l&#8217;emozione e la possibilit\u00e0 di vincere grandi premi, allora &#8220;Ghostbusters&#8221; \u00e8 il vostro ingresso nel mondo della caccia ai fantasmi. Permetteteci di spiegarvi come iniziare la vostra avventura nel gioco d&#8217;azzardo proprio ora. Perch\u00e9 Registrarsi in [&hellip;]<\/p>\n","protected":false},"author":1,"featured_media":0,"parent":0,"menu_order":0,"comment_status":"closed","ping_status":"closed","template":"templates\/template-page-full-width.php","meta":{"footnotes":""},"class_list":["post-15","page","type-page","status-publish","hentry"],"yoast_head":"<!-- This site is optimized with the Yoast SEO plugin v27.2 - https:\/\/yoast.com\/product\/yoast-seo-wordpress\/ -->\n<title>Juega en el casino en l\u00ednea con Ghostbusters: emoci\u00f3n y fantasmas emocionantes<\/title>\n<meta name=\"description\" content=\"Registrati al casin\u00f2 online, gioca a Ghostbusters gratuitamente e vinci premi veri. Scopri ora i metodi di deposito e prelievo!\" \/>\n<meta name=\"robots\" content=\"index, follow, max-snippet:-1, max-image-preview:large, max-video-preview:-1\" \/>\n<link rel=\"canonical\" href=\"https:\/\/ghostbusters-slots.com\/it\/play-ghostbusters-online-casino\/\" \/>\n<meta property=\"og:locale\" content=\"it_IT\" \/>\n<meta property=\"og:locale:alternate\" content=\"ru_RU\" \/>\n<meta property=\"og:locale:alternate\" content=\"en_US\" \/>\n<meta property=\"og:locale:alternate\" content=\"pt_PT\" \/>\n<meta property=\"og:locale:alternate\" content=\"es_ES\" \/>\n<meta property=\"og:locale:alternate\" content=\"fr_FR\" \/>\n<meta property=\"og:locale:alternate\" content=\"de_DE\" \/>\n<meta property=\"og:locale:alternate\" content=\"ro_RO\" \/>\n<meta property=\"og:locale:alternate\" content=\"sr_RS\" \/>\n<meta property=\"og:locale:alternate\" content=\"bg_BG\" \/>\n<meta property=\"og:locale:alternate\" content=\"pl_PL\" \/>\n<meta property=\"og:type\" content=\"article\" \/>\n<meta property=\"og:title\" content=\"Juega en el casino en l\u00ednea con Ghostbusters: emoci\u00f3n y fantasmas emocionantes\" \/>\n<meta property=\"og:description\" content=\"Reg\u00edstrate en el casino en l\u00ednea, juega a Ghostbusters gratis y gana premios reales. \u00a1Aprende sobre m\u00e9todos de dep\u00f3sito y retiro ahora mismo!\" \/>\n<meta property=\"og:url\" content=\"https:\/\/ghostbusters-slots.com\/it\/play-ghostbusters-online-casino\/\" \/>\n<meta property=\"og:site_name\" content=\"Ghostbusters Slot\" \/>\n<meta property=\"article:modified_time\" content=\"2024-06-11T22:06:37+00:00\" \/>\n<meta name=\"twitter:card\" content=\"summary_large_image\" \/>\n<meta name=\"twitter:label1\" content=\"Tempo di lettura stimato\" \/>\n\t<meta name=\"twitter:data1\" content=\"26 minuti\" \/>\n<script type=\"application\/ld+json\" class=\"yoast-schema-graph\">{\"@context\":\"https:\/\/schema.org\",\"@graph\":[{\"@type\":\"WebPage\",\"@id\":\"https:\/\/ghostbusters-slots.com\/es\/play-ghostbusters-online-casino\/\",\"url\":\"https:\/\/ghostbusters-slots.com\/es\/play-ghostbusters-online-casino\/\",\"name\":\"Juega en el casino en l\u00ednea con Ghostbusters: emoci\u00f3n y fantasmas emocionantes\",\"isPartOf\":{\"@id\":\"https:\/\/ghostbusters-slots.com\/#website\"},\"datePublished\":\"2023-11-27T23:22:34+00:00\",\"dateModified\":\"2024-06-11T22:06:37+00:00\",\"description\":\"Reg\u00edstrate en el casino en l\u00ednea, juega a Ghostbusters gratis y gana premios reales. \u00a1Aprende sobre m\u00e9todos de dep\u00f3sito y retiro ahora mismo!\",\"breadcrumb\":{\"@id\":\"https:\/\/ghostbusters-slots.com\/es\/play-ghostbusters-online-casino\/#breadcrumb\"},\"inLanguage\":\"it-IT\",\"potentialAction\":[{\"@type\":\"ReadAction\",\"target\":[\"https:\/\/ghostbusters-slots.com\/es\/play-ghostbusters-online-casino\/\"]}]},{\"@type\":\"BreadcrumbList\",\"@id\":\"https:\/\/ghostbusters-slots.com\/es\/play-ghostbusters-online-casino\/#breadcrumb\",\"itemListElement\":[{\"@type\":\"ListItem\",\"position\":1,\"name\":\"Home\",\"item\":\"https:\/\/ghostbusters-slots.com\/\"},{\"@type\":\"ListItem\",\"position\":2,\"name\":\"Juega en Casinos en L\u00ednea y Sum\u00e9rgete en el Mundo de \u00abGhostbusters\u00bb\"}]},{\"@type\":\"WebSite\",\"@id\":\"https:\/\/ghostbusters-slots.com\/#website\",\"url\":\"https:\/\/ghostbusters-slots.com\/\",\"name\":\"Ghostbusters Slot\",\"description\":\"\",\"publisher\":{\"@id\":\"https:\/\/ghostbusters-slots.com\/#organization\"},\"potentialAction\":[{\"@type\":\"SearchAction\",\"target\":{\"@type\":\"EntryPoint\",\"urlTemplate\":\"https:\/\/ghostbusters-slots.com\/?s={search_term_string}\"},\"query-input\":{\"@type\":\"PropertyValueSpecification\",\"valueRequired\":true,\"valueName\":\"search_term_string\"}}],\"inLanguage\":\"it-IT\"},{\"@type\":\"Organization\",\"@id\":\"https:\/\/ghostbusters-slots.com\/#organization\",\"name\":\"Ghostbusters Slot\",\"url\":\"https:\/\/ghostbusters-slots.com\/\",\"logo\":{\"@type\":\"ImageObject\",\"inLanguage\":\"it-IT\",\"@id\":\"https:\/\/ghostbusters-slots.com\/#\/schema\/logo\/image\/\",\"url\":\"https:\/\/ghostbusters-slots.com\/wp-content\/uploads\/ghostbusters-movie-png-logo-1-e1701219327849.png\",\"contentUrl\":\"https:\/\/ghostbusters-slots.com\/wp-content\/uploads\/ghostbusters-movie-png-logo-1-e1701219327849.png\",\"width\":800,\"height\":200,\"caption\":\"Ghostbusters Slot\"},\"image\":{\"@id\":\"https:\/\/ghostbusters-slots.com\/#\/schema\/logo\/image\/\"}}]}<\/script>\n<!-- \/ Yoast SEO plugin. -->","yoast_head_json":{"title":"Juega en el casino en l\u00ednea con Ghostbusters: emoci\u00f3n y fantasmas emocionantes","description":"Registrati al casin\u00f2 online, gioca a Ghostbusters gratuitamente e vinci premi veri. Scopri ora i metodi di deposito e prelievo!","robots":{"index":"index","follow":"follow","max-snippet":"max-snippet:-1","max-image-preview":"max-image-preview:large","max-video-preview":"max-video-preview:-1"},"canonical":"https:\/\/ghostbusters-slots.com\/it\/play-ghostbusters-online-casino\/","og_locale":"it_IT","og_type":"article","og_title":"Juega en el casino en l\u00ednea con Ghostbusters: emoci\u00f3n y fantasmas emocionantes","og_description":"Reg\u00edstrate en el casino en l\u00ednea, juega a Ghostbusters gratis y gana premios reales. \u00a1Aprende sobre m\u00e9todos de dep\u00f3sito y retiro ahora mismo!","og_url":"https:\/\/ghostbusters-slots.com\/it\/play-ghostbusters-online-casino\/","og_site_name":"Ghostbusters Slot","article_modified_time":"2024-06-11T22:06:37+00:00","twitter_card":"summary_large_image","twitter_misc":{"Tempo di lettura stimato":"26 minuti"},"schema":{"@context":"https:\/\/schema.org","@graph":[{"@type":"WebPage","@id":"https:\/\/ghostbusters-slots.com\/es\/play-ghostbusters-online-casino\/","url":"https:\/\/ghostbusters-slots.com\/es\/play-ghostbusters-online-casino\/","name":"Juega en el casino en l\u00ednea con Ghostbusters: emoci\u00f3n y fantasmas emocionantes","isPartOf":{"@id":"https:\/\/ghostbusters-slots.com\/#website"},"datePublished":"2023-11-27T23:22:34+00:00","dateModified":"2024-06-11T22:06:37+00:00","description":"Reg\u00edstrate en el casino en l\u00ednea, juega a Ghostbusters gratis y gana premios reales. \u00a1Aprende sobre m\u00e9todos de dep\u00f3sito y retiro ahora mismo!","breadcrumb":{"@id":"https:\/\/ghostbusters-slots.com\/es\/play-ghostbusters-online-casino\/#breadcrumb"},"inLanguage":"it-IT","potentialAction":[{"@type":"ReadAction","target":["https:\/\/ghostbusters-slots.com\/es\/play-ghostbusters-online-casino\/"]}]},{"@type":"BreadcrumbList","@id":"https:\/\/ghostbusters-slots.com\/es\/play-ghostbusters-online-casino\/#breadcrumb","itemListElement":[{"@type":"ListItem","position":1,"name":"Home","item":"https:\/\/ghostbusters-slots.com\/"},{"@type":"ListItem","position":2,"name":"Juega en Casinos en L\u00ednea y Sum\u00e9rgete en el Mundo de \u00abGhostbusters\u00bb"}]},{"@type":"WebSite","@id":"https:\/\/ghostbusters-slots.com\/#website","url":"https:\/\/ghostbusters-slots.com\/","name":"Ghostbusters Slot","description":"","publisher":{"@id":"https:\/\/ghostbusters-slots.com\/#organization"},"potentialAction":[{"@type":"SearchAction","target":{"@type":"EntryPoint","urlTemplate":"https:\/\/ghostbusters-slots.com\/?s={search_term_string}"},"query-input":{"@type":"PropertyValueSpecification","valueRequired":true,"valueName":"search_term_string"}}],"inLanguage":"it-IT"},{"@type":"Organization","@id":"https:\/\/ghostbusters-slots.com\/#organization","name":"Ghostbusters Slot","url":"https:\/\/ghostbusters-slots.com\/","logo":{"@type":"ImageObject","inLanguage":"it-IT","@id":"https:\/\/ghostbusters-slots.com\/#\/schema\/logo\/image\/","url":"https:\/\/ghostbusters-slots.com\/wp-content\/uploads\/ghostbusters-movie-png-logo-1-e1701219327849.png","contentUrl":"https:\/\/ghostbusters-slots.com\/wp-content\/uploads\/ghostbusters-movie-png-logo-1-e1701219327849.png","width":800,"height":200,"caption":"Ghostbusters Slot"},"image":{"@id":"https:\/\/ghostbusters-slots.com\/#\/schema\/logo\/image\/"}}]}},"_links":{"self":[{"href":"https:\/\/ghostbusters-slots.com\/it\/wp-json\/wp\/v2\/pages\/15","targetHints":{"allow":["GET"]}}],"collection":[{"href":"https:\/\/ghostbusters-slots.com\/it\/wp-json\/wp\/v2\/pages"}],"about":[{"href":"https:\/\/ghostbusters-slots.com\/it\/wp-json\/wp\/v2\/types\/page"}],"author":[{"embeddable":true,"href":"https:\/\/ghostbusters-slots.com\/it\/wp-json\/wp\/v2\/users\/1"}],"replies":[{"embeddable":true,"href":"https:\/\/ghostbusters-slots.com\/it\/wp-json\/wp\/v2\/comments?post=15"}],"version-history":[{"count":22,"href":"https:\/\/ghostbusters-slots.com\/it\/wp-json\/wp\/v2\/pages\/15\/revisions"}],"predecessor-version":[{"id":173,"href":"https:\/\/ghostbusters-slots.com\/it\/wp-json\/wp\/v2\/pages\/15\/revisions\/173"}],"wp:attachment":[{"href":"https:\/\/ghostbusters-slots.com\/it\/wp-json\/wp\/v2\/media?parent=15"}],"curies":[{"name":"wp","href":"https:\/\/api.w.org\/{rel}","templated":true}]}}