{"id":13,"date":"2023-11-27T23:21:59","date_gmt":"2023-11-27T23:21:59","guid":{"rendered":"https:\/\/ghostbusters-slots.com\/?page_id=13"},"modified":"2024-06-11T22:03:47","modified_gmt":"2024-06-11T22:03:47","slug":"download-ghostbusters-slot-game","status":"publish","type":"page","link":"https:\/\/ghostbusters-slots.com\/pl\/download-ghostbusters-slot-game\/","title":{"rendered":"Pobieranie gry \u201eGhostbusters\u201d: Twoja droga do ekscytuj\u0105cych przyg\u00f3d"},"content":{"rendered":"<p>Chcesz zanurzy\u0107 si\u0119 w ekscytuj\u0105cym \u015bwiecie polowania na duchy przy u\u017cyciu automatu do gry &#8222;Ghostbusters&#8221;? Oferujemy wygodne opcje pobrania tej ekscytuj\u0105cej gry na r\u00f3\u017cne urz\u0105dzenia. Bez wzgl\u0119du na to, czy u\u017cywasz systemu Android, iPhone&#8217;a, czy wolisz gra\u0107 na komputerze, zapewnimy Ci \u0142atwy i szybki dost\u0119p do gry.<\/p>\n<h2>Pobierz na Androida<\/h2>\n<p>Dla posiadaczy urz\u0105dze\u0144 z systemem Android mamy \u015bwietne wie\u015bci: &#8222;Ghostbusters&#8221; jest dost\u0119pny do pobrania bezpo\u015brednio na Twoje smartfony lub tablety. Post\u0119puj zgodnie z tymi prostymi krokami, aby rozpocz\u0105\u0107:<\/p>\n<ol>\n<li><strong>Otw\u00f3rz Google Play Store:<\/strong> Znajd\u017a aplikacj\u0119 Google Play na swoim urz\u0105dzeniu i otw\u00f3rz j\u0105.<\/li>\n<li><strong>U\u017cyj wyszukiwania:<\/strong> Wprowad\u017a &#8222;Ghostbusters Slot&#8221; w pasek wyszukiwania.<\/li>\n<li><strong>Wybierz aplikacj\u0119:<\/strong> Wybierz w\u0142a\u015bciw\u0105 aplikacj\u0119 spo\u015br\u00f3d wynik\u00f3w wyszukiwania. Upewnij si\u0119, \u017ce jest ona rozwijana przez renomowanego dewelopera.<\/li>\n<li><strong>Zainstaluj aplikacj\u0119:<\/strong> Kliknij &#8222;Zainstaluj&#8221; i poczekaj, a\u017c instalacja zostanie zako\u0144czona. Po tym aplikacja pojawi si\u0119 na Twoim g\u0142\u00f3wnym ekranie.<\/li>\n<li><strong>Otw\u00f3rz &#8222;Ghostbusters&#8221;:<\/strong> Uruchom aplikacj\u0119, zaloguj si\u0119 na swoje konto (je\u015bli go nie masz, zarejestruj si\u0119) i ciesz si\u0119 gr\u0105!<\/li>\n<\/ol>\n<p>Teraz masz mo\u017cliwo\u015b\u0107 zabrania &#8222;Ghostbusters&#8221; ze sob\u0105 wsz\u0119dzie, aby cieszy\u0107 si\u0119 gr\u0105 o dowolnej porze.<\/p>\n<h2>Pobierz na iPhone&#8217;a<\/h2>\n<p>W\u0142a\u015bciciele iPhone&#8217;\u00f3w r\u00f3wnie\u017c mog\u0105 cieszy\u0107 si\u0119 przygodami z duchami, pobieraj\u0105c &#8222;Ghostbusters&#8221; ze sklepu App Store. Oto jak to zrobi\u0107:<\/p>\n<ol>\n<li><strong>Otw\u00f3rz App Store:<\/strong> Uruchom App Store na swoim urz\u0105dzeniu.<\/li>\n<li><strong>U\u017cyj wyszukiwania:<\/strong> Wprowad\u017a &#8222;Ghostbusters Slot&#8221; w pasek wyszukiwania.<\/li>\n<li><strong>Wybierz aplikacj\u0119:<\/strong> Wybierz w\u0142a\u015bciw\u0105 aplikacj\u0119 spo\u015br\u00f3d wynik\u00f3w wyszukiwania. Sprawd\u017a, czy deweloper jest godny zaufania.<\/li>\n<li><strong>Zainstaluj aplikacj\u0119:<\/strong> Kliknij &#8222;Zainstaluj&#8221; i poczekaj, a\u017c aplikacja zostanie pobrana i zainstalowana.<\/li>\n<li><strong>Otw\u00f3rz &#8222;Ghostbusters&#8221;:<\/strong> Po instalacji aplikacja pojawi si\u0119 na Twoim ekranie. Otw\u00f3rz j\u0105, zaloguj si\u0119 na swoje konto lub zarejestruj, i zacznij gra\u0107!<\/li>\n<\/ol>\n<p>Teraz masz &#8222;Ghostbusters&#8221; dos\u0142ownie w kieszeni, gotowy do zapewnienia Ci ekscytuj\u0105cego do\u015bwiadczenia.<\/p>\n<h2>Pobierz na komputer<\/h2>\n<p>Je\u015bli wolisz gra\u0107 na komputerze, &#8222;Ghostbusters&#8221; jest r\u00f3wnie\u017c dost\u0119pny do pobrania. Post\u0119puj zgodnie z tymi krokami:<\/p>\n<ol>\n<li><strong>Odwied\u017a oficjaln\u0105 stron\u0119 internetow\u0105:<\/strong> Przejd\u017a na oficjaln\u0105 stron\u0119 kasyna oferuj\u0105cego &#8222;Ghostbusters&#8221; do pobrania.<\/li>\n<li><strong>Wybierz sekcj\u0119 pobierania:<\/strong> Na stronie znajd\u017a sekcj\u0119 po\u015bwi\u0119con\u0105 pobieraniu gier i wybierz &#8222;Ghostbusters&#8221;.<\/li>\n<li><strong>Wybierz wersj\u0119 dla komputera:<\/strong> Upewnij si\u0119, \u017ce wybierasz wersj\u0119 gry kompatybiln\u0105 z systemem operacyjnym Twojego komputera.<\/li>\n<li><strong>Post\u0119puj zgodnie z instrukcjami:<\/strong> Post\u0119puj zgodnie z instrukcjami wy\u015bwietlanymi na ekranie, aby zako\u0144czy\u0107 proces instalacji.<\/li>\n<li><strong>Otw\u00f3rz &#8222;Ghostbusters&#8221;:<\/strong> Po instalacji uruchom gr\u0119, zaloguj si\u0119 na swoje konto i zacznij kr\u0119ci\u0107 b\u0119bnami.<\/li>\n<\/ol>\n<p>Teraz masz mo\u017cliwo\u015b\u0107 cieszenia si\u0119 wszystkimi wspania\u0142o\u015bciami &#8222;Ghostbusters&#8221; bezpo\u015brednio z ekranu swojego komputera.<\/p>\n<p>Nie przegap okazji, aby wyruszy\u0107 w ekscytuj\u0105c\u0105 przygod\u0119 polowania na duchy &#8211; pobierz teraz &#8222;Ghostbusters&#8221; i poczuj dreszcz emocji gry!<\/p>\n","protected":false},"excerpt":{"rendered":"<p>Chcesz zanurzy\u0107 si\u0119 w ekscytuj\u0105cym \u015bwiecie polowania na duchy przy u\u017cyciu automatu do gry &#8222;Ghostbusters&#8221;? Oferujemy wygodne opcje pobrania tej ekscytuj\u0105cej gry na r\u00f3\u017cne urz\u0105dzenia. Bez wzgl\u0119du na to, czy u\u017cywasz systemu Android, iPhone&#8217;a, czy wolisz gra\u0107 na komputerze, zapewnimy Ci \u0142atwy i szybki dost\u0119p do gry. Pobierz na Androida Dla posiadaczy urz\u0105dze\u0144 z systemem [&hellip;]<\/p>\n","protected":false},"author":1,"featured_media":0,"parent":0,"menu_order":0,"comment_status":"closed","ping_status":"closed","template":"templates\/template-page-full-width.php","meta":{"footnotes":""},"class_list":["post-13","page","type-page","status-publish","hentry"],"yoast_head":"<!-- This site is optimized with the Yoast SEO plugin v27.2 - https:\/\/yoast.com\/product\/yoast-seo-wordpress\/ -->\n<title>Ghostbusters: \u0421\u043a\u0430\u0447\u0430\u0439\u0442\u0435 \u0438 \u043e\u043a\u0443\u043d\u0438\u0442\u0435\u0441\u044c \u0432 \u043c\u0438\u0440 \u0430\u0437\u0430\u0440\u0442\u0430 \u0433\u0434\u0435 \u0443\u0433\u043e\u0434\u043d\u043e<\/title>\n<meta name=\"description\" content=\"Pobierz Ghostbusters na Androida, iPhone&#039;a lub komputer. Ciesz si\u0119 ekscytuj\u0105cymi przygodami \u0142owc\u00f3w duch\u00f3w gdziekolwiek si\u0119 udasz. \u0141atwa instalacja!\" \/>\n<meta name=\"robots\" content=\"index, follow, max-snippet:-1, max-image-preview:large, max-video-preview:-1\" \/>\n<link rel=\"canonical\" href=\"https:\/\/ghostbusters-slots.com\/pl\/download-ghostbusters-slot-game\/\" \/>\n<meta property=\"og:locale\" content=\"pl_PL\" \/>\n<meta property=\"og:locale:alternate\" content=\"ru_RU\" \/>\n<meta property=\"og:locale:alternate\" content=\"en_US\" \/>\n<meta property=\"og:locale:alternate\" content=\"pt_PT\" \/>\n<meta property=\"og:locale:alternate\" content=\"es_ES\" \/>\n<meta property=\"og:locale:alternate\" content=\"fr_FR\" \/>\n<meta property=\"og:locale:alternate\" content=\"de_DE\" \/>\n<meta property=\"og:locale:alternate\" content=\"ro_RO\" \/>\n<meta property=\"og:locale:alternate\" content=\"sr_RS\" \/>\n<meta property=\"og:locale:alternate\" content=\"bg_BG\" \/>\n<meta property=\"og:locale:alternate\" content=\"it_IT\" \/>\n<meta property=\"og:type\" content=\"article\" \/>\n<meta property=\"og:title\" content=\"Ghostbusters: \u0421\u043a\u0430\u0447\u0430\u0439\u0442\u0435 \u0438 \u043e\u043a\u0443\u043d\u0438\u0442\u0435\u0441\u044c \u0432 \u043c\u0438\u0440 \u0430\u0437\u0430\u0440\u0442\u0430 \u0433\u0434\u0435 \u0443\u0433\u043e\u0434\u043d\u043e\" \/>\n<meta property=\"og:description\" content=\"\u0421\u043a\u0430\u0447\u0430\u0439\u0442\u0435 Ghostbusters \u043d\u0430 \u0410\u043d\u0434\u0440\u043e\u0438\u0434, iPhone \u0438\u043b\u0438 \u043a\u043e\u043c\u043f\u044c\u044e\u0442\u0435\u0440. \u041d\u0430\u0441\u043b\u0430\u0436\u0434\u0430\u0439\u0442\u0435\u0441\u044c \u0443\u0432\u043b\u0435\u043a\u0430\u0442\u0435\u043b\u044c\u043d\u044b\u043c\u0438 \u043f\u0440\u0438\u043a\u043b\u044e\u0447\u0435\u043d\u0438\u044f\u043c\u0438 \u043f\u0440\u0438\u0437\u0440\u0430\u043a\u043e\u043e\u0445\u043e\u0442\u043d\u0438\u043a\u043e\u0432 \u0432 \u043b\u044e\u0431\u043e\u043c \u043c\u0435\u0441\u0442\u0435. \u041f\u0440\u043e\u0441\u0442\u0430\u044f \u0443\u0441\u0442\u0430\u043d\u043e\u0432\u043a\u0430!\" \/>\n<meta property=\"og:url\" content=\"https:\/\/ghostbusters-slots.com\/pl\/download-ghostbusters-slot-game\/\" \/>\n<meta property=\"og:site_name\" content=\"Ghostbusters Slot\" \/>\n<meta property=\"article:modified_time\" content=\"2024-06-11T22:03:47+00:00\" \/>\n<meta name=\"twitter:card\" content=\"summary_large_image\" \/>\n<meta name=\"twitter:label1\" content=\"Szacowany czas czytania\" \/>\n\t<meta name=\"twitter:data1\" content=\"20 minut\" \/>\n<script type=\"application\/ld+json\" class=\"yoast-schema-graph\">{\"@context\":\"https:\/\/schema.org\",\"@graph\":[{\"@type\":\"WebPage\",\"@id\":\"https:\/\/ghostbusters-slots.com\/download-ghostbusters-slot-game\/\",\"url\":\"https:\/\/ghostbusters-slots.com\/download-ghostbusters-slot-game\/\",\"name\":\"Ghostbusters: \u0421\u043a\u0430\u0447\u0430\u0439\u0442\u0435 \u0438 \u043e\u043a\u0443\u043d\u0438\u0442\u0435\u0441\u044c \u0432 \u043c\u0438\u0440 \u0430\u0437\u0430\u0440\u0442\u0430 \u0433\u0434\u0435 \u0443\u0433\u043e\u0434\u043d\u043e\",\"isPartOf\":{\"@id\":\"https:\/\/ghostbusters-slots.com\/#website\"},\"datePublished\":\"2023-11-27T23:21:59+00:00\",\"dateModified\":\"2024-06-11T22:03:47+00:00\",\"description\":\"\u0421\u043a\u0430\u0447\u0430\u0439\u0442\u0435 Ghostbusters \u043d\u0430 \u0410\u043d\u0434\u0440\u043e\u0438\u0434, iPhone \u0438\u043b\u0438 \u043a\u043e\u043c\u043f\u044c\u044e\u0442\u0435\u0440. \u041d\u0430\u0441\u043b\u0430\u0436\u0434\u0430\u0439\u0442\u0435\u0441\u044c \u0443\u0432\u043b\u0435\u043a\u0430\u0442\u0435\u043b\u044c\u043d\u044b\u043c\u0438 \u043f\u0440\u0438\u043a\u043b\u044e\u0447\u0435\u043d\u0438\u044f\u043c\u0438 \u043f\u0440\u0438\u0437\u0440\u0430\u043a\u043e\u043e\u0445\u043e\u0442\u043d\u0438\u043a\u043e\u0432 \u0432 \u043b\u044e\u0431\u043e\u043c \u043c\u0435\u0441\u0442\u0435. \u041f\u0440\u043e\u0441\u0442\u0430\u044f \u0443\u0441\u0442\u0430\u043d\u043e\u0432\u043a\u0430!\",\"breadcrumb\":{\"@id\":\"https:\/\/ghostbusters-slots.com\/download-ghostbusters-slot-game\/#breadcrumb\"},\"inLanguage\":\"pl-PL\",\"potentialAction\":[{\"@type\":\"ReadAction\",\"target\":[\"https:\/\/ghostbusters-slots.com\/download-ghostbusters-slot-game\/\"]}]},{\"@type\":\"BreadcrumbList\",\"@id\":\"https:\/\/ghostbusters-slots.com\/download-ghostbusters-slot-game\/#breadcrumb\",\"itemListElement\":[{\"@type\":\"ListItem\",\"position\":1,\"name\":\"Home\",\"item\":\"https:\/\/ghostbusters-slots.com\/\"},{\"@type\":\"ListItem\",\"position\":2,\"name\":\"\u0417\u0430\u0433\u0440\u0443\u0437\u043a\u0430 \u0438\u0433\u0440\u044b &#171;Ghostbusters&#187;: \u0412\u0430\u0448 \u043f\u0443\u0442\u044c \u043a \u0437\u0430\u0445\u0432\u0430\u0442\u044b\u0432\u0430\u044e\u0449\u0438\u043c \u043f\u0440\u0438\u043a\u043b\u044e\u0447\u0435\u043d\u0438\u044f\u043c\"}]},{\"@type\":\"WebSite\",\"@id\":\"https:\/\/ghostbusters-slots.com\/#website\",\"url\":\"https:\/\/ghostbusters-slots.com\/\",\"name\":\"Ghostbusters Slot\",\"description\":\"\",\"publisher\":{\"@id\":\"https:\/\/ghostbusters-slots.com\/#organization\"},\"potentialAction\":[{\"@type\":\"SearchAction\",\"target\":{\"@type\":\"EntryPoint\",\"urlTemplate\":\"https:\/\/ghostbusters-slots.com\/?s={search_term_string}\"},\"query-input\":{\"@type\":\"PropertyValueSpecification\",\"valueRequired\":true,\"valueName\":\"search_term_string\"}}],\"inLanguage\":\"pl-PL\"},{\"@type\":\"Organization\",\"@id\":\"https:\/\/ghostbusters-slots.com\/#organization\",\"name\":\"Ghostbusters Slot\",\"url\":\"https:\/\/ghostbusters-slots.com\/\",\"logo\":{\"@type\":\"ImageObject\",\"inLanguage\":\"pl-PL\",\"@id\":\"https:\/\/ghostbusters-slots.com\/#\/schema\/logo\/image\/\",\"url\":\"https:\/\/ghostbusters-slots.com\/wp-content\/uploads\/ghostbusters-movie-png-logo-1-e1701219327849.png\",\"contentUrl\":\"https:\/\/ghostbusters-slots.com\/wp-content\/uploads\/ghostbusters-movie-png-logo-1-e1701219327849.png\",\"width\":800,\"height\":200,\"caption\":\"Ghostbusters Slot\"},\"image\":{\"@id\":\"https:\/\/ghostbusters-slots.com\/#\/schema\/logo\/image\/\"}}]}<\/script>\n<!-- \/ Yoast SEO plugin. -->","yoast_head_json":{"title":"Ghostbusters: \u0421\u043a\u0430\u0447\u0430\u0439\u0442\u0435 \u0438 \u043e\u043a\u0443\u043d\u0438\u0442\u0435\u0441\u044c \u0432 \u043c\u0438\u0440 \u0430\u0437\u0430\u0440\u0442\u0430 \u0433\u0434\u0435 \u0443\u0433\u043e\u0434\u043d\u043e","description":"Pobierz Ghostbusters na Androida, iPhone'a lub komputer. Ciesz si\u0119 ekscytuj\u0105cymi przygodami \u0142owc\u00f3w duch\u00f3w gdziekolwiek si\u0119 udasz. \u0141atwa instalacja!","robots":{"index":"index","follow":"follow","max-snippet":"max-snippet:-1","max-image-preview":"max-image-preview:large","max-video-preview":"max-video-preview:-1"},"canonical":"https:\/\/ghostbusters-slots.com\/pl\/download-ghostbusters-slot-game\/","og_locale":"pl_PL","og_type":"article","og_title":"Ghostbusters: \u0421\u043a\u0430\u0447\u0430\u0439\u0442\u0435 \u0438 \u043e\u043a\u0443\u043d\u0438\u0442\u0435\u0441\u044c \u0432 \u043c\u0438\u0440 \u0430\u0437\u0430\u0440\u0442\u0430 \u0433\u0434\u0435 \u0443\u0433\u043e\u0434\u043d\u043e","og_description":"\u0421\u043a\u0430\u0447\u0430\u0439\u0442\u0435 Ghostbusters \u043d\u0430 \u0410\u043d\u0434\u0440\u043e\u0438\u0434, iPhone \u0438\u043b\u0438 \u043a\u043e\u043c\u043f\u044c\u044e\u0442\u0435\u0440. \u041d\u0430\u0441\u043b\u0430\u0436\u0434\u0430\u0439\u0442\u0435\u0441\u044c \u0443\u0432\u043b\u0435\u043a\u0430\u0442\u0435\u043b\u044c\u043d\u044b\u043c\u0438 \u043f\u0440\u0438\u043a\u043b\u044e\u0447\u0435\u043d\u0438\u044f\u043c\u0438 \u043f\u0440\u0438\u0437\u0440\u0430\u043a\u043e\u043e\u0445\u043e\u0442\u043d\u0438\u043a\u043e\u0432 \u0432 \u043b\u044e\u0431\u043e\u043c \u043c\u0435\u0441\u0442\u0435. \u041f\u0440\u043e\u0441\u0442\u0430\u044f \u0443\u0441\u0442\u0430\u043d\u043e\u0432\u043a\u0430!","og_url":"https:\/\/ghostbusters-slots.com\/pl\/download-ghostbusters-slot-game\/","og_site_name":"Ghostbusters Slot","article_modified_time":"2024-06-11T22:03:47+00:00","twitter_card":"summary_large_image","twitter_misc":{"Szacowany czas czytania":"20 minut"},"schema":{"@context":"https:\/\/schema.org","@graph":[{"@type":"WebPage","@id":"https:\/\/ghostbusters-slots.com\/download-ghostbusters-slot-game\/","url":"https:\/\/ghostbusters-slots.com\/download-ghostbusters-slot-game\/","name":"Ghostbusters: \u0421\u043a\u0430\u0447\u0430\u0439\u0442\u0435 \u0438 \u043e\u043a\u0443\u043d\u0438\u0442\u0435\u0441\u044c \u0432 \u043c\u0438\u0440 \u0430\u0437\u0430\u0440\u0442\u0430 \u0433\u0434\u0435 \u0443\u0433\u043e\u0434\u043d\u043e","isPartOf":{"@id":"https:\/\/ghostbusters-slots.com\/#website"},"datePublished":"2023-11-27T23:21:59+00:00","dateModified":"2024-06-11T22:03:47+00:00","description":"\u0421\u043a\u0430\u0447\u0430\u0439\u0442\u0435 Ghostbusters \u043d\u0430 \u0410\u043d\u0434\u0440\u043e\u0438\u0434, iPhone \u0438\u043b\u0438 \u043a\u043e\u043c\u043f\u044c\u044e\u0442\u0435\u0440. \u041d\u0430\u0441\u043b\u0430\u0436\u0434\u0430\u0439\u0442\u0435\u0441\u044c \u0443\u0432\u043b\u0435\u043a\u0430\u0442\u0435\u043b\u044c\u043d\u044b\u043c\u0438 \u043f\u0440\u0438\u043a\u043b\u044e\u0447\u0435\u043d\u0438\u044f\u043c\u0438 \u043f\u0440\u0438\u0437\u0440\u0430\u043a\u043e\u043e\u0445\u043e\u0442\u043d\u0438\u043a\u043e\u0432 \u0432 \u043b\u044e\u0431\u043e\u043c \u043c\u0435\u0441\u0442\u0435. \u041f\u0440\u043e\u0441\u0442\u0430\u044f \u0443\u0441\u0442\u0430\u043d\u043e\u0432\u043a\u0430!","breadcrumb":{"@id":"https:\/\/ghostbusters-slots.com\/download-ghostbusters-slot-game\/#breadcrumb"},"inLanguage":"pl-PL","potentialAction":[{"@type":"ReadAction","target":["https:\/\/ghostbusters-slots.com\/download-ghostbusters-slot-game\/"]}]},{"@type":"BreadcrumbList","@id":"https:\/\/ghostbusters-slots.com\/download-ghostbusters-slot-game\/#breadcrumb","itemListElement":[{"@type":"ListItem","position":1,"name":"Home","item":"https:\/\/ghostbusters-slots.com\/"},{"@type":"ListItem","position":2,"name":"\u0417\u0430\u0433\u0440\u0443\u0437\u043a\u0430 \u0438\u0433\u0440\u044b &#171;Ghostbusters&#187;: \u0412\u0430\u0448 \u043f\u0443\u0442\u044c \u043a \u0437\u0430\u0445\u0432\u0430\u0442\u044b\u0432\u0430\u044e\u0449\u0438\u043c \u043f\u0440\u0438\u043a\u043b\u044e\u0447\u0435\u043d\u0438\u044f\u043c"}]},{"@type":"WebSite","@id":"https:\/\/ghostbusters-slots.com\/#website","url":"https:\/\/ghostbusters-slots.com\/","name":"Ghostbusters Slot","description":"","publisher":{"@id":"https:\/\/ghostbusters-slots.com\/#organization"},"potentialAction":[{"@type":"SearchAction","target":{"@type":"EntryPoint","urlTemplate":"https:\/\/ghostbusters-slots.com\/?s={search_term_string}"},"query-input":{"@type":"PropertyValueSpecification","valueRequired":true,"valueName":"search_term_string"}}],"inLanguage":"pl-PL"},{"@type":"Organization","@id":"https:\/\/ghostbusters-slots.com\/#organization","name":"Ghostbusters Slot","url":"https:\/\/ghostbusters-slots.com\/","logo":{"@type":"ImageObject","inLanguage":"pl-PL","@id":"https:\/\/ghostbusters-slots.com\/#\/schema\/logo\/image\/","url":"https:\/\/ghostbusters-slots.com\/wp-content\/uploads\/ghostbusters-movie-png-logo-1-e1701219327849.png","contentUrl":"https:\/\/ghostbusters-slots.com\/wp-content\/uploads\/ghostbusters-movie-png-logo-1-e1701219327849.png","width":800,"height":200,"caption":"Ghostbusters Slot"},"image":{"@id":"https:\/\/ghostbusters-slots.com\/#\/schema\/logo\/image\/"}}]}},"_links":{"self":[{"href":"https:\/\/ghostbusters-slots.com\/pl\/wp-json\/wp\/v2\/pages\/13","targetHints":{"allow":["GET"]}}],"collection":[{"href":"https:\/\/ghostbusters-slots.com\/pl\/wp-json\/wp\/v2\/pages"}],"about":[{"href":"https:\/\/ghostbusters-slots.com\/pl\/wp-json\/wp\/v2\/types\/page"}],"author":[{"embeddable":true,"href":"https:\/\/ghostbusters-slots.com\/pl\/wp-json\/wp\/v2\/users\/1"}],"replies":[{"embeddable":true,"href":"https:\/\/ghostbusters-slots.com\/pl\/wp-json\/wp\/v2\/comments?post=13"}],"version-history":[{"count":22,"href":"https:\/\/ghostbusters-slots.com\/pl\/wp-json\/wp\/v2\/pages\/13\/revisions"}],"predecessor-version":[{"id":172,"href":"https:\/\/ghostbusters-slots.com\/pl\/wp-json\/wp\/v2\/pages\/13\/revisions\/172"}],"wp:attachment":[{"href":"https:\/\/ghostbusters-slots.com\/pl\/wp-json\/wp\/v2\/media?parent=13"}],"curies":[{"name":"wp","href":"https:\/\/api.w.org\/{rel}","templated":true}]}}