{"id":17,"date":"2023-11-27T23:25:44","date_gmt":"2023-11-27T23:25:44","guid":{"rendered":"https:\/\/ghostbusters-slots.com\/?page_id=17"},"modified":"2024-06-11T22:14:00","modified_gmt":"2024-06-11T22:14:00","slug":"about-us","status":"publish","type":"page","link":"https:\/\/ghostbusters-slots.com\/pl\/about-us\/","title":{"rendered":"O nas: Odkrywanie tajemnic gry \u201eGhostbusters\u201d"},"content":{"rendered":"<p>Witaj na naszej stronie &#8222;O nas&#8221;! Jeste\u015bmy zespo\u0142em entuzjast\u00f3w, kt\u00f3rych celem jest odkrycie wszystkich tajemnic i wspania\u0142o\u015bci gry &#8222;Ghostbusters&#8221;. Nasza pasja do gier sk\u0142oni\u0142a nas do stworzenia tego miejsca, w kt\u00f3rym znajdziesz wszystkie niezb\u0119dne informacje o swojej ulubionej grze.<\/p>\n<h2>Nasze Warto\u015bci<\/h2>\n<p>D\u0105\u017cymy do zapewnienia Ci najbardziej dok\u0142adnych i przydatnych informacji o &#8222;Ghostbusters&#8221;. Nasz zesp\u00f3\u0142 zbiera ekskluzywne materia\u0142y, analizuje zasady gry, bada rundy bonusowe i pozostaje na bie\u017c\u0105co z najnowszymi wydarzeniami.<\/p>\n<h2>To, Co Oferujemy<\/h2>\n<ul>\n<li><strong>Analiza Gier Na G\u0142\u0119bokim Poziomie:<\/strong> Rozk\u0142adamy na czynniki pierwsze ka\u017cdy aspekt &#8222;Ghostbusters&#8221; &#8211; od symboli po strategie rozgrywki. Nasze recenzje oferuj\u0105 kompleksowy obraz, dzi\u0119ki czemu mo\u017cesz podejmowa\u0107 \u015bwiadome decyzje.<\/li>\n<li><strong>Najnowsze Wiadomo\u015bci:<\/strong> B\u0105d\u017a na bie\u017c\u0105co z naszymi aktualizacjami, aby by\u0107 informowanym o najnowszych wiadomo\u015bciach i wydarzeniach w \u015bwiecie &#8222;Ghostbusters&#8221;. Informujemy Ci\u0119 o \u015bwie\u017cych bonusach, turniejach i nowych wersjach gry.<\/li>\n<li><strong>Porady i Strategie:<\/strong> Dowiedz si\u0119 skutecznych strategii i wskaz\u00f3wek od do\u015bwiadczonych graczy. Dzielmy si\u0119 najlepszymi praktykami, aby pom\u00f3c Ci poprawi\u0107 swoje do\u015bwiadczenia z gr\u0105.<\/li>\n<li><strong>Odpowiedzi na Pytania:<\/strong> W sekcji &#8222;Najcz\u0119\u015bciej Zadawane Pytania&#8221; znajdziesz odpowiedzi na powszechne pytania dotycz\u0105ce gry. Robimy wszystko, aby u\u0142atwi\u0107 Ci drog\u0119 do duchowych zwyci\u0119stw.<\/li>\n<\/ul>\n<h2>Nasza Misja<\/h2>\n<p>Nasz\u0105 misj\u0105 jest stworzenie przestrzeni, w kt\u00f3rej ka\u017cdy gracz znajdzie inspiracj\u0119, wsparcie i przede wszystkim ekscytuj\u0105ce do\u015bwiadczenie z gr\u0105 w &#8222;Ghostbusters&#8221;. Wierzymy, \u017ce ka\u017cdy powinien mie\u0107 dost\u0119p do jako\u015bciowych informacji, aby gra\u0107 z przyjemno\u015bci\u0105 i pe\u0142nym zaufaniem.<\/p>\n<p>Dzi\u0119kujemy za wyb\u00f3r nas w swojej grze. Odkryjmy razem \u015bwiat &#8222;Ghostbusters&#8221; i stw\u00f3rzmy legendarnie chwile na b\u0119bnach tej ekscytuj\u0105cej gry!<\/p>\n","protected":false},"excerpt":{"rendered":"<p>Witaj na naszej stronie &#8222;O nas&#8221;! Jeste\u015bmy zespo\u0142em entuzjast\u00f3w, kt\u00f3rych celem jest odkrycie wszystkich tajemnic i wspania\u0142o\u015bci gry &#8222;Ghostbusters&#8221;. Nasza pasja do gier sk\u0142oni\u0142a nas do stworzenia tego miejsca, w kt\u00f3rym znajdziesz wszystkie niezb\u0119dne informacje o swojej ulubionej grze. Nasze Warto\u015bci D\u0105\u017cymy do zapewnienia Ci najbardziej dok\u0142adnych i przydatnych informacji o &#8222;Ghostbusters&#8221;. Nasz zesp\u00f3\u0142 zbiera [&hellip;]<\/p>\n","protected":false},"author":1,"featured_media":0,"parent":0,"menu_order":0,"comment_status":"closed","ping_status":"closed","template":"templates\/template-page-full-width.php","meta":{"footnotes":""},"class_list":["post-17","page","type-page","status-publish","hentry"],"yoast_head":"<!-- This site is optimized with the Yoast SEO plugin v27.2 - https:\/\/yoast.com\/product\/yoast-seo-wordpress\/ -->\n<title>Ghostbusters: Wer wir sind und was wir im Bereich des Gaming-Entertainments bieten<\/title>\n<meta name=\"description\" content=\"Poznaj nas - zesp\u00f3\u0142 entuzjast\u00f3w odkrywaj\u0105cych tajemnice Ghostbusters. Dostarczamy cenne informacje, strategie i wiadomo\u015bci, aby zapewni\u0107 anga\u017cuj\u0105ce wra\u017cenia z gry.\" \/>\n<meta name=\"robots\" content=\"index, follow, max-snippet:-1, max-image-preview:large, max-video-preview:-1\" \/>\n<link rel=\"canonical\" href=\"https:\/\/ghostbusters-slots.com\/pl\/about-us\/\" \/>\n<meta property=\"og:locale\" content=\"pl_PL\" \/>\n<meta property=\"og:locale:alternate\" content=\"ru_RU\" \/>\n<meta property=\"og:locale:alternate\" content=\"en_US\" \/>\n<meta property=\"og:locale:alternate\" content=\"pt_PT\" \/>\n<meta property=\"og:locale:alternate\" content=\"es_ES\" \/>\n<meta property=\"og:locale:alternate\" content=\"fr_FR\" \/>\n<meta property=\"og:locale:alternate\" content=\"de_DE\" \/>\n<meta property=\"og:locale:alternate\" content=\"ro_RO\" \/>\n<meta property=\"og:locale:alternate\" content=\"sr_RS\" \/>\n<meta property=\"og:locale:alternate\" content=\"bg_BG\" \/>\n<meta property=\"og:locale:alternate\" content=\"it_IT\" \/>\n<meta property=\"og:type\" content=\"article\" \/>\n<meta property=\"og:title\" content=\"Ghostbusters: Wer wir sind und was wir im Bereich des Gaming-Entertainments bieten\" \/>\n<meta property=\"og:description\" content=\"Erfahren Sie mehr \u00fcber uns - ein Team von Enthusiasten, die die Geheimnisse von Ghostbusters enth\u00fcllen. Wir bieten wertvolle Informationen, Strategien und Neuigkeiten f\u00fcr ein fesselndes Spielerlebnis.\" \/>\n<meta property=\"og:url\" content=\"https:\/\/ghostbusters-slots.com\/pl\/about-us\/\" \/>\n<meta property=\"og:site_name\" content=\"Ghostbusters Slot\" \/>\n<meta property=\"article:modified_time\" content=\"2024-06-11T22:14:00+00:00\" \/>\n<meta name=\"twitter:card\" content=\"summary_large_image\" \/>\n<meta name=\"twitter:label1\" content=\"Szacowany czas czytania\" \/>\n\t<meta name=\"twitter:data1\" content=\"12 minut\" \/>\n<script type=\"application\/ld+json\" class=\"yoast-schema-graph\">{\"@context\":\"https:\/\/schema.org\",\"@graph\":[{\"@type\":\"WebPage\",\"@id\":\"https:\/\/ghostbusters-slots.com\/de\/about-us\/\",\"url\":\"https:\/\/ghostbusters-slots.com\/de\/about-us\/\",\"name\":\"Ghostbusters: Wer wir sind und was wir im Bereich des Gaming-Entertainments bieten\",\"isPartOf\":{\"@id\":\"https:\/\/ghostbusters-slots.com\/#website\"},\"datePublished\":\"2023-11-27T23:25:44+00:00\",\"dateModified\":\"2024-06-11T22:14:00+00:00\",\"description\":\"Erfahren Sie mehr \u00fcber uns - ein Team von Enthusiasten, die die Geheimnisse von Ghostbusters enth\u00fcllen. Wir bieten wertvolle Informationen, Strategien und Neuigkeiten f\u00fcr ein fesselndes Spielerlebnis.\",\"breadcrumb\":{\"@id\":\"https:\/\/ghostbusters-slots.com\/de\/about-us\/#breadcrumb\"},\"inLanguage\":\"pl-PL\",\"potentialAction\":[{\"@type\":\"ReadAction\",\"target\":[\"https:\/\/ghostbusters-slots.com\/de\/about-us\/\"]}]},{\"@type\":\"BreadcrumbList\",\"@id\":\"https:\/\/ghostbusters-slots.com\/de\/about-us\/#breadcrumb\",\"itemListElement\":[{\"@type\":\"ListItem\",\"position\":1,\"name\":\"Home\",\"item\":\"https:\/\/ghostbusters-slots.com\/\"},{\"@type\":\"ListItem\",\"position\":2,\"name\":\"\u00dcber uns: Die Geheimnisse des Spiels &#8222;Ghostbusters&#8220; enth\u00fcllen\"}]},{\"@type\":\"WebSite\",\"@id\":\"https:\/\/ghostbusters-slots.com\/#website\",\"url\":\"https:\/\/ghostbusters-slots.com\/\",\"name\":\"Ghostbusters Slot\",\"description\":\"\",\"publisher\":{\"@id\":\"https:\/\/ghostbusters-slots.com\/#organization\"},\"potentialAction\":[{\"@type\":\"SearchAction\",\"target\":{\"@type\":\"EntryPoint\",\"urlTemplate\":\"https:\/\/ghostbusters-slots.com\/?s={search_term_string}\"},\"query-input\":{\"@type\":\"PropertyValueSpecification\",\"valueRequired\":true,\"valueName\":\"search_term_string\"}}],\"inLanguage\":\"pl-PL\"},{\"@type\":\"Organization\",\"@id\":\"https:\/\/ghostbusters-slots.com\/#organization\",\"name\":\"Ghostbusters Slot\",\"url\":\"https:\/\/ghostbusters-slots.com\/\",\"logo\":{\"@type\":\"ImageObject\",\"inLanguage\":\"pl-PL\",\"@id\":\"https:\/\/ghostbusters-slots.com\/#\/schema\/logo\/image\/\",\"url\":\"https:\/\/ghostbusters-slots.com\/wp-content\/uploads\/ghostbusters-movie-png-logo-1-e1701219327849.png\",\"contentUrl\":\"https:\/\/ghostbusters-slots.com\/wp-content\/uploads\/ghostbusters-movie-png-logo-1-e1701219327849.png\",\"width\":800,\"height\":200,\"caption\":\"Ghostbusters Slot\"},\"image\":{\"@id\":\"https:\/\/ghostbusters-slots.com\/#\/schema\/logo\/image\/\"}}]}<\/script>\n<!-- \/ Yoast SEO plugin. -->","yoast_head_json":{"title":"Ghostbusters: Wer wir sind und was wir im Bereich des Gaming-Entertainments bieten","description":"Poznaj nas - zesp\u00f3\u0142 entuzjast\u00f3w odkrywaj\u0105cych tajemnice Ghostbusters. Dostarczamy cenne informacje, strategie i wiadomo\u015bci, aby zapewni\u0107 anga\u017cuj\u0105ce wra\u017cenia z gry.","robots":{"index":"index","follow":"follow","max-snippet":"max-snippet:-1","max-image-preview":"max-image-preview:large","max-video-preview":"max-video-preview:-1"},"canonical":"https:\/\/ghostbusters-slots.com\/pl\/about-us\/","og_locale":"pl_PL","og_type":"article","og_title":"Ghostbusters: Wer wir sind und was wir im Bereich des Gaming-Entertainments bieten","og_description":"Erfahren Sie mehr \u00fcber uns - ein Team von Enthusiasten, die die Geheimnisse von Ghostbusters enth\u00fcllen. Wir bieten wertvolle Informationen, Strategien und Neuigkeiten f\u00fcr ein fesselndes Spielerlebnis.","og_url":"https:\/\/ghostbusters-slots.com\/pl\/about-us\/","og_site_name":"Ghostbusters Slot","article_modified_time":"2024-06-11T22:14:00+00:00","twitter_card":"summary_large_image","twitter_misc":{"Szacowany czas czytania":"12 minut"},"schema":{"@context":"https:\/\/schema.org","@graph":[{"@type":"WebPage","@id":"https:\/\/ghostbusters-slots.com\/de\/about-us\/","url":"https:\/\/ghostbusters-slots.com\/de\/about-us\/","name":"Ghostbusters: Wer wir sind und was wir im Bereich des Gaming-Entertainments bieten","isPartOf":{"@id":"https:\/\/ghostbusters-slots.com\/#website"},"datePublished":"2023-11-27T23:25:44+00:00","dateModified":"2024-06-11T22:14:00+00:00","description":"Erfahren Sie mehr \u00fcber uns - ein Team von Enthusiasten, die die Geheimnisse von Ghostbusters enth\u00fcllen. Wir bieten wertvolle Informationen, Strategien und Neuigkeiten f\u00fcr ein fesselndes Spielerlebnis.","breadcrumb":{"@id":"https:\/\/ghostbusters-slots.com\/de\/about-us\/#breadcrumb"},"inLanguage":"pl-PL","potentialAction":[{"@type":"ReadAction","target":["https:\/\/ghostbusters-slots.com\/de\/about-us\/"]}]},{"@type":"BreadcrumbList","@id":"https:\/\/ghostbusters-slots.com\/de\/about-us\/#breadcrumb","itemListElement":[{"@type":"ListItem","position":1,"name":"Home","item":"https:\/\/ghostbusters-slots.com\/"},{"@type":"ListItem","position":2,"name":"\u00dcber uns: Die Geheimnisse des Spiels &#8222;Ghostbusters&#8220; enth\u00fcllen"}]},{"@type":"WebSite","@id":"https:\/\/ghostbusters-slots.com\/#website","url":"https:\/\/ghostbusters-slots.com\/","name":"Ghostbusters Slot","description":"","publisher":{"@id":"https:\/\/ghostbusters-slots.com\/#organization"},"potentialAction":[{"@type":"SearchAction","target":{"@type":"EntryPoint","urlTemplate":"https:\/\/ghostbusters-slots.com\/?s={search_term_string}"},"query-input":{"@type":"PropertyValueSpecification","valueRequired":true,"valueName":"search_term_string"}}],"inLanguage":"pl-PL"},{"@type":"Organization","@id":"https:\/\/ghostbusters-slots.com\/#organization","name":"Ghostbusters Slot","url":"https:\/\/ghostbusters-slots.com\/","logo":{"@type":"ImageObject","inLanguage":"pl-PL","@id":"https:\/\/ghostbusters-slots.com\/#\/schema\/logo\/image\/","url":"https:\/\/ghostbusters-slots.com\/wp-content\/uploads\/ghostbusters-movie-png-logo-1-e1701219327849.png","contentUrl":"https:\/\/ghostbusters-slots.com\/wp-content\/uploads\/ghostbusters-movie-png-logo-1-e1701219327849.png","width":800,"height":200,"caption":"Ghostbusters Slot"},"image":{"@id":"https:\/\/ghostbusters-slots.com\/#\/schema\/logo\/image\/"}}]}},"_links":{"self":[{"href":"https:\/\/ghostbusters-slots.com\/pl\/wp-json\/wp\/v2\/pages\/17","targetHints":{"allow":["GET"]}}],"collection":[{"href":"https:\/\/ghostbusters-slots.com\/pl\/wp-json\/wp\/v2\/pages"}],"about":[{"href":"https:\/\/ghostbusters-slots.com\/pl\/wp-json\/wp\/v2\/types\/page"}],"author":[{"embeddable":true,"href":"https:\/\/ghostbusters-slots.com\/pl\/wp-json\/wp\/v2\/users\/1"}],"replies":[{"embeddable":true,"href":"https:\/\/ghostbusters-slots.com\/pl\/wp-json\/wp\/v2\/comments?post=17"}],"version-history":[{"count":23,"href":"https:\/\/ghostbusters-slots.com\/pl\/wp-json\/wp\/v2\/pages\/17\/revisions"}],"predecessor-version":[{"id":175,"href":"https:\/\/ghostbusters-slots.com\/pl\/wp-json\/wp\/v2\/pages\/17\/revisions\/175"}],"wp:attachment":[{"href":"https:\/\/ghostbusters-slots.com\/pl\/wp-json\/wp\/v2\/media?parent=17"}],"curies":[{"name":"wp","href":"https:\/\/api.w.org\/{rel}","templated":true}]}}