{"id":7,"date":"2023-11-27T23:19:29","date_gmt":"2023-11-27T23:19:29","guid":{"rendered":"https:\/\/ghostbusters-slots.com\/?page_id=7"},"modified":"2024-06-11T22:09:47","modified_gmt":"2024-06-11T22:09:47","slug":"ghostbusters-slot","status":"publish","type":"page","link":"https:\/\/ghostbusters-slots.com\/pl\/","title":{"rendered":"Automat do gry Ghostbusters: \u015awiat duch\u00f3w i du\u017cych wygranych"},"content":{"rendered":"<p>Witamy na naszej stronie po\u015bwi\u0119conej ekscytuj\u0105cemu \u015bwiatu automatu do gry &#8222;Ghostbusters&#8221;! Ten ekscytuj\u0105cy slot niesie ze sob\u0105 ducha przygody i mo\u017cliwo\u015b\u0107 wygrania wielkich nagr\u00f3d. Zanurzmy si\u0119 w \u015bwiat duch\u00f3w i niesamowitych wygranych!<\/p>\n<h2>Czym jest &#8222;Ghostbusters&#8221;?<\/h2>\n<p>&#8222;Ghostbusters&#8221; to ekscytuj\u0105cy automat do gry oparty na popularnym filmie o tej samej nazwie. Opracowany przy u\u017cyciu zaawansowanych technologii, ten slot oferuje unikalne do\u015bwiadczenia z gr\u0105, porywaj\u0105c\u0105 grafik\u0105, ekscytuj\u0105c\u0105 fabu\u0142\u0105 i wieloma mo\u017cliwo\u015bciami wygranej.<\/p>\n<h2>Zasady gry<\/h2>\n<p>Zanim zaczniesz kr\u0119ci\u0107 b\u0119bnami, zapoznajmy si\u0119 z podstawowymi zasadami &#8222;Ghostbusters&#8221;. Automat do gry sk\u0142ada si\u0119 z pi\u0119ciu b\u0119bn\u00f3w i trzydziestu linii wyp\u0142at, tworz\u0105c wiele mo\u017cliwo\u015bci na tworzenie wygrywaj\u0105cych kombinacji. Aby rozpocz\u0105\u0107 gr\u0119, musisz wybra\u0107 wielko\u015b\u0107 zak\u0142adu i liczb\u0119 linii, kt\u00f3re chcesz aktywowa\u0107. Nast\u0119pnie wystarczy nacisn\u0105\u0107 przycisk &#8222;Spin&#8221; i cieszy\u0107 si\u0119 ekscytuj\u0105cym procesem!<\/p>\n<p>G\u0142\u00f3wne symbole to obrazy g\u0142\u00f3wnych bohater\u00f3w z filmu &#8222;Ghostbusters&#8221;, a tak\u017ce r\u00f3\u017cne przedmioty zwi\u0105zane z ich profesj\u0105. Aby wygra\u0107, musisz zebra\u0107 kombinacje pasuj\u0105cych symboli na aktywnych liniach wyp\u0142at.<\/p>\n<h2>Fabu\u0142a gry<\/h2>\n<p>&#8222;Ghostbusters&#8221; zabiera ci\u0119 w ekscytuj\u0105cy \u015bwiat polowania na duchy. Twoim zadaniem jest do\u0142\u0105czy\u0107 do zespo\u0142u \u0142owc\u00f3w duch\u00f3w i pom\u00f3c im pozby\u0107 si\u0119 z\u0142owrogich istot w\u0119druj\u0105cych po b\u0119bnach. Z ka\u017cdym udanym obrotem zbli\u017casz si\u0119 do ekscytuj\u0105cych rund bonusowych, w kt\u00f3rych czekaj\u0105 na ciebie dodatkowe szanse na wygran\u0105 i emocjonuj\u0105ce przygody.<\/p>\n<h2>Pobierz gr\u0119<\/h2>\n<p>Aby w pe\u0142ni zanurzy\u0107 si\u0119 w \u015bwiat &#8222;Ghostbusters&#8221;, oferujemy mo\u017cliwo\u015b\u0107 pobrania gry na swoje urz\u0105dzenie. To zapewni p\u0142ynniejsz\u0105 rozgrywk\u0119, szybsze czasy \u0142adowania i dost\u0119p do gry w dowolnym dogodnym momencie. Po prostu post\u0119puj zgodnie z instrukcjami na naszej stronie, aby pobra\u0107 i zainstalowa\u0107 gr\u0119.<\/p>\n<h2>Cz\u0119sto zadawane pytania<\/h2>\n<p>Aby u\u0142atwi\u0107 ci korzystanie z gry, zebrali\u015bmy najcz\u0119\u015bciej zadawane pytania dotycz\u0105ce &#8222;Ghostbusters&#8221;. Tutaj znajdziesz pomocne wskaz\u00f3wki, strategie i informacje na temat tego, jak maksymalnie wykorzysta\u0107 swoje do\u015bwiadczenia z gr\u0105.<\/p>\n<p><strong>1. Jak mog\u0119 zwi\u0119kszy\u0107 swoje szanse na wygran\u0105?<\/strong><\/p>\n<ul>\n<li>Ustaw bud\u017cet i wielko\u015b\u0107 zak\u0142adu przed rozpocz\u0119ciem gry.<\/li>\n<li>U\u017cyj wszystkich dost\u0119pnych linii wyp\u0142at, aby maksymalizowa\u0107 swoje szanse na wygran\u0105.<\/li>\n<\/ul>\n<p><strong>2. Czy w grze s\u0105 rundy bonusowe?<\/strong><\/p>\n<ul>\n<li>Tak, &#8222;Ghostbusters&#8221; oferuje ekscytuj\u0105ce rundy bonusowe z dodatkowymi mo\u017cliwo\u015bciami wygranej.<\/li>\n<\/ul>\n<p><strong>3. Kt\u00f3re symbole s\u0105 uznawane za najbardziej warto\u015bciowe?<\/strong><\/p>\n<ul>\n<li>Symbole g\u0142\u00f3wnych bohater\u00f3w i logo gry zazwyczaj przynosz\u0105 najwy\u017csze wygrane.<\/li>\n<\/ul>\n<h2>Graj za darmo<\/h2>\n<p>Nie chcesz ryzykowa\u0107 swoich \u015brodk\u00f3w? Na naszej stronie mo\u017cesz gra\u0107 w &#8222;Ghostbusters&#8221; ca\u0142kowicie za darmo! Tryb gry za darmo pozwala cieszy\u0107 si\u0119 wszystkimi zaletami slota bez \u017cadnych koszt\u00f3w finansowych. To idealny spos\u00f3b, aby zapozna\u0107 si\u0119 z gr\u0105, zanim zdecydujesz si\u0119 na stawianie prawdziwych zak\u0142ad\u00f3w.<\/p>\n<h2>Depozyty i wyp\u0142aty<\/h2>\n<p>Gdy b\u0119dziesz gotowy przej\u015b\u0107 do prawdziwych zak\u0142ad\u00f3w i do\u015bwiadczy\u0107 prawdziwych emocji, zapewniamy wygodne metody deponowania \u015brodk\u00f3w. Mo\u017cesz korzysta\u0107 z r\u00f3\u017cnych system\u00f3w p\u0142atno\u015bci, aby szybko i bezpiecznie do\u0142adowa\u0107 swoje konto do gry.<\/p>\n<p>Po udanych wygranych masz r\u00f3wnie\u017c dost\u0119p do wygodnego procesu wyp\u0142at. Wybierz preferowan\u0105 metod\u0119 wyp\u0142aty i ciesz si\u0119 zas\u0142u\u017conymi wygranymi.<\/p>\n<p>Nie przegap okazji, aby zanurzy\u0107 si\u0119 w ekscytuj\u0105cy \u015bwiat &#8222;Ghostbusters&#8221; ju\u017c teraz! Pobierz gr\u0119, poznaj zasady, graj za darmo i wygrywaj wielkie nagrody. Powodzenia w polowaniu na duchy!<\/p>\n","protected":false},"excerpt":{"rendered":"<p>Witamy na naszej stronie po\u015bwi\u0119conej ekscytuj\u0105cemu \u015bwiatu automatu do gry &#8222;Ghostbusters&#8221;! Ten ekscytuj\u0105cy slot niesie ze sob\u0105 ducha przygody i mo\u017cliwo\u015b\u0107 wygrania wielkich nagr\u00f3d. Zanurzmy si\u0119 w \u015bwiat duch\u00f3w i niesamowitych wygranych! Czym jest &#8222;Ghostbusters&#8221;? &#8222;Ghostbusters&#8221; to ekscytuj\u0105cy automat do gry oparty na popularnym filmie o tej samej nazwie. Opracowany przy u\u017cyciu zaawansowanych technologii, ten [&hellip;]<\/p>\n","protected":false},"author":1,"featured_media":0,"parent":0,"menu_order":0,"comment_status":"closed","ping_status":"closed","template":"templates\/template-page-full-width.php","meta":{"footnotes":""},"class_list":["post-7","page","type-page","status-publish","hentry"],"yoast_head":"<!-- This site is optimized with the Yoast SEO plugin v27.2 - https:\/\/yoast.com\/product\/yoast-seo-wordpress\/ -->\n<title>Ghostbusters: \u0417\u0430\u0445\u0432\u0430\u0442\u044b\u0432\u0430\u044e\u0449\u0438\u0439 \u0441\u043b\u043e\u0442 \u0441 \u043f\u0440\u0438\u0437\u0440\u0430\u0447\u043d\u044b\u043c\u0438 \u0432\u044b\u0438\u0433\u0440\u044b\u0448\u0430\u043c\u0438<\/title>\n<meta name=\"description\" content=\"Zagraj w slot Ghostbusters - zanurz si\u0119 w \u015bwiat przyg\u00f3d duchowych, wygrywaj du\u017ce nagrody i ciesz si\u0119 ekscytuj\u0105cymi bonusami. Rejestracja jest darmowa!\" \/>\n<meta name=\"robots\" content=\"index, follow, max-snippet:-1, max-image-preview:large, max-video-preview:-1\" \/>\n<link rel=\"canonical\" href=\"https:\/\/ghostbusters-slots.com\/pl\/\" \/>\n<meta property=\"og:locale\" content=\"pl_PL\" \/>\n<meta property=\"og:locale:alternate\" content=\"ru_RU\" \/>\n<meta property=\"og:locale:alternate\" content=\"en_US\" \/>\n<meta property=\"og:locale:alternate\" content=\"pt_PT\" \/>\n<meta property=\"og:locale:alternate\" content=\"es_ES\" \/>\n<meta property=\"og:locale:alternate\" content=\"fr_FR\" \/>\n<meta property=\"og:locale:alternate\" content=\"de_DE\" \/>\n<meta property=\"og:locale:alternate\" content=\"ro_RO\" \/>\n<meta property=\"og:locale:alternate\" content=\"sr_RS\" \/>\n<meta property=\"og:locale:alternate\" content=\"bg_BG\" \/>\n<meta property=\"og:locale:alternate\" content=\"it_IT\" \/>\n<meta property=\"og:type\" content=\"article\" \/>\n<meta property=\"og:title\" content=\"Ghostbusters: \u0417\u0430\u0445\u0432\u0430\u0442\u044b\u0432\u0430\u044e\u0449\u0438\u0439 \u0441\u043b\u043e\u0442 \u0441 \u043f\u0440\u0438\u0437\u0440\u0430\u0447\u043d\u044b\u043c\u0438 \u0432\u044b\u0438\u0433\u0440\u044b\u0448\u0430\u043c\u0438\" \/>\n<meta property=\"og:description\" content=\"\u0418\u0433\u0440\u0430\u0439\u0442\u0435 \u0432 \u0441\u043b\u043e\u0442 Ghostbusters - \u043f\u043e\u0433\u0440\u0443\u0437\u0438\u0442\u0435\u0441\u044c \u0432 \u043c\u0438\u0440 \u043f\u0440\u0438\u0437\u0440\u0430\u0447\u043d\u044b\u0445 \u043f\u0440\u0438\u043a\u043b\u044e\u0447\u0435\u043d\u0438\u0439, \u0432\u044b\u0438\u0433\u0440\u044b\u0432\u0430\u0439\u0442\u0435 \u043a\u0440\u0443\u043f\u043d\u044b\u0435 \u043f\u0440\u0438\u0437\u044b \u0438 \u043d\u0430\u0441\u043b\u0430\u0436\u0434\u0430\u0439\u0442\u0435\u0441\u044c \u0437\u0430\u0445\u0432\u0430\u0442\u044b\u0432\u0430\u044e\u0449\u0438\u043c\u0438 \u0431\u043e\u043d\u0443\u0441\u0430\u043c\u0438. \u0420\u0435\u0433\u0438\u0441\u0442\u0440\u0430\u0446\u0438\u044f \u0431\u0435\u0441\u043f\u043b\u0430\u0442\u043d\u0430!\" \/>\n<meta property=\"og:url\" content=\"https:\/\/ghostbusters-slots.com\/pl\/\" \/>\n<meta property=\"og:site_name\" content=\"Ghostbusters Slot\" \/>\n<meta property=\"article:modified_time\" content=\"2024-06-11T22:09:47+00:00\" \/>\n<meta name=\"twitter:card\" content=\"summary_large_image\" \/>\n<meta name=\"twitter:label1\" content=\"Szacowany czas czytania\" \/>\n\t<meta name=\"twitter:data1\" content=\"24 minuty\" \/>\n<script type=\"application\/ld+json\" class=\"yoast-schema-graph\">{\"@context\":\"https:\/\/schema.org\",\"@graph\":[{\"@type\":\"WebPage\",\"@id\":\"https:\/\/ghostbusters-slots.com\/\",\"url\":\"https:\/\/ghostbusters-slots.com\/\",\"name\":\"Ghostbusters: \u0417\u0430\u0445\u0432\u0430\u0442\u044b\u0432\u0430\u044e\u0449\u0438\u0439 \u0441\u043b\u043e\u0442 \u0441 \u043f\u0440\u0438\u0437\u0440\u0430\u0447\u043d\u044b\u043c\u0438 \u0432\u044b\u0438\u0433\u0440\u044b\u0448\u0430\u043c\u0438\",\"isPartOf\":{\"@id\":\"https:\/\/ghostbusters-slots.com\/#website\"},\"datePublished\":\"2023-11-27T23:19:29+00:00\",\"dateModified\":\"2024-06-11T22:09:47+00:00\",\"description\":\"\u0418\u0433\u0440\u0430\u0439\u0442\u0435 \u0432 \u0441\u043b\u043e\u0442 Ghostbusters - \u043f\u043e\u0433\u0440\u0443\u0437\u0438\u0442\u0435\u0441\u044c \u0432 \u043c\u0438\u0440 \u043f\u0440\u0438\u0437\u0440\u0430\u0447\u043d\u044b\u0445 \u043f\u0440\u0438\u043a\u043b\u044e\u0447\u0435\u043d\u0438\u0439, \u0432\u044b\u0438\u0433\u0440\u044b\u0432\u0430\u0439\u0442\u0435 \u043a\u0440\u0443\u043f\u043d\u044b\u0435 \u043f\u0440\u0438\u0437\u044b \u0438 \u043d\u0430\u0441\u043b\u0430\u0436\u0434\u0430\u0439\u0442\u0435\u0441\u044c \u0437\u0430\u0445\u0432\u0430\u0442\u044b\u0432\u0430\u044e\u0449\u0438\u043c\u0438 \u0431\u043e\u043d\u0443\u0441\u0430\u043c\u0438. \u0420\u0435\u0433\u0438\u0441\u0442\u0440\u0430\u0446\u0438\u044f \u0431\u0435\u0441\u043f\u043b\u0430\u0442\u043d\u0430!\",\"breadcrumb\":{\"@id\":\"https:\/\/ghostbusters-slots.com\/#breadcrumb\"},\"inLanguage\":\"pl-PL\",\"potentialAction\":[{\"@type\":\"ReadAction\",\"target\":[\"https:\/\/ghostbusters-slots.com\/\"]}]},{\"@type\":\"BreadcrumbList\",\"@id\":\"https:\/\/ghostbusters-slots.com\/#breadcrumb\",\"itemListElement\":[{\"@type\":\"ListItem\",\"position\":1,\"name\":\"Home\",\"item\":\"https:\/\/ghostbusters-slots.com\/\"},{\"@type\":\"ListItem\",\"position\":2,\"name\":\"\u0418\u0433\u0440\u043e\u0432\u043e\u0439 \u0430\u0432\u0442\u043e\u043c\u0430\u0442 Ghostbusters: \u043c\u0438\u0440 \u043f\u0440\u0438\u0437\u0440\u0430\u043a\u043e\u0432 \u0438 \u043a\u0440\u0443\u043f\u043d\u044b\u0445 \u0432\u044b\u0438\u0433\u0440\u044b\u0448\u0435\u0439\"}]},{\"@type\":\"WebSite\",\"@id\":\"https:\/\/ghostbusters-slots.com\/#website\",\"url\":\"https:\/\/ghostbusters-slots.com\/\",\"name\":\"Ghostbusters Slot\",\"description\":\"\",\"publisher\":{\"@id\":\"https:\/\/ghostbusters-slots.com\/#organization\"},\"potentialAction\":[{\"@type\":\"SearchAction\",\"target\":{\"@type\":\"EntryPoint\",\"urlTemplate\":\"https:\/\/ghostbusters-slots.com\/?s={search_term_string}\"},\"query-input\":{\"@type\":\"PropertyValueSpecification\",\"valueRequired\":true,\"valueName\":\"search_term_string\"}}],\"inLanguage\":\"pl-PL\"},{\"@type\":\"Organization\",\"@id\":\"https:\/\/ghostbusters-slots.com\/#organization\",\"name\":\"Ghostbusters Slot\",\"url\":\"https:\/\/ghostbusters-slots.com\/\",\"logo\":{\"@type\":\"ImageObject\",\"inLanguage\":\"pl-PL\",\"@id\":\"https:\/\/ghostbusters-slots.com\/#\/schema\/logo\/image\/\",\"url\":\"https:\/\/ghostbusters-slots.com\/wp-content\/uploads\/ghostbusters-movie-png-logo-1-e1701219327849.png\",\"contentUrl\":\"https:\/\/ghostbusters-slots.com\/wp-content\/uploads\/ghostbusters-movie-png-logo-1-e1701219327849.png\",\"width\":800,\"height\":200,\"caption\":\"Ghostbusters Slot\"},\"image\":{\"@id\":\"https:\/\/ghostbusters-slots.com\/#\/schema\/logo\/image\/\"}}]}<\/script>\n<!-- \/ Yoast SEO plugin. -->","yoast_head_json":{"title":"Ghostbusters: \u0417\u0430\u0445\u0432\u0430\u0442\u044b\u0432\u0430\u044e\u0449\u0438\u0439 \u0441\u043b\u043e\u0442 \u0441 \u043f\u0440\u0438\u0437\u0440\u0430\u0447\u043d\u044b\u043c\u0438 \u0432\u044b\u0438\u0433\u0440\u044b\u0448\u0430\u043c\u0438","description":"Zagraj w slot Ghostbusters - zanurz si\u0119 w \u015bwiat przyg\u00f3d duchowych, wygrywaj du\u017ce nagrody i ciesz si\u0119 ekscytuj\u0105cymi bonusami. Rejestracja jest darmowa!","robots":{"index":"index","follow":"follow","max-snippet":"max-snippet:-1","max-image-preview":"max-image-preview:large","max-video-preview":"max-video-preview:-1"},"canonical":"https:\/\/ghostbusters-slots.com\/pl\/","og_locale":"pl_PL","og_type":"article","og_title":"Ghostbusters: \u0417\u0430\u0445\u0432\u0430\u0442\u044b\u0432\u0430\u044e\u0449\u0438\u0439 \u0441\u043b\u043e\u0442 \u0441 \u043f\u0440\u0438\u0437\u0440\u0430\u0447\u043d\u044b\u043c\u0438 \u0432\u044b\u0438\u0433\u0440\u044b\u0448\u0430\u043c\u0438","og_description":"\u0418\u0433\u0440\u0430\u0439\u0442\u0435 \u0432 \u0441\u043b\u043e\u0442 Ghostbusters - \u043f\u043e\u0433\u0440\u0443\u0437\u0438\u0442\u0435\u0441\u044c \u0432 \u043c\u0438\u0440 \u043f\u0440\u0438\u0437\u0440\u0430\u0447\u043d\u044b\u0445 \u043f\u0440\u0438\u043a\u043b\u044e\u0447\u0435\u043d\u0438\u0439, \u0432\u044b\u0438\u0433\u0440\u044b\u0432\u0430\u0439\u0442\u0435 \u043a\u0440\u0443\u043f\u043d\u044b\u0435 \u043f\u0440\u0438\u0437\u044b \u0438 \u043d\u0430\u0441\u043b\u0430\u0436\u0434\u0430\u0439\u0442\u0435\u0441\u044c \u0437\u0430\u0445\u0432\u0430\u0442\u044b\u0432\u0430\u044e\u0449\u0438\u043c\u0438 \u0431\u043e\u043d\u0443\u0441\u0430\u043c\u0438. \u0420\u0435\u0433\u0438\u0441\u0442\u0440\u0430\u0446\u0438\u044f \u0431\u0435\u0441\u043f\u043b\u0430\u0442\u043d\u0430!","og_url":"https:\/\/ghostbusters-slots.com\/pl\/","og_site_name":"Ghostbusters Slot","article_modified_time":"2024-06-11T22:09:47+00:00","twitter_card":"summary_large_image","twitter_misc":{"Szacowany czas czytania":"24 minuty"},"schema":{"@context":"https:\/\/schema.org","@graph":[{"@type":"WebPage","@id":"https:\/\/ghostbusters-slots.com\/","url":"https:\/\/ghostbusters-slots.com\/","name":"Ghostbusters: \u0417\u0430\u0445\u0432\u0430\u0442\u044b\u0432\u0430\u044e\u0449\u0438\u0439 \u0441\u043b\u043e\u0442 \u0441 \u043f\u0440\u0438\u0437\u0440\u0430\u0447\u043d\u044b\u043c\u0438 \u0432\u044b\u0438\u0433\u0440\u044b\u0448\u0430\u043c\u0438","isPartOf":{"@id":"https:\/\/ghostbusters-slots.com\/#website"},"datePublished":"2023-11-27T23:19:29+00:00","dateModified":"2024-06-11T22:09:47+00:00","description":"\u0418\u0433\u0440\u0430\u0439\u0442\u0435 \u0432 \u0441\u043b\u043e\u0442 Ghostbusters - \u043f\u043e\u0433\u0440\u0443\u0437\u0438\u0442\u0435\u0441\u044c \u0432 \u043c\u0438\u0440 \u043f\u0440\u0438\u0437\u0440\u0430\u0447\u043d\u044b\u0445 \u043f\u0440\u0438\u043a\u043b\u044e\u0447\u0435\u043d\u0438\u0439, \u0432\u044b\u0438\u0433\u0440\u044b\u0432\u0430\u0439\u0442\u0435 \u043a\u0440\u0443\u043f\u043d\u044b\u0435 \u043f\u0440\u0438\u0437\u044b \u0438 \u043d\u0430\u0441\u043b\u0430\u0436\u0434\u0430\u0439\u0442\u0435\u0441\u044c \u0437\u0430\u0445\u0432\u0430\u0442\u044b\u0432\u0430\u044e\u0449\u0438\u043c\u0438 \u0431\u043e\u043d\u0443\u0441\u0430\u043c\u0438. \u0420\u0435\u0433\u0438\u0441\u0442\u0440\u0430\u0446\u0438\u044f \u0431\u0435\u0441\u043f\u043b\u0430\u0442\u043d\u0430!","breadcrumb":{"@id":"https:\/\/ghostbusters-slots.com\/#breadcrumb"},"inLanguage":"pl-PL","potentialAction":[{"@type":"ReadAction","target":["https:\/\/ghostbusters-slots.com\/"]}]},{"@type":"BreadcrumbList","@id":"https:\/\/ghostbusters-slots.com\/#breadcrumb","itemListElement":[{"@type":"ListItem","position":1,"name":"Home","item":"https:\/\/ghostbusters-slots.com\/"},{"@type":"ListItem","position":2,"name":"\u0418\u0433\u0440\u043e\u0432\u043e\u0439 \u0430\u0432\u0442\u043e\u043c\u0430\u0442 Ghostbusters: \u043c\u0438\u0440 \u043f\u0440\u0438\u0437\u0440\u0430\u043a\u043e\u0432 \u0438 \u043a\u0440\u0443\u043f\u043d\u044b\u0445 \u0432\u044b\u0438\u0433\u0440\u044b\u0448\u0435\u0439"}]},{"@type":"WebSite","@id":"https:\/\/ghostbusters-slots.com\/#website","url":"https:\/\/ghostbusters-slots.com\/","name":"Ghostbusters Slot","description":"","publisher":{"@id":"https:\/\/ghostbusters-slots.com\/#organization"},"potentialAction":[{"@type":"SearchAction","target":{"@type":"EntryPoint","urlTemplate":"https:\/\/ghostbusters-slots.com\/?s={search_term_string}"},"query-input":{"@type":"PropertyValueSpecification","valueRequired":true,"valueName":"search_term_string"}}],"inLanguage":"pl-PL"},{"@type":"Organization","@id":"https:\/\/ghostbusters-slots.com\/#organization","name":"Ghostbusters Slot","url":"https:\/\/ghostbusters-slots.com\/","logo":{"@type":"ImageObject","inLanguage":"pl-PL","@id":"https:\/\/ghostbusters-slots.com\/#\/schema\/logo\/image\/","url":"https:\/\/ghostbusters-slots.com\/wp-content\/uploads\/ghostbusters-movie-png-logo-1-e1701219327849.png","contentUrl":"https:\/\/ghostbusters-slots.com\/wp-content\/uploads\/ghostbusters-movie-png-logo-1-e1701219327849.png","width":800,"height":200,"caption":"Ghostbusters Slot"},"image":{"@id":"https:\/\/ghostbusters-slots.com\/#\/schema\/logo\/image\/"}}]}},"_links":{"self":[{"href":"https:\/\/ghostbusters-slots.com\/pl\/wp-json\/wp\/v2\/pages\/7","targetHints":{"allow":["GET"]}}],"collection":[{"href":"https:\/\/ghostbusters-slots.com\/pl\/wp-json\/wp\/v2\/pages"}],"about":[{"href":"https:\/\/ghostbusters-slots.com\/pl\/wp-json\/wp\/v2\/types\/page"}],"author":[{"embeddable":true,"href":"https:\/\/ghostbusters-slots.com\/pl\/wp-json\/wp\/v2\/users\/1"}],"replies":[{"embeddable":true,"href":"https:\/\/ghostbusters-slots.com\/pl\/wp-json\/wp\/v2\/comments?post=7"}],"version-history":[{"count":24,"href":"https:\/\/ghostbusters-slots.com\/pl\/wp-json\/wp\/v2\/pages\/7\/revisions"}],"predecessor-version":[{"id":174,"href":"https:\/\/ghostbusters-slots.com\/pl\/wp-json\/wp\/v2\/pages\/7\/revisions\/174"}],"wp:attachment":[{"href":"https:\/\/ghostbusters-slots.com\/pl\/wp-json\/wp\/v2\/media?parent=7"}],"curies":[{"name":"wp","href":"https:\/\/api.w.org\/{rel}","templated":true}]}}