{"id":9,"date":"2023-11-27T23:20:29","date_gmt":"2023-11-27T23:20:29","guid":{"rendered":"https:\/\/ghostbusters-slots.com\/?page_id=9"},"modified":"2024-06-11T22:21:26","modified_gmt":"2024-06-11T22:21:26","slug":"strategies-ghostbusters-slot","status":"publish","type":"page","link":"https:\/\/ghostbusters-slots.com\/pl\/strategies-ghostbusters-slot\/","title":{"rendered":"Strategie gry w \u201eGhostbusters\u201d: Jak pokona\u0107 duchy i zdoby\u0107 du\u017ce nagrody"},"content":{"rendered":"<p>Witamy na stronie strategii gry dla emocjonuj\u0105cego slotu &#8222;Ghostbusters&#8221;! Tutaj znajdziesz przydatne wskaz\u00f3wki i strategie, kt\u00f3re pomog\u0105 Ci zwi\u0119kszy\u0107 swoje szanse na wygran\u0105 i zamieni\u0107 polowanie na duchy w ekscytuj\u0105c\u0105 przygod\u0119. Zbadajmy kilka skutecznych strategii i og\u00f3lnych zalece\u0144 dotycz\u0105cych udanej rozgrywki.<\/p>\n<h2><strong>1. Zarz\u0105dzanie bud\u017cetem i obstawianie<\/strong><\/h2>\n<p>Jednym z kluczowych aspekt\u00f3w udanej rozgrywki w ka\u017cdym slocie jest w\u0142a\u015bciwe zarz\u0105dzanie bud\u017cetem. Ustal sw\u00f3j bud\u017cet z wyprzedzeniem i trzymaj si\u0119 go. Unikaj zak\u0142ad\u00f3w, kt\u00f3re szybko wyczerpi\u0105 Twoje \u015brodki. M\u0105drze przydzielaj swoje fundusze na sesje gry i wybieraj zak\u0142ady, kt\u00f3re odpowiadaj\u0105 Twojemu bud\u017cetowi.<\/p>\n<p>Je\u015bli chodzi o wyb\u00f3r zak\u0142ad\u00f3w, zaleca si\u0119 u\u017cywanie maksymalnej liczby linii wygrywaj\u0105cych. Zwi\u0119kszy to Twoje szanse na tworzenie wygrywaj\u0105cych kombinacji i uczyni Twoje do\u015bwiadczenie bardziej ekscytuj\u0105cym.<\/p>\n<h2><strong>2. Zapoznaj si\u0119 z zasadami i funkcjami gry<\/strong><\/h2>\n<p>Aby w pe\u0142ni wykorzysta\u0107 mo\u017cliwo\u015bci slotu &#8222;Ghostbusters&#8221;, wa\u017cne jest dok\u0142adne zapoznanie si\u0119 z zasadami gry i funkcjami symboli. Ka\u017cdy symbol mo\u017ce mie\u0107 unikalne funkcje i przynosi\u0107 r\u00f3\u017cne wygrane. Znajomo\u015b\u0107 cech rund bonusowych i dodatkowych opcji pomo\u017ce Ci podejmowa\u0107 bardziej \u015bwiadome decyzje podczas gry.<\/p>\n<h2><strong>3. Inteligentne wykorzystanie rund bonusowych<\/strong><\/h2>\n<p>&#8222;Ghostbusters&#8221; oferuje graczom ekscytuj\u0105ce rundy bonusowe, kt\u00f3re mog\u0105 znacznie zwi\u0119kszy\u0107 Twoje wygrane. Uwa\u017cnie obserwuj mo\u017cliwo\u015b\u0107 aktywacji gier bonusowych i m\u0105drze z nich korzystaj. Mog\u0105 one oferowa\u0107 dodatkowe spiny, mno\u017cniki lub inne unikalne mo\u017cliwo\u015bci.<\/p>\n<p>Nie zapomnij o funkcji automatycznego odtwarzania, kt\u00f3ra pozwala na automatyczne obracanie b\u0119bnami bez Twojego zaanga\u017cowania. Jest to wygodne dla tych, kt\u00f3rzy wol\u0105 obserwowa\u0107 rozw\u00f3j akcji bez konieczno\u015bci ka\u017cdorazowego naciskania przycisku &#8222;Spin&#8221;.<\/p>\n<h2><strong>Og\u00f3lne zalecenia:<\/strong><\/h2>\n<h3><strong>a. Graj za darmo przed gr\u0105 na prawdziwe pieni\u0105dze<\/strong><\/h3>\n<p>Przed ryzykowaniem swoich \u015brodk\u00f3w, spr\u00f3buj zagra\u0107 w gr\u0119 w trybie darmowej gry. Pozwoli Ci to lepiej zrozumie\u0107 mechanik\u0119 slotu, opracowa\u0107 strategi\u0119 i poczu\u0107 atmosfer\u0119 gry.<\/p>\n<h3><strong>b. Stawiaj na inteligentne kombinacje<\/strong><\/h3>\n<p>Ostro\u017cnie wybieraj kombinacje linii wygrywaj\u0105cych, aby zmaksymalizowa\u0107 swoje szanse na wygran\u0105. Czasami ma\u0142e zak\u0142ady na maksymaln\u0105 liczb\u0119 linii mog\u0105 przynie\u015b\u0107 wi\u0119cej wygranych ni\u017c du\u017ce zak\u0142ady na ograniczon\u0105 liczb\u0119 linii.<\/p>\n<h3><strong>c. Zbieraj bonusy i nagrody lojalno\u015bciowe<\/strong><\/h3>\n<p>Wiele kasyn online oferuje bonusy dla nowych graczy i programy lojalno\u015bciowe dla sta\u0142ych klient\u00f3w. Wykorzystaj te przywileje, aby zwi\u0119kszy\u0107 sw\u00f3j bud\u017cet i uzyska\u0107 dodatkowe szanse na wygran\u0105.<\/p>\n<p>Pami\u0119taj, \u017ce gry kasynowe powinny by\u0107 zabawne i rozrywkowe. U\u017cywaj strategii odpowiedzialnie i pami\u0119taj, \u017ce szcz\u0119\u015bcie odgrywa kluczow\u0105 rol\u0119 w rozrywce hazardowej. Powodzenia w polowaniu na duchy i du\u017cych wygranych w &#8222;Ghostbusters&#8221;!<\/p>\n","protected":false},"excerpt":{"rendered":"<p>Witamy na stronie strategii gry dla emocjonuj\u0105cego slotu &#8222;Ghostbusters&#8221;! Tutaj znajdziesz przydatne wskaz\u00f3wki i strategie, kt\u00f3re pomog\u0105 Ci zwi\u0119kszy\u0107 swoje szanse na wygran\u0105 i zamieni\u0107 polowanie na duchy w ekscytuj\u0105c\u0105 przygod\u0119. Zbadajmy kilka skutecznych strategii i og\u00f3lnych zalece\u0144 dotycz\u0105cych udanej rozgrywki. 1. Zarz\u0105dzanie bud\u017cetem i obstawianie Jednym z kluczowych aspekt\u00f3w udanej rozgrywki w ka\u017cdym slocie [&hellip;]<\/p>\n","protected":false},"author":1,"featured_media":0,"parent":0,"menu_order":0,"comment_status":"closed","ping_status":"closed","template":"templates\/template-page-full-width.php","meta":{"footnotes":""},"class_list":["post-9","page","type-page","status-publish","hentry"],"yoast_head":"<!-- This site is optimized with the Yoast SEO plugin v27.2 - https:\/\/yoast.com\/product\/yoast-seo-wordpress\/ -->\n<title>Ghostbusters: Strategii \u0219i Sfaturi Eficiente pentru C\u00e2\u0219tigurile Tale<\/title>\n<meta name=\"description\" content=\"Odkryj najlepsze strategie gry w Ghostbusters. Zdob\u0105d\u017a porady od do\u015bwiadczonych graczy, popraw swoje umiej\u0119tno\u015bci i wygrywaj du\u017ce nagrody z nami.\" \/>\n<meta name=\"robots\" content=\"index, follow, max-snippet:-1, max-image-preview:large, max-video-preview:-1\" \/>\n<link rel=\"canonical\" href=\"https:\/\/ghostbusters-slots.com\/pl\/strategies-ghostbusters-slot\/\" \/>\n<meta property=\"og:locale\" content=\"pl_PL\" \/>\n<meta property=\"og:locale:alternate\" content=\"ru_RU\" \/>\n<meta property=\"og:locale:alternate\" content=\"en_US\" \/>\n<meta property=\"og:locale:alternate\" content=\"pt_PT\" \/>\n<meta property=\"og:locale:alternate\" content=\"es_ES\" \/>\n<meta property=\"og:locale:alternate\" content=\"fr_FR\" \/>\n<meta property=\"og:locale:alternate\" content=\"de_DE\" \/>\n<meta property=\"og:locale:alternate\" content=\"ro_RO\" \/>\n<meta property=\"og:locale:alternate\" content=\"sr_RS\" \/>\n<meta property=\"og:locale:alternate\" content=\"bg_BG\" \/>\n<meta property=\"og:locale:alternate\" content=\"it_IT\" \/>\n<meta property=\"og:type\" content=\"article\" \/>\n<meta property=\"og:title\" content=\"Ghostbusters: Strategii \u0219i Sfaturi Eficiente pentru C\u00e2\u0219tigurile Tale\" \/>\n<meta property=\"og:description\" content=\"Descoper\u0103 cele mai bune strategii de joc \u00een Ghostbusters. Prime\u0219te sfaturi de la juc\u0103tori experimenta\u021bi, \u00eembun\u0103t\u0103\u021be\u0219te-\u021bi abilit\u0103\u021bile \u0219i c\u00e2\u0219tig\u0103 premii mari cu noi.\" \/>\n<meta property=\"og:url\" content=\"https:\/\/ghostbusters-slots.com\/pl\/strategies-ghostbusters-slot\/\" \/>\n<meta property=\"og:site_name\" content=\"Ghostbusters Slot\" \/>\n<meta property=\"article:modified_time\" content=\"2024-06-11T22:21:26+00:00\" \/>\n<meta name=\"twitter:card\" content=\"summary_large_image\" \/>\n<meta name=\"twitter:label1\" content=\"Szacowany czas czytania\" \/>\n\t<meta name=\"twitter:data1\" content=\"19 minut\" \/>\n<script type=\"application\/ld+json\" class=\"yoast-schema-graph\">{\"@context\":\"https:\/\/schema.org\",\"@graph\":[{\"@type\":\"WebPage\",\"@id\":\"https:\/\/ghostbusters-slots.com\/ro\/strategies-ghostbusters-slot\/\",\"url\":\"https:\/\/ghostbusters-slots.com\/ro\/strategies-ghostbusters-slot\/\",\"name\":\"Ghostbusters: Strategii \u0219i Sfaturi Eficiente pentru C\u00e2\u0219tigurile Tale\",\"isPartOf\":{\"@id\":\"https:\/\/ghostbusters-slots.com\/#website\"},\"datePublished\":\"2023-11-27T23:20:29+00:00\",\"dateModified\":\"2024-06-11T22:21:26+00:00\",\"description\":\"Descoper\u0103 cele mai bune strategii de joc \u00een Ghostbusters. Prime\u0219te sfaturi de la juc\u0103tori experimenta\u021bi, \u00eembun\u0103t\u0103\u021be\u0219te-\u021bi abilit\u0103\u021bile \u0219i c\u00e2\u0219tig\u0103 premii mari cu noi.\",\"breadcrumb\":{\"@id\":\"https:\/\/ghostbusters-slots.com\/ro\/strategies-ghostbusters-slot\/#breadcrumb\"},\"inLanguage\":\"pl-PL\",\"potentialAction\":[{\"@type\":\"ReadAction\",\"target\":[\"https:\/\/ghostbusters-slots.com\/ro\/strategies-ghostbusters-slot\/\"]}]},{\"@type\":\"BreadcrumbList\",\"@id\":\"https:\/\/ghostbusters-slots.com\/ro\/strategies-ghostbusters-slot\/#breadcrumb\",\"itemListElement\":[{\"@type\":\"ListItem\",\"position\":1,\"name\":\"Home\",\"item\":\"https:\/\/ghostbusters-slots.com\/\"},{\"@type\":\"ListItem\",\"position\":2,\"name\":\"Strategii de joc \u00een &#8222;Ghostbusters&#8221;: Cum s\u0103 \u00eenvingi fantomele \u0219i s\u0103 c\u00e2\u0219tigi premii mari\"}]},{\"@type\":\"WebSite\",\"@id\":\"https:\/\/ghostbusters-slots.com\/#website\",\"url\":\"https:\/\/ghostbusters-slots.com\/\",\"name\":\"Ghostbusters Slot\",\"description\":\"\",\"publisher\":{\"@id\":\"https:\/\/ghostbusters-slots.com\/#organization\"},\"potentialAction\":[{\"@type\":\"SearchAction\",\"target\":{\"@type\":\"EntryPoint\",\"urlTemplate\":\"https:\/\/ghostbusters-slots.com\/?s={search_term_string}\"},\"query-input\":{\"@type\":\"PropertyValueSpecification\",\"valueRequired\":true,\"valueName\":\"search_term_string\"}}],\"inLanguage\":\"pl-PL\"},{\"@type\":\"Organization\",\"@id\":\"https:\/\/ghostbusters-slots.com\/#organization\",\"name\":\"Ghostbusters Slot\",\"url\":\"https:\/\/ghostbusters-slots.com\/\",\"logo\":{\"@type\":\"ImageObject\",\"inLanguage\":\"pl-PL\",\"@id\":\"https:\/\/ghostbusters-slots.com\/#\/schema\/logo\/image\/\",\"url\":\"https:\/\/ghostbusters-slots.com\/wp-content\/uploads\/ghostbusters-movie-png-logo-1-e1701219327849.png\",\"contentUrl\":\"https:\/\/ghostbusters-slots.com\/wp-content\/uploads\/ghostbusters-movie-png-logo-1-e1701219327849.png\",\"width\":800,\"height\":200,\"caption\":\"Ghostbusters Slot\"},\"image\":{\"@id\":\"https:\/\/ghostbusters-slots.com\/#\/schema\/logo\/image\/\"}}]}<\/script>\n<!-- \/ Yoast SEO plugin. -->","yoast_head_json":{"title":"Ghostbusters: Strategii \u0219i Sfaturi Eficiente pentru C\u00e2\u0219tigurile Tale","description":"Odkryj najlepsze strategie gry w Ghostbusters. Zdob\u0105d\u017a porady od do\u015bwiadczonych graczy, popraw swoje umiej\u0119tno\u015bci i wygrywaj du\u017ce nagrody z nami.","robots":{"index":"index","follow":"follow","max-snippet":"max-snippet:-1","max-image-preview":"max-image-preview:large","max-video-preview":"max-video-preview:-1"},"canonical":"https:\/\/ghostbusters-slots.com\/pl\/strategies-ghostbusters-slot\/","og_locale":"pl_PL","og_type":"article","og_title":"Ghostbusters: Strategii \u0219i Sfaturi Eficiente pentru C\u00e2\u0219tigurile Tale","og_description":"Descoper\u0103 cele mai bune strategii de joc \u00een Ghostbusters. Prime\u0219te sfaturi de la juc\u0103tori experimenta\u021bi, \u00eembun\u0103t\u0103\u021be\u0219te-\u021bi abilit\u0103\u021bile \u0219i c\u00e2\u0219tig\u0103 premii mari cu noi.","og_url":"https:\/\/ghostbusters-slots.com\/pl\/strategies-ghostbusters-slot\/","og_site_name":"Ghostbusters Slot","article_modified_time":"2024-06-11T22:21:26+00:00","twitter_card":"summary_large_image","twitter_misc":{"Szacowany czas czytania":"19 minut"},"schema":{"@context":"https:\/\/schema.org","@graph":[{"@type":"WebPage","@id":"https:\/\/ghostbusters-slots.com\/ro\/strategies-ghostbusters-slot\/","url":"https:\/\/ghostbusters-slots.com\/ro\/strategies-ghostbusters-slot\/","name":"Ghostbusters: Strategii \u0219i Sfaturi Eficiente pentru C\u00e2\u0219tigurile Tale","isPartOf":{"@id":"https:\/\/ghostbusters-slots.com\/#website"},"datePublished":"2023-11-27T23:20:29+00:00","dateModified":"2024-06-11T22:21:26+00:00","description":"Descoper\u0103 cele mai bune strategii de joc \u00een Ghostbusters. Prime\u0219te sfaturi de la juc\u0103tori experimenta\u021bi, \u00eembun\u0103t\u0103\u021be\u0219te-\u021bi abilit\u0103\u021bile \u0219i c\u00e2\u0219tig\u0103 premii mari cu noi.","breadcrumb":{"@id":"https:\/\/ghostbusters-slots.com\/ro\/strategies-ghostbusters-slot\/#breadcrumb"},"inLanguage":"pl-PL","potentialAction":[{"@type":"ReadAction","target":["https:\/\/ghostbusters-slots.com\/ro\/strategies-ghostbusters-slot\/"]}]},{"@type":"BreadcrumbList","@id":"https:\/\/ghostbusters-slots.com\/ro\/strategies-ghostbusters-slot\/#breadcrumb","itemListElement":[{"@type":"ListItem","position":1,"name":"Home","item":"https:\/\/ghostbusters-slots.com\/"},{"@type":"ListItem","position":2,"name":"Strategii de joc \u00een &#8222;Ghostbusters&#8221;: Cum s\u0103 \u00eenvingi fantomele \u0219i s\u0103 c\u00e2\u0219tigi premii mari"}]},{"@type":"WebSite","@id":"https:\/\/ghostbusters-slots.com\/#website","url":"https:\/\/ghostbusters-slots.com\/","name":"Ghostbusters Slot","description":"","publisher":{"@id":"https:\/\/ghostbusters-slots.com\/#organization"},"potentialAction":[{"@type":"SearchAction","target":{"@type":"EntryPoint","urlTemplate":"https:\/\/ghostbusters-slots.com\/?s={search_term_string}"},"query-input":{"@type":"PropertyValueSpecification","valueRequired":true,"valueName":"search_term_string"}}],"inLanguage":"pl-PL"},{"@type":"Organization","@id":"https:\/\/ghostbusters-slots.com\/#organization","name":"Ghostbusters Slot","url":"https:\/\/ghostbusters-slots.com\/","logo":{"@type":"ImageObject","inLanguage":"pl-PL","@id":"https:\/\/ghostbusters-slots.com\/#\/schema\/logo\/image\/","url":"https:\/\/ghostbusters-slots.com\/wp-content\/uploads\/ghostbusters-movie-png-logo-1-e1701219327849.png","contentUrl":"https:\/\/ghostbusters-slots.com\/wp-content\/uploads\/ghostbusters-movie-png-logo-1-e1701219327849.png","width":800,"height":200,"caption":"Ghostbusters Slot"},"image":{"@id":"https:\/\/ghostbusters-slots.com\/#\/schema\/logo\/image\/"}}]}},"_links":{"self":[{"href":"https:\/\/ghostbusters-slots.com\/pl\/wp-json\/wp\/v2\/pages\/9","targetHints":{"allow":["GET"]}}],"collection":[{"href":"https:\/\/ghostbusters-slots.com\/pl\/wp-json\/wp\/v2\/pages"}],"about":[{"href":"https:\/\/ghostbusters-slots.com\/pl\/wp-json\/wp\/v2\/types\/page"}],"author":[{"embeddable":true,"href":"https:\/\/ghostbusters-slots.com\/pl\/wp-json\/wp\/v2\/users\/1"}],"replies":[{"embeddable":true,"href":"https:\/\/ghostbusters-slots.com\/pl\/wp-json\/wp\/v2\/comments?post=9"}],"version-history":[{"count":23,"href":"https:\/\/ghostbusters-slots.com\/pl\/wp-json\/wp\/v2\/pages\/9\/revisions"}],"predecessor-version":[{"id":177,"href":"https:\/\/ghostbusters-slots.com\/pl\/wp-json\/wp\/v2\/pages\/9\/revisions\/177"}],"wp:attachment":[{"href":"https:\/\/ghostbusters-slots.com\/pl\/wp-json\/wp\/v2\/media?parent=9"}],"curies":[{"name":"wp","href":"https:\/\/api.w.org\/{rel}","templated":true}]}}