{"id":15,"date":"2023-11-27T23:22:34","date_gmt":"2023-11-27T23:22:34","guid":{"rendered":"https:\/\/ghostbusters-slots.com\/?page_id=15"},"modified":"2024-06-11T22:06:37","modified_gmt":"2024-06-11T22:06:37","slug":"play-ghostbusters-online-casino","status":"publish","type":"page","link":"https:\/\/ghostbusters-slots.com\/pt\/play-ghostbusters-online-casino\/","title":{"rendered":"Jogue em Cassinos Online e mergulhe no Mundo de &#8220;Ghostbusters&#8221;"},"content":{"rendered":"<p>Bem-vindo ao emocionante mundo dos cassinos online, onde a emo\u00e7\u00e3o se encontra com a jogabilidade cativante! Se voc\u00ea est\u00e1 pronto para experimentar a emo\u00e7\u00e3o e a chance de ganhar grandes pr\u00eamios, ent\u00e3o &#8220;Ghostbusters&#8221; \u00e9 o seu portal para o mundo da ca\u00e7a aos fantasmas. Deixe-nos contar como come\u00e7ar sua aventura de jogos de azar agora mesmo.<\/p>\n<h2>Por que se registrar em um cassino online?<\/h2>\n<p>Registrar-se em um cassino online \u00e9 o primeiro e crucial passo para o incr\u00edvel mundo do entretenimento de jogos de azar. Isso abre as portas para uma variedade de jogos, b\u00f4nus e promo\u00e7\u00f5es emocionantes. Os jogadores registrados t\u00eam acesso a uma ampla variedade de jogos, incluindo o famoso &#8220;Ghostbusters&#8221;, bem como muitos b\u00f4nus e oportunidades de ganhar.<\/p>\n<h2>Jogue &#8220;Ghostbusters&#8221; de gra\u00e7a<\/h2>\n<p>Antes de mergulhar na emo\u00e7\u00e3o dos jogos com dinheiro real, voc\u00ea pode experimentar &#8220;Ghostbusters&#8221; no modo de jogo gratuito. Esta \u00e9 uma \u00f3tima maneira de se familiarizar com as regras, recursos e atmosfera do ca\u00e7a-n\u00edqueis sem arriscar seus fundos. Nos cassinos online, voc\u00ea pode alternar facilmente entre os modos, escolhendo o que combina com seu humor &#8211; seja a emocionante ca\u00e7ada aos fantasmas ou apenas o relaxante giro dos rolos.<\/p>\n<h2>M\u00e9todos de registro<\/h2>\n<p>O processo de registro em um cassino online geralmente \u00e9 simples e n\u00e3o leva muito tempo. Voc\u00ea precisar\u00e1 fornecer informa\u00e7\u00f5es b\u00e1sicas como seu nome, e-mail e data de nascimento. Alguns cassinos podem exigir dados adicionais para confirmar sua identidade e seguran\u00e7a. Ap\u00f3s o registro bem-sucedido, voc\u00ea receber\u00e1 uma conta \u00fanica que ser\u00e1 sua chave para o mundo virtual dos jogos de azar.<\/p>\n<h2>M\u00e9todos de dep\u00f3sito<\/h2>\n<p>Para desfrutar dos jogos com dinheiro real e ter a chance de ganhar grandes pr\u00eamios, voc\u00ea precisa fazer um dep\u00f3sito em sua conta. Os cassinos online oferecem v\u00e1rios m\u00e9todos de dep\u00f3sito para tornar esse processo conveniente e seguro para todos os jogadores.<\/p>\n<h3><strong>a. Cart\u00f5es de cr\u00e9dito e carteiras eletr\u00f4nicas:<\/strong><\/h3>\n<p>Muitos cassinos aceitam pagamentos via cart\u00f5es de cr\u00e9dito (Visa, MasterCard) e carteiras eletr\u00f4nicas (Neteller, Skrill). Esses m\u00e9todos garantem transa\u00e7\u00f5es r\u00e1pidas e seguras.<\/p>\n<h3><strong>b. Transfer\u00eancias banc\u00e1rias:<\/strong><\/h3>\n<p>Alguns jogadores preferem fazer dep\u00f3sitos via transfer\u00eancias banc\u00e1rias. Esse m\u00e9todo pode levar mais tempo, mas geralmente oferece o mais alto n\u00edvel de seguran\u00e7a.<\/p>\n<h3><strong>c. Criptomoedas:<\/strong><\/h3>\n<p>Em alguns cassinos online modernos, voc\u00ea pode usar criptomoedas (como Bitcoin) para fazer dep\u00f3sitos. Isso proporciona um alto n\u00edvel de anonimato e acelera o processo de transa\u00e7\u00e3o.<\/p>\n<p>Escolha o m\u00e9todo de dep\u00f3sito que melhor se adapte a voc\u00ea, seguindo as instru\u00e7\u00f5es no site do cassino.<\/p>\n<h2>M\u00e9todos de saque<\/h2>\n<p>Quando chega o momento de ganhar, voc\u00ea quer ter certeza de que pode sacar seu dinheiro facilmente e com seguran\u00e7a. Os cassinos online geralmente oferecem v\u00e1rios m\u00e9todos de saque:<\/p>\n<h3><strong>a. Cart\u00f5es de cr\u00e9dito:<\/strong><\/h3>\n<p>Cart\u00f5es de cr\u00e9dito s\u00e3o frequentemente usados para sacar ganhos. Basta especificar o valor desejado e ele ser\u00e1 transferido para o seu cart\u00e3o.<\/p>\n<h3><strong>b. Carteiras eletr\u00f4nicas:<\/strong><\/h3>\n<p>Carteiras eletr\u00f4nicas como Neteller e Skrill oferecem m\u00e9todos de saque r\u00e1pidos e convenientes.<\/p>\n<h3><strong>c. Transfer\u00eancias banc\u00e1rias:<\/strong><\/h3>\n<p>Alguns jogadores preferem transfer\u00eancias banc\u00e1rias para sacar grandes quantias. Este m\u00e9todo pode levar mais tempo, mas garante a seguran\u00e7a da transa\u00e7\u00e3o.<\/p>\n<h3><strong>d. Criptomoedas:<\/strong><\/h3>\n<p>Se voc\u00ea usou criptomoedas para depositar, geralmente pode escolh\u00ea-las tamb\u00e9m para sacar seus ganhos.<\/p>\n<p>Escolha o m\u00e9todo de saque apropriado, considerando sua prefer\u00eancia e conforto.<\/p>\n<h2>Conclus\u00e3o<\/h2>\n<p>Agora que voc\u00ea se registrou em um cassino online, experimentou &#8220;Ghostbusters&#8221; no modo gratuito e fez um dep\u00f3sito, est\u00e1 pronto para uma emocionante jornada no mundo do entretenimento de jogos de azar. Lembre-se de jogar de forma respons\u00e1vel, ficar de olho no seu bankroll e aproveitar os momentos emocionantes que &#8220;Ghostbusters&#8221; preparou para voc\u00ea! Boa sorte nos rolos!<\/p>\n","protected":false},"excerpt":{"rendered":"<p>Bem-vindo ao emocionante mundo dos cassinos online, onde a emo\u00e7\u00e3o se encontra com a jogabilidade cativante! Se voc\u00ea est\u00e1 pronto para experimentar a emo\u00e7\u00e3o e a chance de ganhar grandes pr\u00eamios, ent\u00e3o &#8220;Ghostbusters&#8221; \u00e9 o seu portal para o mundo da ca\u00e7a aos fantasmas. Deixe-nos contar como come\u00e7ar sua aventura de jogos de azar agora [&hellip;]<\/p>\n","protected":false},"author":1,"featured_media":0,"parent":0,"menu_order":0,"comment_status":"closed","ping_status":"closed","template":"templates\/template-page-full-width.php","meta":{"footnotes":""},"class_list":["post-15","page","type-page","status-publish","hentry"],"yoast_head":"<!-- This site is optimized with the Yoast SEO plugin v27.2 - https:\/\/yoast.com\/product\/yoast-seo-wordpress\/ -->\n<title>Juega en el casino en l\u00ednea con Ghostbusters: emoci\u00f3n y fantasmas emocionantes<\/title>\n<meta name=\"description\" content=\"Registre-se no cassino online, jogue Ghostbusters de gra\u00e7a e ganhe pr\u00eamios reais. Saiba sobre m\u00e9todos de dep\u00f3sito e saque agora mesmo!\" \/>\n<meta name=\"robots\" content=\"index, follow, max-snippet:-1, max-image-preview:large, max-video-preview:-1\" \/>\n<link rel=\"canonical\" href=\"https:\/\/ghostbusters-slots.com\/pt\/play-ghostbusters-online-casino\/\" \/>\n<meta property=\"og:locale\" content=\"pt_PT\" \/>\n<meta property=\"og:locale:alternate\" content=\"ru_RU\" \/>\n<meta property=\"og:locale:alternate\" content=\"en_US\" \/>\n<meta property=\"og:locale:alternate\" content=\"es_ES\" \/>\n<meta property=\"og:locale:alternate\" content=\"fr_FR\" \/>\n<meta property=\"og:locale:alternate\" content=\"de_DE\" \/>\n<meta property=\"og:locale:alternate\" content=\"ro_RO\" \/>\n<meta property=\"og:locale:alternate\" content=\"sr_RS\" \/>\n<meta property=\"og:locale:alternate\" content=\"bg_BG\" \/>\n<meta property=\"og:locale:alternate\" content=\"pl_PL\" \/>\n<meta property=\"og:locale:alternate\" content=\"it_IT\" \/>\n<meta property=\"og:type\" content=\"article\" \/>\n<meta property=\"og:title\" content=\"Juega en el casino en l\u00ednea con Ghostbusters: emoci\u00f3n y fantasmas emocionantes\" \/>\n<meta property=\"og:description\" content=\"Reg\u00edstrate en el casino en l\u00ednea, juega a Ghostbusters gratis y gana premios reales. \u00a1Aprende sobre m\u00e9todos de dep\u00f3sito y retiro ahora mismo!\" \/>\n<meta property=\"og:url\" content=\"https:\/\/ghostbusters-slots.com\/pt\/play-ghostbusters-online-casino\/\" \/>\n<meta property=\"og:site_name\" content=\"Ghostbusters Slot\" \/>\n<meta property=\"article:modified_time\" content=\"2024-06-11T22:06:37+00:00\" \/>\n<meta name=\"twitter:card\" content=\"summary_large_image\" \/>\n<meta name=\"twitter:label1\" content=\"Tempo estimado de leitura\" \/>\n\t<meta name=\"twitter:data1\" content=\"26 minutos\" \/>\n<script type=\"application\/ld+json\" class=\"yoast-schema-graph\">{\"@context\":\"https:\/\/schema.org\",\"@graph\":[{\"@type\":\"WebPage\",\"@id\":\"https:\/\/ghostbusters-slots.com\/es\/play-ghostbusters-online-casino\/\",\"url\":\"https:\/\/ghostbusters-slots.com\/es\/play-ghostbusters-online-casino\/\",\"name\":\"Juega en el casino en l\u00ednea con Ghostbusters: emoci\u00f3n y fantasmas emocionantes\",\"isPartOf\":{\"@id\":\"https:\/\/ghostbusters-slots.com\/#website\"},\"datePublished\":\"2023-11-27T23:22:34+00:00\",\"dateModified\":\"2024-06-11T22:06:37+00:00\",\"description\":\"Reg\u00edstrate en el casino en l\u00ednea, juega a Ghostbusters gratis y gana premios reales. \u00a1Aprende sobre m\u00e9todos de dep\u00f3sito y retiro ahora mismo!\",\"breadcrumb\":{\"@id\":\"https:\/\/ghostbusters-slots.com\/es\/play-ghostbusters-online-casino\/#breadcrumb\"},\"inLanguage\":\"pt-PT\",\"potentialAction\":[{\"@type\":\"ReadAction\",\"target\":[\"https:\/\/ghostbusters-slots.com\/es\/play-ghostbusters-online-casino\/\"]}]},{\"@type\":\"BreadcrumbList\",\"@id\":\"https:\/\/ghostbusters-slots.com\/es\/play-ghostbusters-online-casino\/#breadcrumb\",\"itemListElement\":[{\"@type\":\"ListItem\",\"position\":1,\"name\":\"Home\",\"item\":\"https:\/\/ghostbusters-slots.com\/\"},{\"@type\":\"ListItem\",\"position\":2,\"name\":\"Juega en Casinos en L\u00ednea y Sum\u00e9rgete en el Mundo de \u00abGhostbusters\u00bb\"}]},{\"@type\":\"WebSite\",\"@id\":\"https:\/\/ghostbusters-slots.com\/#website\",\"url\":\"https:\/\/ghostbusters-slots.com\/\",\"name\":\"Ghostbusters Slot\",\"description\":\"\",\"publisher\":{\"@id\":\"https:\/\/ghostbusters-slots.com\/#organization\"},\"potentialAction\":[{\"@type\":\"SearchAction\",\"target\":{\"@type\":\"EntryPoint\",\"urlTemplate\":\"https:\/\/ghostbusters-slots.com\/?s={search_term_string}\"},\"query-input\":{\"@type\":\"PropertyValueSpecification\",\"valueRequired\":true,\"valueName\":\"search_term_string\"}}],\"inLanguage\":\"pt-PT\"},{\"@type\":\"Organization\",\"@id\":\"https:\/\/ghostbusters-slots.com\/#organization\",\"name\":\"Ghostbusters Slot\",\"url\":\"https:\/\/ghostbusters-slots.com\/\",\"logo\":{\"@type\":\"ImageObject\",\"inLanguage\":\"pt-PT\",\"@id\":\"https:\/\/ghostbusters-slots.com\/#\/schema\/logo\/image\/\",\"url\":\"https:\/\/ghostbusters-slots.com\/wp-content\/uploads\/ghostbusters-movie-png-logo-1-e1701219327849.png\",\"contentUrl\":\"https:\/\/ghostbusters-slots.com\/wp-content\/uploads\/ghostbusters-movie-png-logo-1-e1701219327849.png\",\"width\":800,\"height\":200,\"caption\":\"Ghostbusters Slot\"},\"image\":{\"@id\":\"https:\/\/ghostbusters-slots.com\/#\/schema\/logo\/image\/\"}}]}<\/script>\n<!-- \/ Yoast SEO plugin. -->","yoast_head_json":{"title":"Juega en el casino en l\u00ednea con Ghostbusters: emoci\u00f3n y fantasmas emocionantes","description":"Registre-se no cassino online, jogue Ghostbusters de gra\u00e7a e ganhe pr\u00eamios reais. Saiba sobre m\u00e9todos de dep\u00f3sito e saque agora mesmo!","robots":{"index":"index","follow":"follow","max-snippet":"max-snippet:-1","max-image-preview":"max-image-preview:large","max-video-preview":"max-video-preview:-1"},"canonical":"https:\/\/ghostbusters-slots.com\/pt\/play-ghostbusters-online-casino\/","og_locale":"pt_PT","og_type":"article","og_title":"Juega en el casino en l\u00ednea con Ghostbusters: emoci\u00f3n y fantasmas emocionantes","og_description":"Reg\u00edstrate en el casino en l\u00ednea, juega a Ghostbusters gratis y gana premios reales. \u00a1Aprende sobre m\u00e9todos de dep\u00f3sito y retiro ahora mismo!","og_url":"https:\/\/ghostbusters-slots.com\/pt\/play-ghostbusters-online-casino\/","og_site_name":"Ghostbusters Slot","article_modified_time":"2024-06-11T22:06:37+00:00","twitter_card":"summary_large_image","twitter_misc":{"Tempo estimado de leitura":"26 minutos"},"schema":{"@context":"https:\/\/schema.org","@graph":[{"@type":"WebPage","@id":"https:\/\/ghostbusters-slots.com\/es\/play-ghostbusters-online-casino\/","url":"https:\/\/ghostbusters-slots.com\/es\/play-ghostbusters-online-casino\/","name":"Juega en el casino en l\u00ednea con Ghostbusters: emoci\u00f3n y fantasmas emocionantes","isPartOf":{"@id":"https:\/\/ghostbusters-slots.com\/#website"},"datePublished":"2023-11-27T23:22:34+00:00","dateModified":"2024-06-11T22:06:37+00:00","description":"Reg\u00edstrate en el casino en l\u00ednea, juega a Ghostbusters gratis y gana premios reales. \u00a1Aprende sobre m\u00e9todos de dep\u00f3sito y retiro ahora mismo!","breadcrumb":{"@id":"https:\/\/ghostbusters-slots.com\/es\/play-ghostbusters-online-casino\/#breadcrumb"},"inLanguage":"pt-PT","potentialAction":[{"@type":"ReadAction","target":["https:\/\/ghostbusters-slots.com\/es\/play-ghostbusters-online-casino\/"]}]},{"@type":"BreadcrumbList","@id":"https:\/\/ghostbusters-slots.com\/es\/play-ghostbusters-online-casino\/#breadcrumb","itemListElement":[{"@type":"ListItem","position":1,"name":"Home","item":"https:\/\/ghostbusters-slots.com\/"},{"@type":"ListItem","position":2,"name":"Juega en Casinos en L\u00ednea y Sum\u00e9rgete en el Mundo de \u00abGhostbusters\u00bb"}]},{"@type":"WebSite","@id":"https:\/\/ghostbusters-slots.com\/#website","url":"https:\/\/ghostbusters-slots.com\/","name":"Ghostbusters Slot","description":"","publisher":{"@id":"https:\/\/ghostbusters-slots.com\/#organization"},"potentialAction":[{"@type":"SearchAction","target":{"@type":"EntryPoint","urlTemplate":"https:\/\/ghostbusters-slots.com\/?s={search_term_string}"},"query-input":{"@type":"PropertyValueSpecification","valueRequired":true,"valueName":"search_term_string"}}],"inLanguage":"pt-PT"},{"@type":"Organization","@id":"https:\/\/ghostbusters-slots.com\/#organization","name":"Ghostbusters Slot","url":"https:\/\/ghostbusters-slots.com\/","logo":{"@type":"ImageObject","inLanguage":"pt-PT","@id":"https:\/\/ghostbusters-slots.com\/#\/schema\/logo\/image\/","url":"https:\/\/ghostbusters-slots.com\/wp-content\/uploads\/ghostbusters-movie-png-logo-1-e1701219327849.png","contentUrl":"https:\/\/ghostbusters-slots.com\/wp-content\/uploads\/ghostbusters-movie-png-logo-1-e1701219327849.png","width":800,"height":200,"caption":"Ghostbusters Slot"},"image":{"@id":"https:\/\/ghostbusters-slots.com\/#\/schema\/logo\/image\/"}}]}},"_links":{"self":[{"href":"https:\/\/ghostbusters-slots.com\/pt\/wp-json\/wp\/v2\/pages\/15","targetHints":{"allow":["GET"]}}],"collection":[{"href":"https:\/\/ghostbusters-slots.com\/pt\/wp-json\/wp\/v2\/pages"}],"about":[{"href":"https:\/\/ghostbusters-slots.com\/pt\/wp-json\/wp\/v2\/types\/page"}],"author":[{"embeddable":true,"href":"https:\/\/ghostbusters-slots.com\/pt\/wp-json\/wp\/v2\/users\/1"}],"replies":[{"embeddable":true,"href":"https:\/\/ghostbusters-slots.com\/pt\/wp-json\/wp\/v2\/comments?post=15"}],"version-history":[{"count":22,"href":"https:\/\/ghostbusters-slots.com\/pt\/wp-json\/wp\/v2\/pages\/15\/revisions"}],"predecessor-version":[{"id":173,"href":"https:\/\/ghostbusters-slots.com\/pt\/wp-json\/wp\/v2\/pages\/15\/revisions\/173"}],"wp:attachment":[{"href":"https:\/\/ghostbusters-slots.com\/pt\/wp-json\/wp\/v2\/media?parent=15"}],"curies":[{"name":"wp","href":"https:\/\/api.w.org\/{rel}","templated":true}]}}