{"id":17,"date":"2023-11-27T23:25:44","date_gmt":"2023-11-27T23:25:44","guid":{"rendered":"https:\/\/ghostbusters-slots.com\/?page_id=17"},"modified":"2024-06-11T22:14:00","modified_gmt":"2024-06-11T22:14:00","slug":"about-us","status":"publish","type":"page","link":"https:\/\/ghostbusters-slots.com\/pt\/about-us\/","title":{"rendered":"Sobre N\u00f3s: Revelando os Mist\u00e9rios do Jogo &#8220;Ghostbusters&#8221;"},"content":{"rendered":"<p>Bem-vindo \u00e0 nossa p\u00e1gina &#8220;Sobre n\u00f3s&#8221;! Somos uma equipe de entusiastas cujo objetivo \u00e9 desvendar todos os mist\u00e9rios e magnific\u00eancia do jogo &#8220;Ghostbusters&#8221;. Nossa paix\u00e3o pelos jogos nos levou a criar este espa\u00e7o onde voc\u00ea encontrar\u00e1 todas as informa\u00e7\u00f5es necess\u00e1rias sobre o seu jogo favorito.<\/p>\n<h2>Nossos Valores<\/h2>\n<p>Nos esfor\u00e7amos para fornecer a voc\u00ea as informa\u00e7\u00f5es mais precisas e \u00fateis sobre &#8220;Ghostbusters&#8221;. Nossa equipe re\u00fane materiais exclusivos, analisa as regras do jogo, explora os rounds de b\u00f4nus e se mant\u00e9m atualizada sobre os \u00faltimos desenvolvimentos.<\/p>\n<h2>O Que Oferecemos<\/h2>\n<ul>\n<li><strong>An\u00e1lise Profunda do Jogo:<\/strong> N\u00f3s dissecamos cada aspecto de &#8220;Ghostbusters&#8221; &#8211; desde s\u00edmbolos at\u00e9 estrat\u00e9gias de jogo. Nossas an\u00e1lises oferecem uma imagem abrangente para que voc\u00ea possa tomar decis\u00f5es informadas.<\/li>\n<li><strong>\u00daltimas Not\u00edcias:<\/strong> Fique atento \u00e0s nossas atualiza\u00e7\u00f5es para se manter informado sobre as \u00faltimas not\u00edcias e eventos no mundo de &#8220;Ghostbusters&#8221;. Vamos inform\u00e1-lo sobre b\u00f4nus frescos, torneios e novas vers\u00f5es do jogo.<\/li>\n<li><strong>Dicas e Estrat\u00e9gias:<\/strong> Aprenda estrat\u00e9gias e dicas de jogo eficazes com jogadores experientes. Compartilhamos as melhores pr\u00e1ticas para ajud\u00e1-lo a melhorar sua experi\u00eancia de jogo.<\/li>\n<li><strong>Respostas para Perguntas:<\/strong> Na se\u00e7\u00e3o de &#8220;Perguntas Frequentes&#8221;, voc\u00ea encontrar\u00e1 respostas para d\u00favidas comuns sobre o jogo. Fazemos tudo para simplificar seu caminho para vit\u00f3rias fantasmag\u00f3ricas.<\/li>\n<\/ul>\n<h2>Nossa Miss\u00e3o<\/h2>\n<p>Nossa miss\u00e3o \u00e9 criar um espa\u00e7o onde cada jogador possa encontrar inspira\u00e7\u00e3o, suporte e, o mais importante, uma experi\u00eancia de jogo emocionante em &#8220;Ghostbusters&#8221;. Acreditamos que todos devem ter acesso a informa\u00e7\u00f5es de qualidade para jogar com prazer e plena confian\u00e7a.<\/p>\n<p>Obrigado por nos escolher em sua jornada de jogos. Vamos explorar o mundo de &#8220;Ghostbusters&#8221; juntos e criar momentos lend\u00e1rios nos rolos deste emocionante slot!<\/p>\n","protected":false},"excerpt":{"rendered":"<p>Bem-vindo \u00e0 nossa p\u00e1gina &#8220;Sobre n\u00f3s&#8221;! Somos uma equipe de entusiastas cujo objetivo \u00e9 desvendar todos os mist\u00e9rios e magnific\u00eancia do jogo &#8220;Ghostbusters&#8221;. Nossa paix\u00e3o pelos jogos nos levou a criar este espa\u00e7o onde voc\u00ea encontrar\u00e1 todas as informa\u00e7\u00f5es necess\u00e1rias sobre o seu jogo favorito. Nossos Valores Nos esfor\u00e7amos para fornecer a voc\u00ea as informa\u00e7\u00f5es [&hellip;]<\/p>\n","protected":false},"author":1,"featured_media":0,"parent":0,"menu_order":0,"comment_status":"closed","ping_status":"closed","template":"templates\/template-page-full-width.php","meta":{"footnotes":""},"class_list":["post-17","page","type-page","status-publish","hentry"],"yoast_head":"<!-- This site is optimized with the Yoast SEO plugin v27.2 - https:\/\/yoast.com\/product\/yoast-seo-wordpress\/ -->\n<title>Ghostbusters: Wer wir sind und was wir im Bereich des Gaming-Entertainments bieten<\/title>\n<meta name=\"description\" content=\"Conhe\u00e7a-nos - uma equipe de entusiastas revelando os mist\u00e9rios de Ghostbusters. Fornecemos informa\u00e7\u00f5es valiosas, estrat\u00e9gias e not\u00edcias para uma experi\u00eancia de jogo envolvente.\" \/>\n<meta name=\"robots\" content=\"index, follow, max-snippet:-1, max-image-preview:large, max-video-preview:-1\" \/>\n<link rel=\"canonical\" href=\"https:\/\/ghostbusters-slots.com\/pt\/about-us\/\" \/>\n<meta property=\"og:locale\" content=\"pt_PT\" \/>\n<meta property=\"og:locale:alternate\" content=\"ru_RU\" \/>\n<meta property=\"og:locale:alternate\" content=\"en_US\" \/>\n<meta property=\"og:locale:alternate\" content=\"es_ES\" \/>\n<meta property=\"og:locale:alternate\" content=\"fr_FR\" \/>\n<meta property=\"og:locale:alternate\" content=\"de_DE\" \/>\n<meta property=\"og:locale:alternate\" content=\"ro_RO\" \/>\n<meta property=\"og:locale:alternate\" content=\"sr_RS\" \/>\n<meta property=\"og:locale:alternate\" content=\"bg_BG\" \/>\n<meta property=\"og:locale:alternate\" content=\"pl_PL\" \/>\n<meta property=\"og:locale:alternate\" content=\"it_IT\" \/>\n<meta property=\"og:type\" content=\"article\" \/>\n<meta property=\"og:title\" content=\"Ghostbusters: Wer wir sind und was wir im Bereich des Gaming-Entertainments bieten\" \/>\n<meta property=\"og:description\" content=\"Erfahren Sie mehr \u00fcber uns - ein Team von Enthusiasten, die die Geheimnisse von Ghostbusters enth\u00fcllen. Wir bieten wertvolle Informationen, Strategien und Neuigkeiten f\u00fcr ein fesselndes Spielerlebnis.\" \/>\n<meta property=\"og:url\" content=\"https:\/\/ghostbusters-slots.com\/pt\/about-us\/\" \/>\n<meta property=\"og:site_name\" content=\"Ghostbusters Slot\" \/>\n<meta property=\"article:modified_time\" content=\"2024-06-11T22:14:00+00:00\" \/>\n<meta name=\"twitter:card\" content=\"summary_large_image\" \/>\n<meta name=\"twitter:label1\" content=\"Tempo estimado de leitura\" \/>\n\t<meta name=\"twitter:data1\" content=\"12 minutos\" \/>\n<script type=\"application\/ld+json\" class=\"yoast-schema-graph\">{\"@context\":\"https:\/\/schema.org\",\"@graph\":[{\"@type\":\"WebPage\",\"@id\":\"https:\/\/ghostbusters-slots.com\/de\/about-us\/\",\"url\":\"https:\/\/ghostbusters-slots.com\/de\/about-us\/\",\"name\":\"Ghostbusters: Wer wir sind und was wir im Bereich des Gaming-Entertainments bieten\",\"isPartOf\":{\"@id\":\"https:\/\/ghostbusters-slots.com\/#website\"},\"datePublished\":\"2023-11-27T23:25:44+00:00\",\"dateModified\":\"2024-06-11T22:14:00+00:00\",\"description\":\"Erfahren Sie mehr \u00fcber uns - ein Team von Enthusiasten, die die Geheimnisse von Ghostbusters enth\u00fcllen. Wir bieten wertvolle Informationen, Strategien und Neuigkeiten f\u00fcr ein fesselndes Spielerlebnis.\",\"breadcrumb\":{\"@id\":\"https:\/\/ghostbusters-slots.com\/de\/about-us\/#breadcrumb\"},\"inLanguage\":\"pt-PT\",\"potentialAction\":[{\"@type\":\"ReadAction\",\"target\":[\"https:\/\/ghostbusters-slots.com\/de\/about-us\/\"]}]},{\"@type\":\"BreadcrumbList\",\"@id\":\"https:\/\/ghostbusters-slots.com\/de\/about-us\/#breadcrumb\",\"itemListElement\":[{\"@type\":\"ListItem\",\"position\":1,\"name\":\"Home\",\"item\":\"https:\/\/ghostbusters-slots.com\/\"},{\"@type\":\"ListItem\",\"position\":2,\"name\":\"\u00dcber uns: Die Geheimnisse des Spiels &#8222;Ghostbusters&#8220; enth\u00fcllen\"}]},{\"@type\":\"WebSite\",\"@id\":\"https:\/\/ghostbusters-slots.com\/#website\",\"url\":\"https:\/\/ghostbusters-slots.com\/\",\"name\":\"Ghostbusters Slot\",\"description\":\"\",\"publisher\":{\"@id\":\"https:\/\/ghostbusters-slots.com\/#organization\"},\"potentialAction\":[{\"@type\":\"SearchAction\",\"target\":{\"@type\":\"EntryPoint\",\"urlTemplate\":\"https:\/\/ghostbusters-slots.com\/?s={search_term_string}\"},\"query-input\":{\"@type\":\"PropertyValueSpecification\",\"valueRequired\":true,\"valueName\":\"search_term_string\"}}],\"inLanguage\":\"pt-PT\"},{\"@type\":\"Organization\",\"@id\":\"https:\/\/ghostbusters-slots.com\/#organization\",\"name\":\"Ghostbusters Slot\",\"url\":\"https:\/\/ghostbusters-slots.com\/\",\"logo\":{\"@type\":\"ImageObject\",\"inLanguage\":\"pt-PT\",\"@id\":\"https:\/\/ghostbusters-slots.com\/#\/schema\/logo\/image\/\",\"url\":\"https:\/\/ghostbusters-slots.com\/wp-content\/uploads\/ghostbusters-movie-png-logo-1-e1701219327849.png\",\"contentUrl\":\"https:\/\/ghostbusters-slots.com\/wp-content\/uploads\/ghostbusters-movie-png-logo-1-e1701219327849.png\",\"width\":800,\"height\":200,\"caption\":\"Ghostbusters Slot\"},\"image\":{\"@id\":\"https:\/\/ghostbusters-slots.com\/#\/schema\/logo\/image\/\"}}]}<\/script>\n<!-- \/ Yoast SEO plugin. -->","yoast_head_json":{"title":"Ghostbusters: Wer wir sind und was wir im Bereich des Gaming-Entertainments bieten","description":"Conhe\u00e7a-nos - uma equipe de entusiastas revelando os mist\u00e9rios de Ghostbusters. Fornecemos informa\u00e7\u00f5es valiosas, estrat\u00e9gias e not\u00edcias para uma experi\u00eancia de jogo envolvente.","robots":{"index":"index","follow":"follow","max-snippet":"max-snippet:-1","max-image-preview":"max-image-preview:large","max-video-preview":"max-video-preview:-1"},"canonical":"https:\/\/ghostbusters-slots.com\/pt\/about-us\/","og_locale":"pt_PT","og_type":"article","og_title":"Ghostbusters: Wer wir sind und was wir im Bereich des Gaming-Entertainments bieten","og_description":"Erfahren Sie mehr \u00fcber uns - ein Team von Enthusiasten, die die Geheimnisse von Ghostbusters enth\u00fcllen. Wir bieten wertvolle Informationen, Strategien und Neuigkeiten f\u00fcr ein fesselndes Spielerlebnis.","og_url":"https:\/\/ghostbusters-slots.com\/pt\/about-us\/","og_site_name":"Ghostbusters Slot","article_modified_time":"2024-06-11T22:14:00+00:00","twitter_card":"summary_large_image","twitter_misc":{"Tempo estimado de leitura":"12 minutos"},"schema":{"@context":"https:\/\/schema.org","@graph":[{"@type":"WebPage","@id":"https:\/\/ghostbusters-slots.com\/de\/about-us\/","url":"https:\/\/ghostbusters-slots.com\/de\/about-us\/","name":"Ghostbusters: Wer wir sind und was wir im Bereich des Gaming-Entertainments bieten","isPartOf":{"@id":"https:\/\/ghostbusters-slots.com\/#website"},"datePublished":"2023-11-27T23:25:44+00:00","dateModified":"2024-06-11T22:14:00+00:00","description":"Erfahren Sie mehr \u00fcber uns - ein Team von Enthusiasten, die die Geheimnisse von Ghostbusters enth\u00fcllen. Wir bieten wertvolle Informationen, Strategien und Neuigkeiten f\u00fcr ein fesselndes Spielerlebnis.","breadcrumb":{"@id":"https:\/\/ghostbusters-slots.com\/de\/about-us\/#breadcrumb"},"inLanguage":"pt-PT","potentialAction":[{"@type":"ReadAction","target":["https:\/\/ghostbusters-slots.com\/de\/about-us\/"]}]},{"@type":"BreadcrumbList","@id":"https:\/\/ghostbusters-slots.com\/de\/about-us\/#breadcrumb","itemListElement":[{"@type":"ListItem","position":1,"name":"Home","item":"https:\/\/ghostbusters-slots.com\/"},{"@type":"ListItem","position":2,"name":"\u00dcber uns: Die Geheimnisse des Spiels &#8222;Ghostbusters&#8220; enth\u00fcllen"}]},{"@type":"WebSite","@id":"https:\/\/ghostbusters-slots.com\/#website","url":"https:\/\/ghostbusters-slots.com\/","name":"Ghostbusters Slot","description":"","publisher":{"@id":"https:\/\/ghostbusters-slots.com\/#organization"},"potentialAction":[{"@type":"SearchAction","target":{"@type":"EntryPoint","urlTemplate":"https:\/\/ghostbusters-slots.com\/?s={search_term_string}"},"query-input":{"@type":"PropertyValueSpecification","valueRequired":true,"valueName":"search_term_string"}}],"inLanguage":"pt-PT"},{"@type":"Organization","@id":"https:\/\/ghostbusters-slots.com\/#organization","name":"Ghostbusters Slot","url":"https:\/\/ghostbusters-slots.com\/","logo":{"@type":"ImageObject","inLanguage":"pt-PT","@id":"https:\/\/ghostbusters-slots.com\/#\/schema\/logo\/image\/","url":"https:\/\/ghostbusters-slots.com\/wp-content\/uploads\/ghostbusters-movie-png-logo-1-e1701219327849.png","contentUrl":"https:\/\/ghostbusters-slots.com\/wp-content\/uploads\/ghostbusters-movie-png-logo-1-e1701219327849.png","width":800,"height":200,"caption":"Ghostbusters Slot"},"image":{"@id":"https:\/\/ghostbusters-slots.com\/#\/schema\/logo\/image\/"}}]}},"_links":{"self":[{"href":"https:\/\/ghostbusters-slots.com\/pt\/wp-json\/wp\/v2\/pages\/17","targetHints":{"allow":["GET"]}}],"collection":[{"href":"https:\/\/ghostbusters-slots.com\/pt\/wp-json\/wp\/v2\/pages"}],"about":[{"href":"https:\/\/ghostbusters-slots.com\/pt\/wp-json\/wp\/v2\/types\/page"}],"author":[{"embeddable":true,"href":"https:\/\/ghostbusters-slots.com\/pt\/wp-json\/wp\/v2\/users\/1"}],"replies":[{"embeddable":true,"href":"https:\/\/ghostbusters-slots.com\/pt\/wp-json\/wp\/v2\/comments?post=17"}],"version-history":[{"count":23,"href":"https:\/\/ghostbusters-slots.com\/pt\/wp-json\/wp\/v2\/pages\/17\/revisions"}],"predecessor-version":[{"id":175,"href":"https:\/\/ghostbusters-slots.com\/pt\/wp-json\/wp\/v2\/pages\/17\/revisions\/175"}],"wp:attachment":[{"href":"https:\/\/ghostbusters-slots.com\/pt\/wp-json\/wp\/v2\/media?parent=17"}],"curies":[{"name":"wp","href":"https:\/\/api.w.org\/{rel}","templated":true}]}}