{"id":13,"date":"2023-11-27T23:21:59","date_gmt":"2023-11-27T23:21:59","guid":{"rendered":"https:\/\/ghostbusters-slots.com\/?page_id=13"},"modified":"2024-06-11T22:03:47","modified_gmt":"2024-06-11T22:03:47","slug":"download-ghostbusters-slot-game","status":"publish","type":"page","link":"https:\/\/ghostbusters-slots.com\/ro\/download-ghostbusters-slot-game\/","title":{"rendered":"Desc\u0103rcarea jocului &#8222;Ghostbusters&#8221;: Drumul t\u0103u c\u0103tre aventuri palpitante"},"content":{"rendered":"<p>Dori\u021bi s\u0103 v\u0103 cufunda\u021bi \u00een lumea captivant\u0103 a v\u00e2n\u0103torii de fantome cu ajutorul aparatului de slot &#8222;Ghostbusters&#8221;? Oferim op\u021biuni convenabile pentru desc\u0103rcarea acestui joc palpitant pe diferite dispozitive. Indiferent dac\u0103 folosi\u021bi Android, iPhone sau prefera\u021bi s\u0103 juca\u021bi pe computer, v\u0103 vom asigura c\u0103 ave\u021bi acces u\u0219or \u0219i rapid la joc.<\/p>\n<h2>Desc\u0103rcare pe Android<\/h2>\n<p>Pentru posesorii de dispozitive Android, avem ve\u0219ti grozave: &#8222;Ghostbusters&#8221; este disponibil pentru desc\u0103rcare direct pe smartphone-ul sau tableta dumneavoastr\u0103. Urma\u021bi ace\u0219ti pa\u0219i simpli pentru a \u00eencepe:<\/p>\n<ol>\n<li><strong>Deschide\u021bi Google Play Store:<\/strong> G\u0103si\u021bi aplica\u021bia Google Play pe dispozitivul dumneavoastr\u0103 \u0219i deschide\u021bi-o.<\/li>\n<li><strong>Folosi\u021bi c\u0103utarea:<\/strong> Introduce\u021bi &#8222;Ghostbusters Slot&#8221; \u00een bara de c\u0103utare.<\/li>\n<li><strong>Selecta\u021bi aplica\u021bia:<\/strong> Alege\u021bi aplica\u021bia corect\u0103 din rezultatele c\u0103ut\u0103rii. Asigura\u021bi-v\u0103 c\u0103 este dezvoltat\u0103 de un dezvoltator de \u00eencredere.<\/li>\n<li><strong>Instala\u021bi aplica\u021bia:<\/strong> Face\u021bi clic pe &#8222;Instalare&#8221; \u0219i a\u0219tepta\u021bi ca instalarea s\u0103 se finalizeze. Dup\u0103 aceea, aplica\u021bia va ap\u0103rea pe ecranul principal.<\/li>\n<li><strong>Lansa\u021bi &#8222;Ghostbusters&#8221;:<\/strong> Deschide\u021bi aplica\u021bia, conecta\u021bi-v\u0103 la contul dumneavoastr\u0103 (dac\u0103 nu ave\u021bi unul, \u00eenregistra\u021bi-v\u0103) \u0219i bucura\u021bi-v\u0103 de joc!<\/li>\n<\/ol>\n<p>Acum ave\u021bi ocazia s\u0103 lua\u021bi &#8222;Ghostbusters&#8221; cu dumneavoastr\u0103 oriunde pentru a v\u0103 bucura de joc oric\u00e2nd.<\/p>\n<h2>Desc\u0103rcare pe iPhone<\/h2>\n<p>Proprietarii de iPhone pot, de asemenea, s\u0103 se bucure de aventurile fantomatice prin desc\u0103rcarea &#8222;Ghostbusters&#8221; din App Store. Iat\u0103 cum:<\/p>\n<ol>\n<li><strong>Deschide\u021bi App Store-ul:<\/strong> Lansa\u021bi App Store-ul pe dispozitivul dumneavoastr\u0103.<\/li>\n<li><strong>Folosi\u021bi c\u0103utarea:<\/strong> Introduce\u021bi &#8222;Ghostbusters Slot&#8221; \u00een bara de c\u0103utare.<\/li>\n<li><strong>Selecta\u021bi aplica\u021bia:<\/strong> Alege\u021bi aplica\u021bia corect\u0103 din rezultatele c\u0103ut\u0103rii. Verifica\u021bi c\u0103 dezvoltatorul este de \u00eencredere.<\/li>\n<li><strong>Instala\u021bi aplica\u021bia:<\/strong> Face\u021bi clic pe &#8222;Instalare&#8221; \u0219i a\u0219tepta\u021bi ca aplica\u021bia s\u0103 se descarce \u0219i s\u0103 se instaleze.<\/li>\n<li><strong>Deschide\u021bi &#8222;Ghostbusters&#8221;:<\/strong> Dup\u0103 instalare, aplica\u021bia va ap\u0103rea pe ecranul dumneavoastr\u0103. Deschide\u021bi-o, conecta\u021bi-v\u0103 la contul dumneavoastr\u0103 sau \u00eenregistra\u021bi-v\u0103 \u0219i \u00eencepe\u021bi s\u0103 juca\u021bi!<\/li>\n<\/ol>\n<p>Acum ave\u021bi &#8222;Ghostbusters&#8221; la \u00eendem\u00e2n\u0103, gata s\u0103 v\u0103 ofere o experien\u021b\u0103 palpitant\u0103.<\/p>\n<h2>Desc\u0103rcare pe Computer<\/h2>\n<p>Dac\u0103 prefera\u021bi s\u0103 juca\u021bi pe computer, &#8222;Ghostbusters&#8221; este, de asemenea, disponibil pentru desc\u0103rcare. Urma\u021bi ace\u0219ti pa\u0219i:<\/p>\n<ol>\n<li><strong>Vizita\u021bi site-ul oficial:<\/strong> Accesa\u021bi site-ul oficial al cazinoului care ofer\u0103 &#8222;Ghostbusters&#8221; pentru desc\u0103rcare.<\/li>\n<li><strong>Selecta\u021bi sec\u021biunea de desc\u0103rc\u0103ri:<\/strong> Pe site, g\u0103si\u021bi sec\u021biunea dedicat\u0103 desc\u0103rc\u0103rilor de jocuri \u0219i selecta\u021bi &#8222;Ghostbusters&#8221;.<\/li>\n<li><strong>Alege\u021bi versiunea pentru computer:<\/strong> Asigura\u021bi-v\u0103 c\u0103 alege\u021bi versiunea jocului compatibil\u0103 cu sistemul de operare al computerului dumneavoastr\u0103.<\/li>\n<li><strong>Urma\u021bi instruc\u021biunile:<\/strong> Urma\u021bi instruc\u021biunile de pe ecran pentru a finaliza procesul de instalare.<\/li>\n<li><strong>Lansa\u021bi &#8222;Ghostbusters&#8221;:<\/strong> Dup\u0103 instalare, lansa\u021bi jocul, conecta\u021bi-v\u0103 la contul dumneavoastr\u0103 \u0219i \u00eencepe\u021bi s\u0103 roti\u021bi rolele.<\/li>\n<\/ol>\n<p>Acum ave\u021bi ocazia s\u0103 v\u0103 bucura\u021bi de toat\u0103 m\u0103re\u021bia &#8222;Ghostbusters&#8221; direct de pe ecranul computerului dumneavoastr\u0103.<\/p>\n<p>Nu rata\u021bi \u0219ansa de a porni \u00eentr-o aventur\u0103 palpitant\u0103 de v\u00e2n\u0103toare a fantomelor &#8211; desc\u0103rca\u021bi acum &#8222;Ghostbusters&#8221; \u0219i sim\u021bi\u021bi emo\u021bia jocului!<\/p>\n","protected":false},"excerpt":{"rendered":"<p>Dori\u021bi s\u0103 v\u0103 cufunda\u021bi \u00een lumea captivant\u0103 a v\u00e2n\u0103torii de fantome cu ajutorul aparatului de slot &#8222;Ghostbusters&#8221;? Oferim op\u021biuni convenabile pentru desc\u0103rcarea acestui joc palpitant pe diferite dispozitive. Indiferent dac\u0103 folosi\u021bi Android, iPhone sau prefera\u021bi s\u0103 juca\u021bi pe computer, v\u0103 vom asigura c\u0103 ave\u021bi acces u\u0219or \u0219i rapid la joc. Desc\u0103rcare pe Android Pentru posesorii [&hellip;]<\/p>\n","protected":false},"author":1,"featured_media":0,"parent":0,"menu_order":0,"comment_status":"closed","ping_status":"closed","template":"templates\/template-page-full-width.php","meta":{"footnotes":""},"class_list":["post-13","page","type-page","status-publish","hentry"],"yoast_head":"<!-- This site is optimized with the Yoast SEO plugin v27.2 - https:\/\/yoast.com\/product\/yoast-seo-wordpress\/ -->\n<title>Ghostbusters: \u0421\u043a\u0430\u0447\u0430\u0439\u0442\u0435 \u0438 \u043e\u043a\u0443\u043d\u0438\u0442\u0435\u0441\u044c \u0432 \u043c\u0438\u0440 \u0430\u0437\u0430\u0440\u0442\u0430 \u0433\u0434\u0435 \u0443\u0433\u043e\u0434\u043d\u043e<\/title>\n<meta name=\"description\" content=\"Desc\u0103rca\u021bi Ghostbusters pe Android, iPhone sau computer. Bucura\u021bi-v\u0103 de aventurile captivante ale v\u00e2n\u0103torilor de fantome oriunde merge\u021bi. Instalare u\u0219oar\u0103!\" \/>\n<meta name=\"robots\" content=\"index, follow, max-snippet:-1, max-image-preview:large, max-video-preview:-1\" \/>\n<link rel=\"canonical\" href=\"https:\/\/ghostbusters-slots.com\/ro\/download-ghostbusters-slot-game\/\" \/>\n<meta property=\"og:locale\" content=\"ro_RO\" \/>\n<meta property=\"og:locale:alternate\" content=\"ru_RU\" \/>\n<meta property=\"og:locale:alternate\" content=\"en_US\" \/>\n<meta property=\"og:locale:alternate\" content=\"pt_PT\" \/>\n<meta property=\"og:locale:alternate\" content=\"es_ES\" \/>\n<meta property=\"og:locale:alternate\" content=\"fr_FR\" \/>\n<meta property=\"og:locale:alternate\" content=\"de_DE\" \/>\n<meta property=\"og:locale:alternate\" content=\"sr_RS\" \/>\n<meta property=\"og:locale:alternate\" content=\"bg_BG\" \/>\n<meta property=\"og:locale:alternate\" content=\"pl_PL\" \/>\n<meta property=\"og:locale:alternate\" content=\"it_IT\" \/>\n<meta property=\"og:type\" content=\"article\" \/>\n<meta property=\"og:title\" content=\"Ghostbusters: \u0421\u043a\u0430\u0447\u0430\u0439\u0442\u0435 \u0438 \u043e\u043a\u0443\u043d\u0438\u0442\u0435\u0441\u044c \u0432 \u043c\u0438\u0440 \u0430\u0437\u0430\u0440\u0442\u0430 \u0433\u0434\u0435 \u0443\u0433\u043e\u0434\u043d\u043e\" \/>\n<meta property=\"og:description\" content=\"\u0421\u043a\u0430\u0447\u0430\u0439\u0442\u0435 Ghostbusters \u043d\u0430 \u0410\u043d\u0434\u0440\u043e\u0438\u0434, iPhone \u0438\u043b\u0438 \u043a\u043e\u043c\u043f\u044c\u044e\u0442\u0435\u0440. \u041d\u0430\u0441\u043b\u0430\u0436\u0434\u0430\u0439\u0442\u0435\u0441\u044c \u0443\u0432\u043b\u0435\u043a\u0430\u0442\u0435\u043b\u044c\u043d\u044b\u043c\u0438 \u043f\u0440\u0438\u043a\u043b\u044e\u0447\u0435\u043d\u0438\u044f\u043c\u0438 \u043f\u0440\u0438\u0437\u0440\u0430\u043a\u043e\u043e\u0445\u043e\u0442\u043d\u0438\u043a\u043e\u0432 \u0432 \u043b\u044e\u0431\u043e\u043c \u043c\u0435\u0441\u0442\u0435. \u041f\u0440\u043e\u0441\u0442\u0430\u044f \u0443\u0441\u0442\u0430\u043d\u043e\u0432\u043a\u0430!\" \/>\n<meta property=\"og:url\" content=\"https:\/\/ghostbusters-slots.com\/ro\/download-ghostbusters-slot-game\/\" \/>\n<meta property=\"og:site_name\" content=\"Ghostbusters Slot\" \/>\n<meta property=\"article:modified_time\" content=\"2024-06-11T22:03:47+00:00\" \/>\n<meta name=\"twitter:card\" content=\"summary_large_image\" \/>\n<meta name=\"twitter:label1\" content=\"Timp estimat pentru citire\" \/>\n\t<meta name=\"twitter:data1\" content=\"20 de minute\" \/>\n<script type=\"application\/ld+json\" class=\"yoast-schema-graph\">{\"@context\":\"https:\/\/schema.org\",\"@graph\":[{\"@type\":\"WebPage\",\"@id\":\"https:\/\/ghostbusters-slots.com\/download-ghostbusters-slot-game\/\",\"url\":\"https:\/\/ghostbusters-slots.com\/download-ghostbusters-slot-game\/\",\"name\":\"Ghostbusters: \u0421\u043a\u0430\u0447\u0430\u0439\u0442\u0435 \u0438 \u043e\u043a\u0443\u043d\u0438\u0442\u0435\u0441\u044c \u0432 \u043c\u0438\u0440 \u0430\u0437\u0430\u0440\u0442\u0430 \u0433\u0434\u0435 \u0443\u0433\u043e\u0434\u043d\u043e\",\"isPartOf\":{\"@id\":\"https:\/\/ghostbusters-slots.com\/#website\"},\"datePublished\":\"2023-11-27T23:21:59+00:00\",\"dateModified\":\"2024-06-11T22:03:47+00:00\",\"description\":\"\u0421\u043a\u0430\u0447\u0430\u0439\u0442\u0435 Ghostbusters \u043d\u0430 \u0410\u043d\u0434\u0440\u043e\u0438\u0434, iPhone \u0438\u043b\u0438 \u043a\u043e\u043c\u043f\u044c\u044e\u0442\u0435\u0440. \u041d\u0430\u0441\u043b\u0430\u0436\u0434\u0430\u0439\u0442\u0435\u0441\u044c \u0443\u0432\u043b\u0435\u043a\u0430\u0442\u0435\u043b\u044c\u043d\u044b\u043c\u0438 \u043f\u0440\u0438\u043a\u043b\u044e\u0447\u0435\u043d\u0438\u044f\u043c\u0438 \u043f\u0440\u0438\u0437\u0440\u0430\u043a\u043e\u043e\u0445\u043e\u0442\u043d\u0438\u043a\u043e\u0432 \u0432 \u043b\u044e\u0431\u043e\u043c \u043c\u0435\u0441\u0442\u0435. \u041f\u0440\u043e\u0441\u0442\u0430\u044f \u0443\u0441\u0442\u0430\u043d\u043e\u0432\u043a\u0430!\",\"breadcrumb\":{\"@id\":\"https:\/\/ghostbusters-slots.com\/download-ghostbusters-slot-game\/#breadcrumb\"},\"inLanguage\":\"ro-RO\",\"potentialAction\":[{\"@type\":\"ReadAction\",\"target\":[\"https:\/\/ghostbusters-slots.com\/download-ghostbusters-slot-game\/\"]}]},{\"@type\":\"BreadcrumbList\",\"@id\":\"https:\/\/ghostbusters-slots.com\/download-ghostbusters-slot-game\/#breadcrumb\",\"itemListElement\":[{\"@type\":\"ListItem\",\"position\":1,\"name\":\"Home\",\"item\":\"https:\/\/ghostbusters-slots.com\/\"},{\"@type\":\"ListItem\",\"position\":2,\"name\":\"\u0417\u0430\u0433\u0440\u0443\u0437\u043a\u0430 \u0438\u0433\u0440\u044b &#171;Ghostbusters&#187;: \u0412\u0430\u0448 \u043f\u0443\u0442\u044c \u043a \u0437\u0430\u0445\u0432\u0430\u0442\u044b\u0432\u0430\u044e\u0449\u0438\u043c \u043f\u0440\u0438\u043a\u043b\u044e\u0447\u0435\u043d\u0438\u044f\u043c\"}]},{\"@type\":\"WebSite\",\"@id\":\"https:\/\/ghostbusters-slots.com\/#website\",\"url\":\"https:\/\/ghostbusters-slots.com\/\",\"name\":\"Ghostbusters Slot\",\"description\":\"\",\"publisher\":{\"@id\":\"https:\/\/ghostbusters-slots.com\/#organization\"},\"potentialAction\":[{\"@type\":\"SearchAction\",\"target\":{\"@type\":\"EntryPoint\",\"urlTemplate\":\"https:\/\/ghostbusters-slots.com\/?s={search_term_string}\"},\"query-input\":{\"@type\":\"PropertyValueSpecification\",\"valueRequired\":true,\"valueName\":\"search_term_string\"}}],\"inLanguage\":\"ro-RO\"},{\"@type\":\"Organization\",\"@id\":\"https:\/\/ghostbusters-slots.com\/#organization\",\"name\":\"Ghostbusters Slot\",\"url\":\"https:\/\/ghostbusters-slots.com\/\",\"logo\":{\"@type\":\"ImageObject\",\"inLanguage\":\"ro-RO\",\"@id\":\"https:\/\/ghostbusters-slots.com\/#\/schema\/logo\/image\/\",\"url\":\"https:\/\/ghostbusters-slots.com\/wp-content\/uploads\/ghostbusters-movie-png-logo-1-e1701219327849.png\",\"contentUrl\":\"https:\/\/ghostbusters-slots.com\/wp-content\/uploads\/ghostbusters-movie-png-logo-1-e1701219327849.png\",\"width\":800,\"height\":200,\"caption\":\"Ghostbusters Slot\"},\"image\":{\"@id\":\"https:\/\/ghostbusters-slots.com\/#\/schema\/logo\/image\/\"}}]}<\/script>\n<!-- \/ Yoast SEO plugin. -->","yoast_head_json":{"title":"Ghostbusters: \u0421\u043a\u0430\u0447\u0430\u0439\u0442\u0435 \u0438 \u043e\u043a\u0443\u043d\u0438\u0442\u0435\u0441\u044c \u0432 \u043c\u0438\u0440 \u0430\u0437\u0430\u0440\u0442\u0430 \u0433\u0434\u0435 \u0443\u0433\u043e\u0434\u043d\u043e","description":"Desc\u0103rca\u021bi Ghostbusters pe Android, iPhone sau computer. Bucura\u021bi-v\u0103 de aventurile captivante ale v\u00e2n\u0103torilor de fantome oriunde merge\u021bi. Instalare u\u0219oar\u0103!","robots":{"index":"index","follow":"follow","max-snippet":"max-snippet:-1","max-image-preview":"max-image-preview:large","max-video-preview":"max-video-preview:-1"},"canonical":"https:\/\/ghostbusters-slots.com\/ro\/download-ghostbusters-slot-game\/","og_locale":"ro_RO","og_type":"article","og_title":"Ghostbusters: \u0421\u043a\u0430\u0447\u0430\u0439\u0442\u0435 \u0438 \u043e\u043a\u0443\u043d\u0438\u0442\u0435\u0441\u044c \u0432 \u043c\u0438\u0440 \u0430\u0437\u0430\u0440\u0442\u0430 \u0433\u0434\u0435 \u0443\u0433\u043e\u0434\u043d\u043e","og_description":"\u0421\u043a\u0430\u0447\u0430\u0439\u0442\u0435 Ghostbusters \u043d\u0430 \u0410\u043d\u0434\u0440\u043e\u0438\u0434, iPhone \u0438\u043b\u0438 \u043a\u043e\u043c\u043f\u044c\u044e\u0442\u0435\u0440. \u041d\u0430\u0441\u043b\u0430\u0436\u0434\u0430\u0439\u0442\u0435\u0441\u044c \u0443\u0432\u043b\u0435\u043a\u0430\u0442\u0435\u043b\u044c\u043d\u044b\u043c\u0438 \u043f\u0440\u0438\u043a\u043b\u044e\u0447\u0435\u043d\u0438\u044f\u043c\u0438 \u043f\u0440\u0438\u0437\u0440\u0430\u043a\u043e\u043e\u0445\u043e\u0442\u043d\u0438\u043a\u043e\u0432 \u0432 \u043b\u044e\u0431\u043e\u043c \u043c\u0435\u0441\u0442\u0435. \u041f\u0440\u043e\u0441\u0442\u0430\u044f \u0443\u0441\u0442\u0430\u043d\u043e\u0432\u043a\u0430!","og_url":"https:\/\/ghostbusters-slots.com\/ro\/download-ghostbusters-slot-game\/","og_site_name":"Ghostbusters Slot","article_modified_time":"2024-06-11T22:03:47+00:00","twitter_card":"summary_large_image","twitter_misc":{"Timp estimat pentru citire":"20 de minute"},"schema":{"@context":"https:\/\/schema.org","@graph":[{"@type":"WebPage","@id":"https:\/\/ghostbusters-slots.com\/download-ghostbusters-slot-game\/","url":"https:\/\/ghostbusters-slots.com\/download-ghostbusters-slot-game\/","name":"Ghostbusters: \u0421\u043a\u0430\u0447\u0430\u0439\u0442\u0435 \u0438 \u043e\u043a\u0443\u043d\u0438\u0442\u0435\u0441\u044c \u0432 \u043c\u0438\u0440 \u0430\u0437\u0430\u0440\u0442\u0430 \u0433\u0434\u0435 \u0443\u0433\u043e\u0434\u043d\u043e","isPartOf":{"@id":"https:\/\/ghostbusters-slots.com\/#website"},"datePublished":"2023-11-27T23:21:59+00:00","dateModified":"2024-06-11T22:03:47+00:00","description":"\u0421\u043a\u0430\u0447\u0430\u0439\u0442\u0435 Ghostbusters \u043d\u0430 \u0410\u043d\u0434\u0440\u043e\u0438\u0434, iPhone \u0438\u043b\u0438 \u043a\u043e\u043c\u043f\u044c\u044e\u0442\u0435\u0440. \u041d\u0430\u0441\u043b\u0430\u0436\u0434\u0430\u0439\u0442\u0435\u0441\u044c \u0443\u0432\u043b\u0435\u043a\u0430\u0442\u0435\u043b\u044c\u043d\u044b\u043c\u0438 \u043f\u0440\u0438\u043a\u043b\u044e\u0447\u0435\u043d\u0438\u044f\u043c\u0438 \u043f\u0440\u0438\u0437\u0440\u0430\u043a\u043e\u043e\u0445\u043e\u0442\u043d\u0438\u043a\u043e\u0432 \u0432 \u043b\u044e\u0431\u043e\u043c \u043c\u0435\u0441\u0442\u0435. \u041f\u0440\u043e\u0441\u0442\u0430\u044f \u0443\u0441\u0442\u0430\u043d\u043e\u0432\u043a\u0430!","breadcrumb":{"@id":"https:\/\/ghostbusters-slots.com\/download-ghostbusters-slot-game\/#breadcrumb"},"inLanguage":"ro-RO","potentialAction":[{"@type":"ReadAction","target":["https:\/\/ghostbusters-slots.com\/download-ghostbusters-slot-game\/"]}]},{"@type":"BreadcrumbList","@id":"https:\/\/ghostbusters-slots.com\/download-ghostbusters-slot-game\/#breadcrumb","itemListElement":[{"@type":"ListItem","position":1,"name":"Home","item":"https:\/\/ghostbusters-slots.com\/"},{"@type":"ListItem","position":2,"name":"\u0417\u0430\u0433\u0440\u0443\u0437\u043a\u0430 \u0438\u0433\u0440\u044b &#171;Ghostbusters&#187;: \u0412\u0430\u0448 \u043f\u0443\u0442\u044c \u043a \u0437\u0430\u0445\u0432\u0430\u0442\u044b\u0432\u0430\u044e\u0449\u0438\u043c \u043f\u0440\u0438\u043a\u043b\u044e\u0447\u0435\u043d\u0438\u044f\u043c"}]},{"@type":"WebSite","@id":"https:\/\/ghostbusters-slots.com\/#website","url":"https:\/\/ghostbusters-slots.com\/","name":"Ghostbusters Slot","description":"","publisher":{"@id":"https:\/\/ghostbusters-slots.com\/#organization"},"potentialAction":[{"@type":"SearchAction","target":{"@type":"EntryPoint","urlTemplate":"https:\/\/ghostbusters-slots.com\/?s={search_term_string}"},"query-input":{"@type":"PropertyValueSpecification","valueRequired":true,"valueName":"search_term_string"}}],"inLanguage":"ro-RO"},{"@type":"Organization","@id":"https:\/\/ghostbusters-slots.com\/#organization","name":"Ghostbusters Slot","url":"https:\/\/ghostbusters-slots.com\/","logo":{"@type":"ImageObject","inLanguage":"ro-RO","@id":"https:\/\/ghostbusters-slots.com\/#\/schema\/logo\/image\/","url":"https:\/\/ghostbusters-slots.com\/wp-content\/uploads\/ghostbusters-movie-png-logo-1-e1701219327849.png","contentUrl":"https:\/\/ghostbusters-slots.com\/wp-content\/uploads\/ghostbusters-movie-png-logo-1-e1701219327849.png","width":800,"height":200,"caption":"Ghostbusters Slot"},"image":{"@id":"https:\/\/ghostbusters-slots.com\/#\/schema\/logo\/image\/"}}]}},"_links":{"self":[{"href":"https:\/\/ghostbusters-slots.com\/ro\/wp-json\/wp\/v2\/pages\/13","targetHints":{"allow":["GET"]}}],"collection":[{"href":"https:\/\/ghostbusters-slots.com\/ro\/wp-json\/wp\/v2\/pages"}],"about":[{"href":"https:\/\/ghostbusters-slots.com\/ro\/wp-json\/wp\/v2\/types\/page"}],"author":[{"embeddable":true,"href":"https:\/\/ghostbusters-slots.com\/ro\/wp-json\/wp\/v2\/users\/1"}],"replies":[{"embeddable":true,"href":"https:\/\/ghostbusters-slots.com\/ro\/wp-json\/wp\/v2\/comments?post=13"}],"version-history":[{"count":22,"href":"https:\/\/ghostbusters-slots.com\/ro\/wp-json\/wp\/v2\/pages\/13\/revisions"}],"predecessor-version":[{"id":172,"href":"https:\/\/ghostbusters-slots.com\/ro\/wp-json\/wp\/v2\/pages\/13\/revisions\/172"}],"wp:attachment":[{"href":"https:\/\/ghostbusters-slots.com\/ro\/wp-json\/wp\/v2\/media?parent=13"}],"curies":[{"name":"wp","href":"https:\/\/api.w.org\/{rel}","templated":true}]}}