{"id":15,"date":"2023-11-27T23:22:34","date_gmt":"2023-11-27T23:22:34","guid":{"rendered":"https:\/\/ghostbusters-slots.com\/?page_id=15"},"modified":"2024-06-11T22:06:37","modified_gmt":"2024-06-11T22:06:37","slug":"play-ghostbusters-online-casino","status":"publish","type":"page","link":"https:\/\/ghostbusters-slots.com\/ro\/play-ghostbusters-online-casino\/","title":{"rendered":"Joac\u0103-te la cazinouri online \u0219i \u00eenfrupt\u0103-te \u00een lumea &#8222;Ghostbusters&#8221;"},"content":{"rendered":"<p>Bine a\u021bi venit \u00een lumea palpitant\u0103 a cazinourilor online, unde emo\u021bia \u00eent\u00e2lne\u0219te jocurile captivante! Dac\u0103 sunte\u021bi preg\u0103tit s\u0103 experimenta\u021bi fiorul \u0219i \u0219ansa de a c\u00e2\u0219tiga premii mari, atunci &#8222;Ghostbusters&#8221; este poarta dumneavoastr\u0103 c\u0103tre lumea v\u00e2n\u0103torii de fantome. Permite\u021bi-ne s\u0103 v\u0103 spunem cum s\u0103 \u00eencepe\u021bi aventura de joc chiar acum.<\/p>\n<h2>De ce s\u0103 v\u0103 \u00eenregistra\u021bi la un cazinou online?<\/h2>\n<p>\u00cenregistrarea la un cazinou online este primul \u0219i crucial pas c\u0103tre lumea incredibil\u0103 a divertismentului de jocuri de noroc. Aceasta deschide u\u0219ile c\u0103tre o multitudine de jocuri, bonusuri \u0219i promo\u021bii captivante. Juc\u0103torii \u00eenregistra\u021bi au acces la o gam\u0103 larg\u0103 de jocuri, inclusiv faimosul &#8222;Ghostbusters&#8221;, precum \u0219i multe bonusuri \u0219i oportunit\u0103\u021bi de c\u00e2\u0219tig.<\/p>\n<h2>Juca\u021bi &#8222;Ghostbusters&#8221; gratuit<\/h2>\n<p>\u00cenainte de a v\u0103 scufunda \u00een emo\u021bia jocului pe bani reali, pute\u021bi \u00eencerca &#8222;Ghostbusters&#8221; \u00een modul de joc gratuit. Aceasta este o modalitate excelent\u0103 de a v\u0103 familiariza cu regulile, caracteristicile \u0219i atmosfera slotului f\u0103r\u0103 a v\u0103 risca fondurile. \u00cen cazinourile online, pute\u021bi comuta u\u0219or \u00eentre moduri, aleg\u00e2nd pe cel care se potrive\u0219te st\u0103rii dumneavoastr\u0103 de spirit &#8211; fie c\u0103 este vorba de v\u00e2n\u0103toarea palpitant\u0103 de fantome sau doar de rotirea relaxant\u0103 a rolelor.<\/p>\n<h2>Metode de \u00eenregistrare<\/h2>\n<p>Procesul de \u00eenregistrare la un cazinou online este de obicei simplu \u0219i nu dureaz\u0103 mult timp. Va trebui s\u0103 furniza\u021bi informa\u021bii de baz\u0103, cum ar fi numele, adresa de email \u0219i data na\u0219terii. Unele cazinouri pot solicita date suplimentare pentru a v\u0103 confirma identitatea \u0219i securitatea. Dup\u0103 \u00eenregistrarea cu succes, ve\u021bi primi un cont unic care va fi cheia dumneavoastr\u0103 c\u0103tre lumea virtual\u0103 a jocurilor de noroc.<\/p>\n<h2>Metode de depunere<\/h2>\n<p>Pentru a v\u0103 bucura de jocuri pe bani reali \u0219i pentru a avea \u0219ansa de a c\u00e2\u0219tiga premii mari, trebuie s\u0103 face\u021bi o depunere \u00een contul dumneavoastr\u0103. Cazinourile online ofer\u0103 diverse metode de depunere pentru a face acest proces convenabil \u0219i sigur pentru fiecare juc\u0103tor.<\/p>\n<h3><strong>a. Carduri de credit \u0219i portofele electronice:<\/strong><\/h3>\n<p>Multe cazinouri accept\u0103 pl\u0103\u021bi prin carduri de credit (Visa, MasterCard) \u0219i portofele electronice (Neteller, Skrill). Aceste metode asigur\u0103 tranzac\u021bii rapide \u0219i sigure.<\/p>\n<h3><strong>b. Transferuri bancare:<\/strong><\/h3>\n<p>Unii juc\u0103tori prefer\u0103 s\u0103 fac\u0103 depuneri prin transferuri bancare. Aceast\u0103 metod\u0103 poate dura mai mult, dar ofer\u0103 de obicei cel mai \u00eenalt nivel de securitate.<\/p>\n<h3><strong>c. Criptomonede:<\/strong><\/h3>\n<p>\u00cen unele cazinouri online moderne, pute\u021bi utiliza criptomonede (cum ar fi Bitcoin) pentru a face depuneri. Aceasta ofer\u0103 un nivel ridicat de anonimat \u0219i accelereaz\u0103 procesul de tranzac\u021bie.<\/p>\n<p>Alege\u021bi metoda de depunere care vi se potrive\u0219te cel mai bine, urm\u00e2nd instruc\u021biunile de pe site-ul cazinoului.<\/p>\n<h2>Metode de retragere<\/h2>\n<p>C\u00e2nd vine momentul c\u00e2\u0219tigului, dori\u021bi s\u0103 fi\u021bi sigur c\u0103 pute\u021bi retrage banii u\u0219or \u0219i \u00een siguran\u021b\u0103. Cazinourile online ofer\u0103 de obicei mai multe metode de retragere:<\/p>\n<h3><strong>a. Carduri de credit:<\/strong><\/h3>\n<p>Cardurile de credit sunt adesea folosite pentru retragerea c\u00e2\u0219tigurilor. Specifica\u021bi pur \u0219i simplu suma dorit\u0103 \u0219i aceasta va fi transferat\u0103 pe cardul dumneavoastr\u0103.<\/p>\n<h3><strong>b. Portofele electronice:<\/strong><\/h3>\n<p>Portofelele electronice precum Neteller \u0219i Skrill ofer\u0103 metode rapide \u0219i convenabile de retragere.<\/p>\n<h3><strong>c. Transferuri bancare:<\/strong><\/h3>\n<p>Unii juc\u0103tori prefer\u0103 transferurile bancare pentru retragerea sumelor mari. Aceast\u0103 metod\u0103 poate dura mai mult, dar garanteaz\u0103 securitatea tranzac\u021biei.<\/p>\n<h3><strong>d. Criptomonede:<\/strong><\/h3>\n<p>Dac\u0103 a\u021bi folosit criptomonede pentru depuneri, pute\u021bi adesea s\u0103 le alege\u021bi \u0219i pentru retragerea c\u00e2\u0219tigurilor.<\/p>\n<p>Alege\u021bi metoda de retragere potrivit\u0103, \u021bin\u00e2nd cont de preferin\u021bele \u0219i confortul dumneavoastr\u0103.<\/p>\n<h2>Concluzie<\/h2>\n<p>Acum c\u0103 v-a\u021bi \u00eenregistrat la un cazinou online, a\u021bi \u00eencercat &#8222;Ghostbusters&#8221; \u00een modul gratuit \u0219i a\u021bi f\u0103cut o depunere, sunte\u021bi gata pentru o c\u0103l\u0103torie palpitant\u0103 \u00een lumea divertismentului de jocuri de noroc. Aminti\u021bi-v\u0103 s\u0103 juca\u021bi responsabil, s\u0103 urm\u0103ri\u021bi bugetul \u0219i s\u0103 v\u0103 bucura\u021bi de momentele captivante pe care &#8222;Ghostbusters&#8221; le-a preg\u0103tit pentru dumneavoastr\u0103! Mult noroc la role!<\/p>\n","protected":false},"excerpt":{"rendered":"<p>Bine a\u021bi venit \u00een lumea palpitant\u0103 a cazinourilor online, unde emo\u021bia \u00eent\u00e2lne\u0219te jocurile captivante! Dac\u0103 sunte\u021bi preg\u0103tit s\u0103 experimenta\u021bi fiorul \u0219i \u0219ansa de a c\u00e2\u0219tiga premii mari, atunci &#8222;Ghostbusters&#8221; este poarta dumneavoastr\u0103 c\u0103tre lumea v\u00e2n\u0103torii de fantome. Permite\u021bi-ne s\u0103 v\u0103 spunem cum s\u0103 \u00eencepe\u021bi aventura de joc chiar acum. De ce s\u0103 v\u0103 \u00eenregistra\u021bi la [&hellip;]<\/p>\n","protected":false},"author":1,"featured_media":0,"parent":0,"menu_order":0,"comment_status":"closed","ping_status":"closed","template":"templates\/template-page-full-width.php","meta":{"footnotes":""},"class_list":["post-15","page","type-page","status-publish","hentry"],"yoast_head":"<!-- This site is optimized with the Yoast SEO plugin v27.2 - https:\/\/yoast.com\/product\/yoast-seo-wordpress\/ -->\n<title>Juega en el casino en l\u00ednea con Ghostbusters: emoci\u00f3n y fantasmas emocionantes<\/title>\n<meta name=\"description\" content=\"\u00cenregistra\u021bi-v\u0103 la cazinoul online, juca\u021bi Ghostbusters gratuit \u0219i c\u00e2\u0219tiga\u021bi premii reale. Afla\u021bi acum despre metodele de depunere \u0219i retragere!\" \/>\n<meta name=\"robots\" content=\"index, follow, max-snippet:-1, max-image-preview:large, max-video-preview:-1\" \/>\n<link rel=\"canonical\" href=\"https:\/\/ghostbusters-slots.com\/ro\/play-ghostbusters-online-casino\/\" \/>\n<meta property=\"og:locale\" content=\"ro_RO\" \/>\n<meta property=\"og:locale:alternate\" content=\"ru_RU\" \/>\n<meta property=\"og:locale:alternate\" content=\"en_US\" \/>\n<meta property=\"og:locale:alternate\" content=\"pt_PT\" \/>\n<meta property=\"og:locale:alternate\" content=\"es_ES\" \/>\n<meta property=\"og:locale:alternate\" content=\"fr_FR\" \/>\n<meta property=\"og:locale:alternate\" content=\"de_DE\" \/>\n<meta property=\"og:locale:alternate\" content=\"sr_RS\" \/>\n<meta property=\"og:locale:alternate\" content=\"bg_BG\" \/>\n<meta property=\"og:locale:alternate\" content=\"pl_PL\" \/>\n<meta property=\"og:locale:alternate\" content=\"it_IT\" \/>\n<meta property=\"og:type\" content=\"article\" \/>\n<meta property=\"og:title\" content=\"Juega en el casino en l\u00ednea con Ghostbusters: emoci\u00f3n y fantasmas emocionantes\" \/>\n<meta property=\"og:description\" content=\"Reg\u00edstrate en el casino en l\u00ednea, juega a Ghostbusters gratis y gana premios reales. \u00a1Aprende sobre m\u00e9todos de dep\u00f3sito y retiro ahora mismo!\" \/>\n<meta property=\"og:url\" content=\"https:\/\/ghostbusters-slots.com\/ro\/play-ghostbusters-online-casino\/\" \/>\n<meta property=\"og:site_name\" content=\"Ghostbusters Slot\" \/>\n<meta property=\"article:modified_time\" content=\"2024-06-11T22:06:37+00:00\" \/>\n<meta name=\"twitter:card\" content=\"summary_large_image\" \/>\n<meta name=\"twitter:label1\" content=\"Timp estimat pentru citire\" \/>\n\t<meta name=\"twitter:data1\" content=\"26 de minute\" \/>\n<script type=\"application\/ld+json\" class=\"yoast-schema-graph\">{\"@context\":\"https:\/\/schema.org\",\"@graph\":[{\"@type\":\"WebPage\",\"@id\":\"https:\/\/ghostbusters-slots.com\/es\/play-ghostbusters-online-casino\/\",\"url\":\"https:\/\/ghostbusters-slots.com\/es\/play-ghostbusters-online-casino\/\",\"name\":\"Juega en el casino en l\u00ednea con Ghostbusters: emoci\u00f3n y fantasmas emocionantes\",\"isPartOf\":{\"@id\":\"https:\/\/ghostbusters-slots.com\/#website\"},\"datePublished\":\"2023-11-27T23:22:34+00:00\",\"dateModified\":\"2024-06-11T22:06:37+00:00\",\"description\":\"Reg\u00edstrate en el casino en l\u00ednea, juega a Ghostbusters gratis y gana premios reales. \u00a1Aprende sobre m\u00e9todos de dep\u00f3sito y retiro ahora mismo!\",\"breadcrumb\":{\"@id\":\"https:\/\/ghostbusters-slots.com\/es\/play-ghostbusters-online-casino\/#breadcrumb\"},\"inLanguage\":\"ro-RO\",\"potentialAction\":[{\"@type\":\"ReadAction\",\"target\":[\"https:\/\/ghostbusters-slots.com\/es\/play-ghostbusters-online-casino\/\"]}]},{\"@type\":\"BreadcrumbList\",\"@id\":\"https:\/\/ghostbusters-slots.com\/es\/play-ghostbusters-online-casino\/#breadcrumb\",\"itemListElement\":[{\"@type\":\"ListItem\",\"position\":1,\"name\":\"Home\",\"item\":\"https:\/\/ghostbusters-slots.com\/\"},{\"@type\":\"ListItem\",\"position\":2,\"name\":\"Juega en Casinos en L\u00ednea y Sum\u00e9rgete en el Mundo de \u00abGhostbusters\u00bb\"}]},{\"@type\":\"WebSite\",\"@id\":\"https:\/\/ghostbusters-slots.com\/#website\",\"url\":\"https:\/\/ghostbusters-slots.com\/\",\"name\":\"Ghostbusters Slot\",\"description\":\"\",\"publisher\":{\"@id\":\"https:\/\/ghostbusters-slots.com\/#organization\"},\"potentialAction\":[{\"@type\":\"SearchAction\",\"target\":{\"@type\":\"EntryPoint\",\"urlTemplate\":\"https:\/\/ghostbusters-slots.com\/?s={search_term_string}\"},\"query-input\":{\"@type\":\"PropertyValueSpecification\",\"valueRequired\":true,\"valueName\":\"search_term_string\"}}],\"inLanguage\":\"ro-RO\"},{\"@type\":\"Organization\",\"@id\":\"https:\/\/ghostbusters-slots.com\/#organization\",\"name\":\"Ghostbusters Slot\",\"url\":\"https:\/\/ghostbusters-slots.com\/\",\"logo\":{\"@type\":\"ImageObject\",\"inLanguage\":\"ro-RO\",\"@id\":\"https:\/\/ghostbusters-slots.com\/#\/schema\/logo\/image\/\",\"url\":\"https:\/\/ghostbusters-slots.com\/wp-content\/uploads\/ghostbusters-movie-png-logo-1-e1701219327849.png\",\"contentUrl\":\"https:\/\/ghostbusters-slots.com\/wp-content\/uploads\/ghostbusters-movie-png-logo-1-e1701219327849.png\",\"width\":800,\"height\":200,\"caption\":\"Ghostbusters Slot\"},\"image\":{\"@id\":\"https:\/\/ghostbusters-slots.com\/#\/schema\/logo\/image\/\"}}]}<\/script>\n<!-- \/ Yoast SEO plugin. -->","yoast_head_json":{"title":"Juega en el casino en l\u00ednea con Ghostbusters: emoci\u00f3n y fantasmas emocionantes","description":"\u00cenregistra\u021bi-v\u0103 la cazinoul online, juca\u021bi Ghostbusters gratuit \u0219i c\u00e2\u0219tiga\u021bi premii reale. Afla\u021bi acum despre metodele de depunere \u0219i retragere!","robots":{"index":"index","follow":"follow","max-snippet":"max-snippet:-1","max-image-preview":"max-image-preview:large","max-video-preview":"max-video-preview:-1"},"canonical":"https:\/\/ghostbusters-slots.com\/ro\/play-ghostbusters-online-casino\/","og_locale":"ro_RO","og_type":"article","og_title":"Juega en el casino en l\u00ednea con Ghostbusters: emoci\u00f3n y fantasmas emocionantes","og_description":"Reg\u00edstrate en el casino en l\u00ednea, juega a Ghostbusters gratis y gana premios reales. \u00a1Aprende sobre m\u00e9todos de dep\u00f3sito y retiro ahora mismo!","og_url":"https:\/\/ghostbusters-slots.com\/ro\/play-ghostbusters-online-casino\/","og_site_name":"Ghostbusters Slot","article_modified_time":"2024-06-11T22:06:37+00:00","twitter_card":"summary_large_image","twitter_misc":{"Timp estimat pentru citire":"26 de minute"},"schema":{"@context":"https:\/\/schema.org","@graph":[{"@type":"WebPage","@id":"https:\/\/ghostbusters-slots.com\/es\/play-ghostbusters-online-casino\/","url":"https:\/\/ghostbusters-slots.com\/es\/play-ghostbusters-online-casino\/","name":"Juega en el casino en l\u00ednea con Ghostbusters: emoci\u00f3n y fantasmas emocionantes","isPartOf":{"@id":"https:\/\/ghostbusters-slots.com\/#website"},"datePublished":"2023-11-27T23:22:34+00:00","dateModified":"2024-06-11T22:06:37+00:00","description":"Reg\u00edstrate en el casino en l\u00ednea, juega a Ghostbusters gratis y gana premios reales. \u00a1Aprende sobre m\u00e9todos de dep\u00f3sito y retiro ahora mismo!","breadcrumb":{"@id":"https:\/\/ghostbusters-slots.com\/es\/play-ghostbusters-online-casino\/#breadcrumb"},"inLanguage":"ro-RO","potentialAction":[{"@type":"ReadAction","target":["https:\/\/ghostbusters-slots.com\/es\/play-ghostbusters-online-casino\/"]}]},{"@type":"BreadcrumbList","@id":"https:\/\/ghostbusters-slots.com\/es\/play-ghostbusters-online-casino\/#breadcrumb","itemListElement":[{"@type":"ListItem","position":1,"name":"Home","item":"https:\/\/ghostbusters-slots.com\/"},{"@type":"ListItem","position":2,"name":"Juega en Casinos en L\u00ednea y Sum\u00e9rgete en el Mundo de \u00abGhostbusters\u00bb"}]},{"@type":"WebSite","@id":"https:\/\/ghostbusters-slots.com\/#website","url":"https:\/\/ghostbusters-slots.com\/","name":"Ghostbusters Slot","description":"","publisher":{"@id":"https:\/\/ghostbusters-slots.com\/#organization"},"potentialAction":[{"@type":"SearchAction","target":{"@type":"EntryPoint","urlTemplate":"https:\/\/ghostbusters-slots.com\/?s={search_term_string}"},"query-input":{"@type":"PropertyValueSpecification","valueRequired":true,"valueName":"search_term_string"}}],"inLanguage":"ro-RO"},{"@type":"Organization","@id":"https:\/\/ghostbusters-slots.com\/#organization","name":"Ghostbusters Slot","url":"https:\/\/ghostbusters-slots.com\/","logo":{"@type":"ImageObject","inLanguage":"ro-RO","@id":"https:\/\/ghostbusters-slots.com\/#\/schema\/logo\/image\/","url":"https:\/\/ghostbusters-slots.com\/wp-content\/uploads\/ghostbusters-movie-png-logo-1-e1701219327849.png","contentUrl":"https:\/\/ghostbusters-slots.com\/wp-content\/uploads\/ghostbusters-movie-png-logo-1-e1701219327849.png","width":800,"height":200,"caption":"Ghostbusters Slot"},"image":{"@id":"https:\/\/ghostbusters-slots.com\/#\/schema\/logo\/image\/"}}]}},"_links":{"self":[{"href":"https:\/\/ghostbusters-slots.com\/ro\/wp-json\/wp\/v2\/pages\/15","targetHints":{"allow":["GET"]}}],"collection":[{"href":"https:\/\/ghostbusters-slots.com\/ro\/wp-json\/wp\/v2\/pages"}],"about":[{"href":"https:\/\/ghostbusters-slots.com\/ro\/wp-json\/wp\/v2\/types\/page"}],"author":[{"embeddable":true,"href":"https:\/\/ghostbusters-slots.com\/ro\/wp-json\/wp\/v2\/users\/1"}],"replies":[{"embeddable":true,"href":"https:\/\/ghostbusters-slots.com\/ro\/wp-json\/wp\/v2\/comments?post=15"}],"version-history":[{"count":22,"href":"https:\/\/ghostbusters-slots.com\/ro\/wp-json\/wp\/v2\/pages\/15\/revisions"}],"predecessor-version":[{"id":173,"href":"https:\/\/ghostbusters-slots.com\/ro\/wp-json\/wp\/v2\/pages\/15\/revisions\/173"}],"wp:attachment":[{"href":"https:\/\/ghostbusters-slots.com\/ro\/wp-json\/wp\/v2\/media?parent=15"}],"curies":[{"name":"wp","href":"https:\/\/api.w.org\/{rel}","templated":true}]}}