{"id":17,"date":"2023-11-27T23:25:44","date_gmt":"2023-11-27T23:25:44","guid":{"rendered":"https:\/\/ghostbusters-slots.com\/?page_id=17"},"modified":"2024-06-11T22:14:00","modified_gmt":"2024-06-11T22:14:00","slug":"about-us","status":"publish","type":"page","link":"https:\/\/ghostbusters-slots.com\/ro\/about-us\/","title":{"rendered":"Despre noi: Dezv\u0103luirea misterelor jocului &#8222;Ghostbusters&#8221;"},"content":{"rendered":"<p>Bine a\u021bi venit pe pagina noastr\u0103 \u201eDespre noi\u201d! Suntem o echip\u0103 de entuzia\u0219ti ale c\u0103ror scop este s\u0103 descopere toate misterele \u0219i splendoarea jocului \u201eGhostbusters\u201d. Pasiunea noastr\u0103 pentru jocuri ne-a condus s\u0103 cre\u0103m acest spa\u021biu \u00een care ve\u021bi g\u0103si toate informa\u021biile necesare despre jocul vostru preferat.<\/p>\n<h2>Valorile Noastre<\/h2>\n<p>Ne str\u0103duim s\u0103 v\u0103 oferim cele mai precise \u0219i utile informa\u021bii despre \u201eGhostbusters\u201d. Echipa noastr\u0103 adun\u0103 materiale exclusive, analizeaz\u0103 regulile jocului, exploreaz\u0103 runde bonus \u0219i r\u0103m\u00e2ne actualizat\u0103 cu cele mai recente evolu\u021bii.<\/p>\n<h2>Ce Oferim<\/h2>\n<ul>\n<li><strong>Analiz\u0103 Detaliat\u0103 a Jocului:<\/strong> Dezbatem fiecare aspect al \u201eGhostbusters\u201d &#8211; de la simboluri la strategii de joc. Recenziile noastre ofer\u0103 o imagine cuprinz\u0103toare, astfel \u00eenc\u00e2t s\u0103 pute\u021bi lua decizii informate.<\/li>\n<li><strong>Ultimele \u0218tiri:<\/strong> R\u0103m\u00e2ne\u021bi conectat la actualiz\u0103rile noastre pentru a fi informat despre cele mai recente \u0219tiri \u0219i evenimente din lumea \u201eGhostbusters\u201d. V\u0103 vom informa despre bonusuri proaspete, turnee \u0219i noi versiuni de joc.<\/li>\n<li><strong>Sfaturi \u0219i Strategii:<\/strong> \u00cenv\u0103\u021ba\u021bi strategii de joc eficiente \u0219i sfaturi de la juc\u0103tori experimenta\u021bi. \u00cemp\u0103rt\u0103\u0219im cele mai bune practici pentru a v\u0103 ajuta s\u0103 v\u0103 \u00eembun\u0103t\u0103\u021bi\u021bi experien\u021ba de joc.<\/li>\n<li><strong>R\u0103spunsuri la \u00centreb\u0103ri:<\/strong> \u00cen sec\u021biunea \u201e\u00centreb\u0103ri frecvente\u201d, ve\u021bi g\u0103si r\u0103spunsuri la \u00eentreb\u0103ri comune despre joc. Facem totul pentru a v\u0103 simplifica calea c\u0103tre c\u00e2\u0219tigurile str\u0103lucitoare.<\/li>\n<\/ul>\n<h2>Misiunea Noastr\u0103<\/h2>\n<p>Misiunea noastr\u0103 este s\u0103 cre\u0103m un spa\u021biu \u00een care fiecare juc\u0103tor s\u0103 poat\u0103 g\u0103si inspira\u021bie, sprijin \u0219i, cel mai important, o experien\u021b\u0103 de joc captivant\u0103 \u00een \u201eGhostbusters\u201d. Credem c\u0103 fiecare ar trebui s\u0103 aib\u0103 acces la informa\u021bii de calitate pentru a juca cu pl\u0103cere \u0219i \u00eencredere deplin\u0103.<\/p>\n<p>V\u0103 mul\u021bumim c\u0103 ne-a\u021bi ales \u00een c\u0103l\u0103toria voastr\u0103 de jocuri. Haide\u021bi s\u0103 explor\u0103m \u00eempreun\u0103 lumea \u201eGhostbusters\u201d \u0219i s\u0103 cre\u0103m momente legendare pe rolele acestui slot palpitant!<\/p>\n","protected":false},"excerpt":{"rendered":"<p>Bine a\u021bi venit pe pagina noastr\u0103 \u201eDespre noi\u201d! Suntem o echip\u0103 de entuzia\u0219ti ale c\u0103ror scop este s\u0103 descopere toate misterele \u0219i splendoarea jocului \u201eGhostbusters\u201d. Pasiunea noastr\u0103 pentru jocuri ne-a condus s\u0103 cre\u0103m acest spa\u021biu \u00een care ve\u021bi g\u0103si toate informa\u021biile necesare despre jocul vostru preferat. Valorile Noastre Ne str\u0103duim s\u0103 v\u0103 oferim cele mai [&hellip;]<\/p>\n","protected":false},"author":1,"featured_media":0,"parent":0,"menu_order":0,"comment_status":"closed","ping_status":"closed","template":"templates\/template-page-full-width.php","meta":{"footnotes":""},"class_list":["post-17","page","type-page","status-publish","hentry"],"yoast_head":"<!-- This site is optimized with the Yoast SEO plugin v27.2 - https:\/\/yoast.com\/product\/yoast-seo-wordpress\/ -->\n<title>Ghostbusters: Wer wir sind und was wir im Bereich des Gaming-Entertainments bieten<\/title>\n<meta name=\"description\" content=\"Afla\u021bi despre noi - o echip\u0103 de entuzia\u0219ti care dezv\u0103luie misterele Ghostbusters. Oferim informa\u021bii valoroase, strategii \u0219i nout\u0103\u021bi pentru o experien\u021b\u0103 de joc captivant\u0103.\" \/>\n<meta name=\"robots\" content=\"index, follow, max-snippet:-1, max-image-preview:large, max-video-preview:-1\" \/>\n<link rel=\"canonical\" href=\"https:\/\/ghostbusters-slots.com\/ro\/about-us\/\" \/>\n<meta property=\"og:locale\" content=\"ro_RO\" \/>\n<meta property=\"og:locale:alternate\" content=\"ru_RU\" \/>\n<meta property=\"og:locale:alternate\" content=\"en_US\" \/>\n<meta property=\"og:locale:alternate\" content=\"pt_PT\" \/>\n<meta property=\"og:locale:alternate\" content=\"es_ES\" \/>\n<meta property=\"og:locale:alternate\" content=\"fr_FR\" \/>\n<meta property=\"og:locale:alternate\" content=\"de_DE\" \/>\n<meta property=\"og:locale:alternate\" content=\"sr_RS\" \/>\n<meta property=\"og:locale:alternate\" content=\"bg_BG\" \/>\n<meta property=\"og:locale:alternate\" content=\"pl_PL\" \/>\n<meta property=\"og:locale:alternate\" content=\"it_IT\" \/>\n<meta property=\"og:type\" content=\"article\" \/>\n<meta property=\"og:title\" content=\"Ghostbusters: Wer wir sind und was wir im Bereich des Gaming-Entertainments bieten\" \/>\n<meta property=\"og:description\" content=\"Erfahren Sie mehr \u00fcber uns - ein Team von Enthusiasten, die die Geheimnisse von Ghostbusters enth\u00fcllen. Wir bieten wertvolle Informationen, Strategien und Neuigkeiten f\u00fcr ein fesselndes Spielerlebnis.\" \/>\n<meta property=\"og:url\" content=\"https:\/\/ghostbusters-slots.com\/ro\/about-us\/\" \/>\n<meta property=\"og:site_name\" content=\"Ghostbusters Slot\" \/>\n<meta property=\"article:modified_time\" content=\"2024-06-11T22:14:00+00:00\" \/>\n<meta name=\"twitter:card\" content=\"summary_large_image\" \/>\n<meta name=\"twitter:label1\" content=\"Timp estimat pentru citire\" \/>\n\t<meta name=\"twitter:data1\" content=\"12 minute\" \/>\n<script type=\"application\/ld+json\" class=\"yoast-schema-graph\">{\"@context\":\"https:\/\/schema.org\",\"@graph\":[{\"@type\":\"WebPage\",\"@id\":\"https:\/\/ghostbusters-slots.com\/de\/about-us\/\",\"url\":\"https:\/\/ghostbusters-slots.com\/de\/about-us\/\",\"name\":\"Ghostbusters: Wer wir sind und was wir im Bereich des Gaming-Entertainments bieten\",\"isPartOf\":{\"@id\":\"https:\/\/ghostbusters-slots.com\/#website\"},\"datePublished\":\"2023-11-27T23:25:44+00:00\",\"dateModified\":\"2024-06-11T22:14:00+00:00\",\"description\":\"Erfahren Sie mehr \u00fcber uns - ein Team von Enthusiasten, die die Geheimnisse von Ghostbusters enth\u00fcllen. Wir bieten wertvolle Informationen, Strategien und Neuigkeiten f\u00fcr ein fesselndes Spielerlebnis.\",\"breadcrumb\":{\"@id\":\"https:\/\/ghostbusters-slots.com\/de\/about-us\/#breadcrumb\"},\"inLanguage\":\"ro-RO\",\"potentialAction\":[{\"@type\":\"ReadAction\",\"target\":[\"https:\/\/ghostbusters-slots.com\/de\/about-us\/\"]}]},{\"@type\":\"BreadcrumbList\",\"@id\":\"https:\/\/ghostbusters-slots.com\/de\/about-us\/#breadcrumb\",\"itemListElement\":[{\"@type\":\"ListItem\",\"position\":1,\"name\":\"Home\",\"item\":\"https:\/\/ghostbusters-slots.com\/\"},{\"@type\":\"ListItem\",\"position\":2,\"name\":\"\u00dcber uns: Die Geheimnisse des Spiels &#8222;Ghostbusters&#8220; enth\u00fcllen\"}]},{\"@type\":\"WebSite\",\"@id\":\"https:\/\/ghostbusters-slots.com\/#website\",\"url\":\"https:\/\/ghostbusters-slots.com\/\",\"name\":\"Ghostbusters Slot\",\"description\":\"\",\"publisher\":{\"@id\":\"https:\/\/ghostbusters-slots.com\/#organization\"},\"potentialAction\":[{\"@type\":\"SearchAction\",\"target\":{\"@type\":\"EntryPoint\",\"urlTemplate\":\"https:\/\/ghostbusters-slots.com\/?s={search_term_string}\"},\"query-input\":{\"@type\":\"PropertyValueSpecification\",\"valueRequired\":true,\"valueName\":\"search_term_string\"}}],\"inLanguage\":\"ro-RO\"},{\"@type\":\"Organization\",\"@id\":\"https:\/\/ghostbusters-slots.com\/#organization\",\"name\":\"Ghostbusters Slot\",\"url\":\"https:\/\/ghostbusters-slots.com\/\",\"logo\":{\"@type\":\"ImageObject\",\"inLanguage\":\"ro-RO\",\"@id\":\"https:\/\/ghostbusters-slots.com\/#\/schema\/logo\/image\/\",\"url\":\"https:\/\/ghostbusters-slots.com\/wp-content\/uploads\/ghostbusters-movie-png-logo-1-e1701219327849.png\",\"contentUrl\":\"https:\/\/ghostbusters-slots.com\/wp-content\/uploads\/ghostbusters-movie-png-logo-1-e1701219327849.png\",\"width\":800,\"height\":200,\"caption\":\"Ghostbusters Slot\"},\"image\":{\"@id\":\"https:\/\/ghostbusters-slots.com\/#\/schema\/logo\/image\/\"}}]}<\/script>\n<!-- \/ Yoast SEO plugin. -->","yoast_head_json":{"title":"Ghostbusters: Wer wir sind und was wir im Bereich des Gaming-Entertainments bieten","description":"Afla\u021bi despre noi - o echip\u0103 de entuzia\u0219ti care dezv\u0103luie misterele Ghostbusters. Oferim informa\u021bii valoroase, strategii \u0219i nout\u0103\u021bi pentru o experien\u021b\u0103 de joc captivant\u0103.","robots":{"index":"index","follow":"follow","max-snippet":"max-snippet:-1","max-image-preview":"max-image-preview:large","max-video-preview":"max-video-preview:-1"},"canonical":"https:\/\/ghostbusters-slots.com\/ro\/about-us\/","og_locale":"ro_RO","og_type":"article","og_title":"Ghostbusters: Wer wir sind und was wir im Bereich des Gaming-Entertainments bieten","og_description":"Erfahren Sie mehr \u00fcber uns - ein Team von Enthusiasten, die die Geheimnisse von Ghostbusters enth\u00fcllen. Wir bieten wertvolle Informationen, Strategien und Neuigkeiten f\u00fcr ein fesselndes Spielerlebnis.","og_url":"https:\/\/ghostbusters-slots.com\/ro\/about-us\/","og_site_name":"Ghostbusters Slot","article_modified_time":"2024-06-11T22:14:00+00:00","twitter_card":"summary_large_image","twitter_misc":{"Timp estimat pentru citire":"12 minute"},"schema":{"@context":"https:\/\/schema.org","@graph":[{"@type":"WebPage","@id":"https:\/\/ghostbusters-slots.com\/de\/about-us\/","url":"https:\/\/ghostbusters-slots.com\/de\/about-us\/","name":"Ghostbusters: Wer wir sind und was wir im Bereich des Gaming-Entertainments bieten","isPartOf":{"@id":"https:\/\/ghostbusters-slots.com\/#website"},"datePublished":"2023-11-27T23:25:44+00:00","dateModified":"2024-06-11T22:14:00+00:00","description":"Erfahren Sie mehr \u00fcber uns - ein Team von Enthusiasten, die die Geheimnisse von Ghostbusters enth\u00fcllen. Wir bieten wertvolle Informationen, Strategien und Neuigkeiten f\u00fcr ein fesselndes Spielerlebnis.","breadcrumb":{"@id":"https:\/\/ghostbusters-slots.com\/de\/about-us\/#breadcrumb"},"inLanguage":"ro-RO","potentialAction":[{"@type":"ReadAction","target":["https:\/\/ghostbusters-slots.com\/de\/about-us\/"]}]},{"@type":"BreadcrumbList","@id":"https:\/\/ghostbusters-slots.com\/de\/about-us\/#breadcrumb","itemListElement":[{"@type":"ListItem","position":1,"name":"Home","item":"https:\/\/ghostbusters-slots.com\/"},{"@type":"ListItem","position":2,"name":"\u00dcber uns: Die Geheimnisse des Spiels &#8222;Ghostbusters&#8220; enth\u00fcllen"}]},{"@type":"WebSite","@id":"https:\/\/ghostbusters-slots.com\/#website","url":"https:\/\/ghostbusters-slots.com\/","name":"Ghostbusters Slot","description":"","publisher":{"@id":"https:\/\/ghostbusters-slots.com\/#organization"},"potentialAction":[{"@type":"SearchAction","target":{"@type":"EntryPoint","urlTemplate":"https:\/\/ghostbusters-slots.com\/?s={search_term_string}"},"query-input":{"@type":"PropertyValueSpecification","valueRequired":true,"valueName":"search_term_string"}}],"inLanguage":"ro-RO"},{"@type":"Organization","@id":"https:\/\/ghostbusters-slots.com\/#organization","name":"Ghostbusters Slot","url":"https:\/\/ghostbusters-slots.com\/","logo":{"@type":"ImageObject","inLanguage":"ro-RO","@id":"https:\/\/ghostbusters-slots.com\/#\/schema\/logo\/image\/","url":"https:\/\/ghostbusters-slots.com\/wp-content\/uploads\/ghostbusters-movie-png-logo-1-e1701219327849.png","contentUrl":"https:\/\/ghostbusters-slots.com\/wp-content\/uploads\/ghostbusters-movie-png-logo-1-e1701219327849.png","width":800,"height":200,"caption":"Ghostbusters Slot"},"image":{"@id":"https:\/\/ghostbusters-slots.com\/#\/schema\/logo\/image\/"}}]}},"_links":{"self":[{"href":"https:\/\/ghostbusters-slots.com\/ro\/wp-json\/wp\/v2\/pages\/17","targetHints":{"allow":["GET"]}}],"collection":[{"href":"https:\/\/ghostbusters-slots.com\/ro\/wp-json\/wp\/v2\/pages"}],"about":[{"href":"https:\/\/ghostbusters-slots.com\/ro\/wp-json\/wp\/v2\/types\/page"}],"author":[{"embeddable":true,"href":"https:\/\/ghostbusters-slots.com\/ro\/wp-json\/wp\/v2\/users\/1"}],"replies":[{"embeddable":true,"href":"https:\/\/ghostbusters-slots.com\/ro\/wp-json\/wp\/v2\/comments?post=17"}],"version-history":[{"count":23,"href":"https:\/\/ghostbusters-slots.com\/ro\/wp-json\/wp\/v2\/pages\/17\/revisions"}],"predecessor-version":[{"id":175,"href":"https:\/\/ghostbusters-slots.com\/ro\/wp-json\/wp\/v2\/pages\/17\/revisions\/175"}],"wp:attachment":[{"href":"https:\/\/ghostbusters-slots.com\/ro\/wp-json\/wp\/v2\/media?parent=17"}],"curies":[{"name":"wp","href":"https:\/\/api.w.org\/{rel}","templated":true}]}}