{"id":7,"date":"2023-11-27T23:19:29","date_gmt":"2023-11-27T23:19:29","guid":{"rendered":"https:\/\/ghostbusters-slots.com\/?page_id=7"},"modified":"2024-06-11T22:09:47","modified_gmt":"2024-06-11T22:09:47","slug":"ghostbusters-slot","status":"publish","type":"page","link":"https:\/\/ghostbusters-slots.com\/ro\/","title":{"rendered":"Slotul Ghostbusters: O lume a fantomelor \u0219i a c\u00e2\u0219tigurilor mari"},"content":{"rendered":"<p>Bine a\u021bi venit pe site-ul nostru dedicat palpitantei lumi a slotului &#8222;Ghostbusters&#8221;! Acest slot captivant poart\u0103 spiritul aventurii \u0219i ofer\u0103 ocazia de a c\u00e2\u0219tiga premii mari. S\u0103 ne cufund\u0103m \u00een lumea fantomelor \u0219i a c\u00e2\u0219tigurilor incredibile!<\/p>\n<h2>Ce este &#8222;Ghostbusters&#8221;?<\/h2>\n<p>&#8222;Ghostbusters&#8221; este un slot captivant bazat pe filmul popular cu acela\u0219i nume. Dezvoltat folosind tehnologii avansate, acest slot ofer\u0103 o experien\u021b\u0103 de joc unic\u0103 cu grafic\u0103 captivant\u0103, un plot palpitant \u0219i multe oportunit\u0103\u021bi de c\u00e2\u0219tig.<\/p>\n<h2>Reguli de joc<\/h2>\n<p>\u00cenainte de a \u00eencepe s\u0103 \u00eenv\u00e2rti\u021bi rolele, s\u0103 ne familiariz\u0103m cu regulile de baz\u0103 ale slotului &#8222;Ghostbusters.&#8221; Slotul const\u0103 din cinci role \u0219i treizeci de linii de plat\u0103, cre\u00e2nd multe oportunit\u0103\u021bi de a forma combina\u021bii c\u00e2\u0219tig\u0103toare. Pentru a \u00eencepe jocul, trebuie s\u0103 selecta\u021bi m\u0103rimea pariului \u0219i num\u0103rul de linii pe care dori\u021bi s\u0103 le activa\u021bi. Apoi, pur \u0219i simplu ap\u0103sa\u021bi butonul &#8222;Spin&#8221; \u0219i bucura\u021bi-v\u0103 de procesul palpitant!<\/p>\n<p>Simbolurile principale includ imagini ale personajelor principale din filmul &#8222;Ghostbusters&#8221;, precum \u0219i diverse obiecte legate de profesia lor. Pentru a c\u00e2\u0219tiga, trebuie s\u0103 aduna\u021bi combina\u021bii de simboluri identice pe liniile de plat\u0103 active.<\/p>\n<h2>Plotul jocului<\/h2>\n<p>&#8222;Ghostbusters&#8221; v\u0103 duce \u00een lumea palpitant\u0103 a v\u00e2n\u0103torii de fantome. Sarcina dumneavoastr\u0103 este s\u0103 v\u0103 al\u0103tura\u021bi echipei de v\u00e2n\u0103tori de fantome \u0219i s\u0103 \u00eei ajuta\u021bi s\u0103 scape de creaturile amenin\u021b\u0103toare care b\u00e2ntuie rolele. Cu fiecare rotire reu\u0219it\u0103, v\u0103 apropia\u021bi de rundele bonus palpitante, unde v\u0103 a\u0219teapt\u0103 \u0219anse suplimentare de c\u00e2\u0219tig \u0219i aventuri captivante.<\/p>\n<h2>Desc\u0103rca\u021bi jocul<\/h2>\n<p>Pentru o imersiune complet\u0103 \u00een lumea &#8222;Ghostbusters,&#8221; v\u0103 oferim ocazia de a desc\u0103rca jocul pe dispozitivul dumneavoastr\u0103. Acest lucru va asigura un joc mai fluid, timpi de \u00eenc\u0103rcare mai rapizi \u0219i acces la joc \u00een orice moment convenabil. Pur \u0219i simplu urma\u021bi instruc\u021biunile de pe site-ul nostru pentru a desc\u0103rca \u0219i instala jocul.<\/p>\n<h2>\u00centreb\u0103ri frecvente<\/h2>\n<p>Pentru a v\u0103 face experien\u021ba de joc mai u\u0219oar\u0103, am compilat cele mai frecvente \u00eentreb\u0103ri despre &#8222;Ghostbusters.&#8221; Aici ve\u021bi g\u0103si sfaturi utile, strategii \u0219i informa\u021bii despre cum s\u0103 maximiza\u021bi experien\u021ba de joc.<\/p>\n<p><strong>1. Cum \u00eemi pot cre\u0219te \u0219ansele de c\u00e2\u0219tig?<\/strong><\/p>\n<ul>\n<li>Stabili\u021bi un buget \u0219i o m\u0103rime a pariului \u00eenainte de a \u00eencepe jocul.<\/li>\n<li>Folosi\u021bi toate liniile de plat\u0103 disponibile pentru a maximiza oportunit\u0103\u021bile de c\u00e2\u0219tig.<\/li>\n<\/ul>\n<p><strong>2. Exist\u0103 runde bonus \u00een joc?<\/strong><\/p>\n<ul>\n<li>Da, &#8222;Ghostbusters&#8221; ofer\u0103 runde bonus captivante cu oportunit\u0103\u021bi suplimentare de c\u00e2\u0219tig.<\/li>\n<\/ul>\n<p><strong>3. Care simboluri sunt considerate cele mai valoroase?<\/strong><\/p>\n<ul>\n<li>Simbolurile personajelor principale \u0219i logo-ul jocului aduc de obicei cele mai mari c\u00e2\u0219tiguri.<\/li>\n<\/ul>\n<h2>Joac\u0103 gratuit<\/h2>\n<p>Nu vre\u021bi s\u0103 v\u0103 risca\u021bi fondurile? Pe site-ul nostru, pute\u021bi juca &#8222;Ghostbusters&#8221; absolut gratuit! Modul de joc gratuit v\u0103 permite s\u0103 v\u0103 bucura\u021bi de toate beneficiile slotului f\u0103r\u0103 niciun cost financiar. Aceasta este modalitatea perfect\u0103 de a v\u0103 familiariza cu jocul \u00eenainte de a decide s\u0103 paria\u021bi bani reali.<\/p>\n<h2>Depuneri \u0219i retrageri<\/h2>\n<p>C\u00e2nd sunte\u021bi gata s\u0103 trece\u021bi la pariuri reale \u0219i s\u0103 experimenta\u021bi adev\u0103rata emo\u021bie, oferim metode convenabile pentru depunerea fondurilor. Pute\u021bi utiliza diverse sisteme de plat\u0103 pentru a v\u0103 alimenta rapid \u0219i sigur contul de joc.<\/p>\n<p>Dup\u0103 c\u00e2\u0219tiguri reu\u0219ite, ave\u021bi acces \u0219i la un proces convenabil de retragere. Pur \u0219i simplu alege\u021bi metoda de retragere preferat\u0103 \u0219i bucura\u021bi-v\u0103 de c\u00e2\u0219tigurile bine meritate.<\/p>\n<p>Nu rata\u021bi ocazia de a v\u0103 cufunda \u00een lumea palpitant\u0103 a &#8222;Ghostbusters&#8221; chiar acum! Desc\u0103rca\u021bi jocul, \u00eenv\u0103\u021ba\u021bi regulile, juca\u021bi gratuit \u0219i c\u00e2\u0219tiga\u021bi premii mari. Mult noroc \u00een aventura de v\u00e2n\u0103toare de fantome!<\/p>\n","protected":false},"excerpt":{"rendered":"<p>Bine a\u021bi venit pe site-ul nostru dedicat palpitantei lumi a slotului &#8222;Ghostbusters&#8221;! Acest slot captivant poart\u0103 spiritul aventurii \u0219i ofer\u0103 ocazia de a c\u00e2\u0219tiga premii mari. S\u0103 ne cufund\u0103m \u00een lumea fantomelor \u0219i a c\u00e2\u0219tigurilor incredibile! Ce este &#8222;Ghostbusters&#8221;? &#8222;Ghostbusters&#8221; este un slot captivant bazat pe filmul popular cu acela\u0219i nume. Dezvoltat folosind tehnologii avansate, [&hellip;]<\/p>\n","protected":false},"author":1,"featured_media":0,"parent":0,"menu_order":0,"comment_status":"closed","ping_status":"closed","template":"templates\/template-page-full-width.php","meta":{"footnotes":""},"class_list":["post-7","page","type-page","status-publish","hentry"],"yoast_head":"<!-- This site is optimized with the Yoast SEO plugin v27.2 - https:\/\/yoast.com\/product\/yoast-seo-wordpress\/ -->\n<title>Ghostbusters: \u0417\u0430\u0445\u0432\u0430\u0442\u044b\u0432\u0430\u044e\u0449\u0438\u0439 \u0441\u043b\u043e\u0442 \u0441 \u043f\u0440\u0438\u0437\u0440\u0430\u0447\u043d\u044b\u043c\u0438 \u0432\u044b\u0438\u0433\u0440\u044b\u0448\u0430\u043c\u0438<\/title>\n<meta name=\"description\" content=\"Juca\u021bi slotul Ghostbusters - intra\u021bi \u00eentr-o lume plin\u0103 de aventuri fantomatice, c\u00e2\u0219tiga\u021bi premii mari \u0219i bucura\u021bi-v\u0103 de bonusuri palpitante. \u00cenregistrarea este gratuit\u0103!\" \/>\n<meta name=\"robots\" content=\"index, follow, max-snippet:-1, max-image-preview:large, max-video-preview:-1\" \/>\n<link rel=\"canonical\" href=\"https:\/\/ghostbusters-slots.com\/ro\/\" \/>\n<meta property=\"og:locale\" content=\"ro_RO\" \/>\n<meta property=\"og:locale:alternate\" content=\"ru_RU\" \/>\n<meta property=\"og:locale:alternate\" content=\"en_US\" \/>\n<meta property=\"og:locale:alternate\" content=\"pt_PT\" \/>\n<meta property=\"og:locale:alternate\" content=\"es_ES\" \/>\n<meta property=\"og:locale:alternate\" content=\"fr_FR\" \/>\n<meta property=\"og:locale:alternate\" content=\"de_DE\" \/>\n<meta property=\"og:locale:alternate\" content=\"sr_RS\" \/>\n<meta property=\"og:locale:alternate\" content=\"bg_BG\" \/>\n<meta property=\"og:locale:alternate\" content=\"pl_PL\" \/>\n<meta property=\"og:locale:alternate\" content=\"it_IT\" \/>\n<meta property=\"og:type\" content=\"article\" \/>\n<meta property=\"og:title\" content=\"Ghostbusters: \u0417\u0430\u0445\u0432\u0430\u0442\u044b\u0432\u0430\u044e\u0449\u0438\u0439 \u0441\u043b\u043e\u0442 \u0441 \u043f\u0440\u0438\u0437\u0440\u0430\u0447\u043d\u044b\u043c\u0438 \u0432\u044b\u0438\u0433\u0440\u044b\u0448\u0430\u043c\u0438\" \/>\n<meta property=\"og:description\" content=\"\u0418\u0433\u0440\u0430\u0439\u0442\u0435 \u0432 \u0441\u043b\u043e\u0442 Ghostbusters - \u043f\u043e\u0433\u0440\u0443\u0437\u0438\u0442\u0435\u0441\u044c \u0432 \u043c\u0438\u0440 \u043f\u0440\u0438\u0437\u0440\u0430\u0447\u043d\u044b\u0445 \u043f\u0440\u0438\u043a\u043b\u044e\u0447\u0435\u043d\u0438\u0439, \u0432\u044b\u0438\u0433\u0440\u044b\u0432\u0430\u0439\u0442\u0435 \u043a\u0440\u0443\u043f\u043d\u044b\u0435 \u043f\u0440\u0438\u0437\u044b \u0438 \u043d\u0430\u0441\u043b\u0430\u0436\u0434\u0430\u0439\u0442\u0435\u0441\u044c \u0437\u0430\u0445\u0432\u0430\u0442\u044b\u0432\u0430\u044e\u0449\u0438\u043c\u0438 \u0431\u043e\u043d\u0443\u0441\u0430\u043c\u0438. \u0420\u0435\u0433\u0438\u0441\u0442\u0440\u0430\u0446\u0438\u044f \u0431\u0435\u0441\u043f\u043b\u0430\u0442\u043d\u0430!\" \/>\n<meta property=\"og:url\" content=\"https:\/\/ghostbusters-slots.com\/ro\/\" \/>\n<meta property=\"og:site_name\" content=\"Ghostbusters Slot\" \/>\n<meta property=\"article:modified_time\" content=\"2024-06-11T22:09:47+00:00\" \/>\n<meta name=\"twitter:card\" content=\"summary_large_image\" \/>\n<meta name=\"twitter:label1\" content=\"Timp estimat pentru citire\" \/>\n\t<meta name=\"twitter:data1\" content=\"24 de minute\" \/>\n<script type=\"application\/ld+json\" class=\"yoast-schema-graph\">{\"@context\":\"https:\/\/schema.org\",\"@graph\":[{\"@type\":\"WebPage\",\"@id\":\"https:\/\/ghostbusters-slots.com\/\",\"url\":\"https:\/\/ghostbusters-slots.com\/\",\"name\":\"Ghostbusters: \u0417\u0430\u0445\u0432\u0430\u0442\u044b\u0432\u0430\u044e\u0449\u0438\u0439 \u0441\u043b\u043e\u0442 \u0441 \u043f\u0440\u0438\u0437\u0440\u0430\u0447\u043d\u044b\u043c\u0438 \u0432\u044b\u0438\u0433\u0440\u044b\u0448\u0430\u043c\u0438\",\"isPartOf\":{\"@id\":\"https:\/\/ghostbusters-slots.com\/#website\"},\"datePublished\":\"2023-11-27T23:19:29+00:00\",\"dateModified\":\"2024-06-11T22:09:47+00:00\",\"description\":\"\u0418\u0433\u0440\u0430\u0439\u0442\u0435 \u0432 \u0441\u043b\u043e\u0442 Ghostbusters - \u043f\u043e\u0433\u0440\u0443\u0437\u0438\u0442\u0435\u0441\u044c \u0432 \u043c\u0438\u0440 \u043f\u0440\u0438\u0437\u0440\u0430\u0447\u043d\u044b\u0445 \u043f\u0440\u0438\u043a\u043b\u044e\u0447\u0435\u043d\u0438\u0439, \u0432\u044b\u0438\u0433\u0440\u044b\u0432\u0430\u0439\u0442\u0435 \u043a\u0440\u0443\u043f\u043d\u044b\u0435 \u043f\u0440\u0438\u0437\u044b \u0438 \u043d\u0430\u0441\u043b\u0430\u0436\u0434\u0430\u0439\u0442\u0435\u0441\u044c \u0437\u0430\u0445\u0432\u0430\u0442\u044b\u0432\u0430\u044e\u0449\u0438\u043c\u0438 \u0431\u043e\u043d\u0443\u0441\u0430\u043c\u0438. \u0420\u0435\u0433\u0438\u0441\u0442\u0440\u0430\u0446\u0438\u044f \u0431\u0435\u0441\u043f\u043b\u0430\u0442\u043d\u0430!\",\"breadcrumb\":{\"@id\":\"https:\/\/ghostbusters-slots.com\/#breadcrumb\"},\"inLanguage\":\"ro-RO\",\"potentialAction\":[{\"@type\":\"ReadAction\",\"target\":[\"https:\/\/ghostbusters-slots.com\/\"]}]},{\"@type\":\"BreadcrumbList\",\"@id\":\"https:\/\/ghostbusters-slots.com\/#breadcrumb\",\"itemListElement\":[{\"@type\":\"ListItem\",\"position\":1,\"name\":\"Home\",\"item\":\"https:\/\/ghostbusters-slots.com\/\"},{\"@type\":\"ListItem\",\"position\":2,\"name\":\"\u0418\u0433\u0440\u043e\u0432\u043e\u0439 \u0430\u0432\u0442\u043e\u043c\u0430\u0442 Ghostbusters: \u043c\u0438\u0440 \u043f\u0440\u0438\u0437\u0440\u0430\u043a\u043e\u0432 \u0438 \u043a\u0440\u0443\u043f\u043d\u044b\u0445 \u0432\u044b\u0438\u0433\u0440\u044b\u0448\u0435\u0439\"}]},{\"@type\":\"WebSite\",\"@id\":\"https:\/\/ghostbusters-slots.com\/#website\",\"url\":\"https:\/\/ghostbusters-slots.com\/\",\"name\":\"Ghostbusters Slot\",\"description\":\"\",\"publisher\":{\"@id\":\"https:\/\/ghostbusters-slots.com\/#organization\"},\"potentialAction\":[{\"@type\":\"SearchAction\",\"target\":{\"@type\":\"EntryPoint\",\"urlTemplate\":\"https:\/\/ghostbusters-slots.com\/?s={search_term_string}\"},\"query-input\":{\"@type\":\"PropertyValueSpecification\",\"valueRequired\":true,\"valueName\":\"search_term_string\"}}],\"inLanguage\":\"ro-RO\"},{\"@type\":\"Organization\",\"@id\":\"https:\/\/ghostbusters-slots.com\/#organization\",\"name\":\"Ghostbusters Slot\",\"url\":\"https:\/\/ghostbusters-slots.com\/\",\"logo\":{\"@type\":\"ImageObject\",\"inLanguage\":\"ro-RO\",\"@id\":\"https:\/\/ghostbusters-slots.com\/#\/schema\/logo\/image\/\",\"url\":\"https:\/\/ghostbusters-slots.com\/wp-content\/uploads\/ghostbusters-movie-png-logo-1-e1701219327849.png\",\"contentUrl\":\"https:\/\/ghostbusters-slots.com\/wp-content\/uploads\/ghostbusters-movie-png-logo-1-e1701219327849.png\",\"width\":800,\"height\":200,\"caption\":\"Ghostbusters Slot\"},\"image\":{\"@id\":\"https:\/\/ghostbusters-slots.com\/#\/schema\/logo\/image\/\"}}]}<\/script>\n<!-- \/ Yoast SEO plugin. -->","yoast_head_json":{"title":"Ghostbusters: \u0417\u0430\u0445\u0432\u0430\u0442\u044b\u0432\u0430\u044e\u0449\u0438\u0439 \u0441\u043b\u043e\u0442 \u0441 \u043f\u0440\u0438\u0437\u0440\u0430\u0447\u043d\u044b\u043c\u0438 \u0432\u044b\u0438\u0433\u0440\u044b\u0448\u0430\u043c\u0438","description":"Juca\u021bi slotul Ghostbusters - intra\u021bi \u00eentr-o lume plin\u0103 de aventuri fantomatice, c\u00e2\u0219tiga\u021bi premii mari \u0219i bucura\u021bi-v\u0103 de bonusuri palpitante. \u00cenregistrarea este gratuit\u0103!","robots":{"index":"index","follow":"follow","max-snippet":"max-snippet:-1","max-image-preview":"max-image-preview:large","max-video-preview":"max-video-preview:-1"},"canonical":"https:\/\/ghostbusters-slots.com\/ro\/","og_locale":"ro_RO","og_type":"article","og_title":"Ghostbusters: \u0417\u0430\u0445\u0432\u0430\u0442\u044b\u0432\u0430\u044e\u0449\u0438\u0439 \u0441\u043b\u043e\u0442 \u0441 \u043f\u0440\u0438\u0437\u0440\u0430\u0447\u043d\u044b\u043c\u0438 \u0432\u044b\u0438\u0433\u0440\u044b\u0448\u0430\u043c\u0438","og_description":"\u0418\u0433\u0440\u0430\u0439\u0442\u0435 \u0432 \u0441\u043b\u043e\u0442 Ghostbusters - \u043f\u043e\u0433\u0440\u0443\u0437\u0438\u0442\u0435\u0441\u044c \u0432 \u043c\u0438\u0440 \u043f\u0440\u0438\u0437\u0440\u0430\u0447\u043d\u044b\u0445 \u043f\u0440\u0438\u043a\u043b\u044e\u0447\u0435\u043d\u0438\u0439, \u0432\u044b\u0438\u0433\u0440\u044b\u0432\u0430\u0439\u0442\u0435 \u043a\u0440\u0443\u043f\u043d\u044b\u0435 \u043f\u0440\u0438\u0437\u044b \u0438 \u043d\u0430\u0441\u043b\u0430\u0436\u0434\u0430\u0439\u0442\u0435\u0441\u044c \u0437\u0430\u0445\u0432\u0430\u0442\u044b\u0432\u0430\u044e\u0449\u0438\u043c\u0438 \u0431\u043e\u043d\u0443\u0441\u0430\u043c\u0438. \u0420\u0435\u0433\u0438\u0441\u0442\u0440\u0430\u0446\u0438\u044f \u0431\u0435\u0441\u043f\u043b\u0430\u0442\u043d\u0430!","og_url":"https:\/\/ghostbusters-slots.com\/ro\/","og_site_name":"Ghostbusters Slot","article_modified_time":"2024-06-11T22:09:47+00:00","twitter_card":"summary_large_image","twitter_misc":{"Timp estimat pentru citire":"24 de minute"},"schema":{"@context":"https:\/\/schema.org","@graph":[{"@type":"WebPage","@id":"https:\/\/ghostbusters-slots.com\/","url":"https:\/\/ghostbusters-slots.com\/","name":"Ghostbusters: \u0417\u0430\u0445\u0432\u0430\u0442\u044b\u0432\u0430\u044e\u0449\u0438\u0439 \u0441\u043b\u043e\u0442 \u0441 \u043f\u0440\u0438\u0437\u0440\u0430\u0447\u043d\u044b\u043c\u0438 \u0432\u044b\u0438\u0433\u0440\u044b\u0448\u0430\u043c\u0438","isPartOf":{"@id":"https:\/\/ghostbusters-slots.com\/#website"},"datePublished":"2023-11-27T23:19:29+00:00","dateModified":"2024-06-11T22:09:47+00:00","description":"\u0418\u0433\u0440\u0430\u0439\u0442\u0435 \u0432 \u0441\u043b\u043e\u0442 Ghostbusters - \u043f\u043e\u0433\u0440\u0443\u0437\u0438\u0442\u0435\u0441\u044c \u0432 \u043c\u0438\u0440 \u043f\u0440\u0438\u0437\u0440\u0430\u0447\u043d\u044b\u0445 \u043f\u0440\u0438\u043a\u043b\u044e\u0447\u0435\u043d\u0438\u0439, \u0432\u044b\u0438\u0433\u0440\u044b\u0432\u0430\u0439\u0442\u0435 \u043a\u0440\u0443\u043f\u043d\u044b\u0435 \u043f\u0440\u0438\u0437\u044b \u0438 \u043d\u0430\u0441\u043b\u0430\u0436\u0434\u0430\u0439\u0442\u0435\u0441\u044c \u0437\u0430\u0445\u0432\u0430\u0442\u044b\u0432\u0430\u044e\u0449\u0438\u043c\u0438 \u0431\u043e\u043d\u0443\u0441\u0430\u043c\u0438. \u0420\u0435\u0433\u0438\u0441\u0442\u0440\u0430\u0446\u0438\u044f \u0431\u0435\u0441\u043f\u043b\u0430\u0442\u043d\u0430!","breadcrumb":{"@id":"https:\/\/ghostbusters-slots.com\/#breadcrumb"},"inLanguage":"ro-RO","potentialAction":[{"@type":"ReadAction","target":["https:\/\/ghostbusters-slots.com\/"]}]},{"@type":"BreadcrumbList","@id":"https:\/\/ghostbusters-slots.com\/#breadcrumb","itemListElement":[{"@type":"ListItem","position":1,"name":"Home","item":"https:\/\/ghostbusters-slots.com\/"},{"@type":"ListItem","position":2,"name":"\u0418\u0433\u0440\u043e\u0432\u043e\u0439 \u0430\u0432\u0442\u043e\u043c\u0430\u0442 Ghostbusters: \u043c\u0438\u0440 \u043f\u0440\u0438\u0437\u0440\u0430\u043a\u043e\u0432 \u0438 \u043a\u0440\u0443\u043f\u043d\u044b\u0445 \u0432\u044b\u0438\u0433\u0440\u044b\u0448\u0435\u0439"}]},{"@type":"WebSite","@id":"https:\/\/ghostbusters-slots.com\/#website","url":"https:\/\/ghostbusters-slots.com\/","name":"Ghostbusters Slot","description":"","publisher":{"@id":"https:\/\/ghostbusters-slots.com\/#organization"},"potentialAction":[{"@type":"SearchAction","target":{"@type":"EntryPoint","urlTemplate":"https:\/\/ghostbusters-slots.com\/?s={search_term_string}"},"query-input":{"@type":"PropertyValueSpecification","valueRequired":true,"valueName":"search_term_string"}}],"inLanguage":"ro-RO"},{"@type":"Organization","@id":"https:\/\/ghostbusters-slots.com\/#organization","name":"Ghostbusters Slot","url":"https:\/\/ghostbusters-slots.com\/","logo":{"@type":"ImageObject","inLanguage":"ro-RO","@id":"https:\/\/ghostbusters-slots.com\/#\/schema\/logo\/image\/","url":"https:\/\/ghostbusters-slots.com\/wp-content\/uploads\/ghostbusters-movie-png-logo-1-e1701219327849.png","contentUrl":"https:\/\/ghostbusters-slots.com\/wp-content\/uploads\/ghostbusters-movie-png-logo-1-e1701219327849.png","width":800,"height":200,"caption":"Ghostbusters Slot"},"image":{"@id":"https:\/\/ghostbusters-slots.com\/#\/schema\/logo\/image\/"}}]}},"_links":{"self":[{"href":"https:\/\/ghostbusters-slots.com\/ro\/wp-json\/wp\/v2\/pages\/7","targetHints":{"allow":["GET"]}}],"collection":[{"href":"https:\/\/ghostbusters-slots.com\/ro\/wp-json\/wp\/v2\/pages"}],"about":[{"href":"https:\/\/ghostbusters-slots.com\/ro\/wp-json\/wp\/v2\/types\/page"}],"author":[{"embeddable":true,"href":"https:\/\/ghostbusters-slots.com\/ro\/wp-json\/wp\/v2\/users\/1"}],"replies":[{"embeddable":true,"href":"https:\/\/ghostbusters-slots.com\/ro\/wp-json\/wp\/v2\/comments?post=7"}],"version-history":[{"count":24,"href":"https:\/\/ghostbusters-slots.com\/ro\/wp-json\/wp\/v2\/pages\/7\/revisions"}],"predecessor-version":[{"id":174,"href":"https:\/\/ghostbusters-slots.com\/ro\/wp-json\/wp\/v2\/pages\/7\/revisions\/174"}],"wp:attachment":[{"href":"https:\/\/ghostbusters-slots.com\/ro\/wp-json\/wp\/v2\/media?parent=7"}],"curies":[{"name":"wp","href":"https:\/\/api.w.org\/{rel}","templated":true}]}}